{"id":79783,"date":"2023-12-13T23:18:57","date_gmt":"2023-12-13T22:18:57","guid":{"rendered":"https:\/\/www.soanam.de\/?post_type=product&#038;p=79783"},"modified":"2023-12-13T23:22:08","modified_gmt":"2023-12-13T22:22:08","slug":"keep-your-hands-free-iphone-11-pro-modular-silicone-handyhuelle-und-handykette-in-schwarz","status":"publish","type":"product","link":"https:\/\/www.soanam.de\/fr\/produkt\/keep-your-hands-free-iphone-11-pro-modular-silicone-handyhuelle-und-handykette-in-schwarz\/","title":{"rendered":"Keep Your Hands Free iPhone 11 Pro Housse modulaire en silicone pour t\u00e9l\u00e9phone portable et cha\u00eene de t\u00e9l\u00e9phone portable en noir"},"content":{"rendered":"<h3>Description<\/h3>\n<p>Eine iPhone Handyh\u00fclle in Schwarz aus langlebigem, recyclebarem Kunststoff mit einer weichen Handschmeichel-Oberfl\u00e4che. Auf der Innenseite sorgt ein Mikrofaser-Futter daf\u00fcr, dass dein Telefon sanft und sicher sitzt.<\/p>\n<p>Toutes les coques de t\u00e9l\u00e9phone de cette entreprise prennent en charge la recharge sans fil avec des chargeurs certifi\u00e9s Qi et nos coques compatibles MagSafe te permettent d'utiliser en plus des accessoires comme notre Wallet avec MagSafe avec ta cha\u00eene de t\u00e9l\u00e9phone.<\/p>\n<p>Un ruban rond tress\u00e9 en taupe avec des pinces r\u00e9glables et des embouts interchangeables en or brillant, parfait pour une coque de t\u00e9l\u00e9phone XOUXOU.<\/p>\n<p><strong>Contenu de la livraison :<\/strong><br \/>\n1 Handyh\u00fclle und eine passende Band \/ Rope in Schwarz<\/p>","protected":false},"excerpt":{"rendered":"<p>Beschreibung Eine iPhone Handyh\u00fclle in Schwarz aus langlebigem, recyclebarem Kunststoff mit einer weichen Handschmeichel-Oberfl\u00e4che. Auf der Innenseite sorgt ein Mikrofaser-Futter daf\u00fcr, dass dein Telefon sanft und sicher sitzt. Alle Handyh\u00fcllen dieser Firma unterst\u00fctzen kabelloses Laden mit Qi-zertifizierten Ladeger\u00e4ten und unsere MagSafe-kompatiblen H\u00fcllen erm\u00f6glichen dir, zus\u00e4tzlich Accessoires wie unser Wallet mit MagSafe mit deiner Handykette zu [&hellip;]<\/p>\n","protected":false},"featured_media":79913,"comment_status":"open","ping_status":"closed","template":"","meta":{"_seopress_robots_primary_cat":"","_seopress_titles_title":"","_seopress_titles_desc":"","_seopress_robots_index":""},"product_brand":[],"product_cat":[1730],"product_tag":[],"class_list":{"0":"post-79783","1":"product","2":"type-product","3":"status-publish","4":"has-post-thumbnail","6":"product_cat-sonstiges-2","7":"product_shipping_class-standard-versand","9":"first","10":"instock","11":"sale","12":"taxable","13":"shipping-taxable","14":"purchasable","15":"product-type-simple"},"_links":{"self":[{"href":"https:\/\/www.soanam.de\/fr\/wp-json\/wp\/v2\/product\/79783","targetHints":{"allow":["GET"]}}],"collection":[{"href":"https:\/\/www.soanam.de\/fr\/wp-json\/wp\/v2\/product"}],"about":[{"href":"https:\/\/www.soanam.de\/fr\/wp-json\/wp\/v2\/types\/product"}],"replies":[{"embeddable":true,"href":"https:\/\/www.soanam.de\/fr\/wp-json\/wp\/v2\/comments?post=79783"}],"wp:featuredmedia":[{"embeddable":true,"href":"https:\/\/www.soanam.de\/fr\/wp-json\/wp\/v2\/media\/79913"}],"wp:attachment":[{"href":"https:\/\/www.soanam.de\/fr\/wp-json\/wp\/v2\/media?parent=79783"}],"wp:term":[{"taxonomy":"product_brand","embeddable":true,"href":"https:\/\/www.soanam.de\/fr\/wp-json\/wp\/v2\/product_brand?post=79783"},{"taxonomy":"product_cat","embeddable":true,"href":"https:\/\/www.soanam.de\/fr\/wp-json\/wp\/v2\/product_cat?post=79783"},{"taxonomy":"product_tag","embeddable":true,"href":"https:\/\/www.soanam.de\/fr\/wp-json\/wp\/v2\/product_tag?post=79783"}],"curies":[{"name":"wp","href":"https:\/\/api.w.org\/{rel}","templated":true}]}}