{"id":79782,"date":"2023-12-13T23:18:57","date_gmt":"2023-12-13T22:18:57","guid":{"rendered":"https:\/\/www.soanam.de\/?post_type=product&#038;p=79782"},"modified":"2023-12-13T23:22:01","modified_gmt":"2023-12-13T22:22:01","slug":"keep-your-hands-free-iphone-11-pro-modular-silicone-handy-cover-and-handy-chain-in-taupe","status":"publish","type":"product","link":"https:\/\/www.soanam.de\/fr\/produkt\/keep-your-hands-free-iphone-11-pro-modular-silicone-handyhuelle-und-handykette-in-taupe\/","title":{"rendered":"Keep Your Hands Free iPhone 11 Pro Housse modulaire en silicone pour t\u00e9l\u00e9phone portable et cha\u00eene de t\u00e9l\u00e9phone portable en taupe"},"content":{"rendered":"<h3>Description<\/h3>\n<p>Une coque de t\u00e9l\u00e9phone iPhone taupe en plastique durable et recyclable avec une surface douce au toucher. \u00c0 l'int\u00e9rieur, une doublure en microfibre permet \u00e0 ton t\u00e9l\u00e9phone de rester en place en douceur et en toute s\u00e9curit\u00e9.<\/p>\n<p>Toutes les coques de t\u00e9l\u00e9phone de cette entreprise prennent en charge la recharge sans fil avec des chargeurs certifi\u00e9s Qi et nos coques compatibles MagSafe te permettent d'utiliser en plus des accessoires comme notre Wallet avec MagSafe avec ta cha\u00eene de t\u00e9l\u00e9phone.<\/p>\n<p>Un ruban rond tress\u00e9 en taupe avec des pinces r\u00e9glables et des embouts interchangeables en or brillant, parfait pour une coque de t\u00e9l\u00e9phone XOUXOU.<\/p>\n<p><strong>Contenu de la livraison :<\/strong><br \/>\n1 \u00e9tui pour t\u00e9l\u00e9phone portable et un ruban \/ corde assorti(e) en taupe<\/p>","protected":false},"excerpt":{"rendered":"<p>Beschreibung Eine iPhone Handyh\u00fclle in Taupe aus langlebigem, recyclebarem Kunststoff mit einer weichen Handschmeichel-Oberfl\u00e4che. Auf der Innenseite sorgt ein Mikrofaser-Futter daf\u00fcr, dass dein Telefon sanft und sicher sitzt. Alle Handyh\u00fcllen dieser Firma unterst\u00fctzen kabelloses Laden mit Qi-zertifizierten Ladeger\u00e4ten und unsere MagSafe-kompatiblen H\u00fcllen erm\u00f6glichen dir, zus\u00e4tzlich Accessoires wie unser Wallet mit MagSafe mit deiner Handykette zu [&hellip;]<\/p>\n","protected":false},"featured_media":79908,"comment_status":"open","ping_status":"closed","template":"","meta":{"_seopress_robots_primary_cat":"","_seopress_titles_title":"","_seopress_titles_desc":"","_seopress_robots_index":""},"product_brand":[],"product_cat":[1730],"product_tag":[],"class_list":{"0":"post-79782","1":"product","2":"type-product","3":"status-publish","4":"has-post-thumbnail","6":"product_cat-sonstiges-2","7":"product_shipping_class-standard-versand","9":"first","10":"instock","11":"sale","12":"taxable","13":"shipping-taxable","14":"purchasable","15":"product-type-simple"},"_links":{"self":[{"href":"https:\/\/www.soanam.de\/fr\/wp-json\/wp\/v2\/product\/79782","targetHints":{"allow":["GET"]}}],"collection":[{"href":"https:\/\/www.soanam.de\/fr\/wp-json\/wp\/v2\/product"}],"about":[{"href":"https:\/\/www.soanam.de\/fr\/wp-json\/wp\/v2\/types\/product"}],"replies":[{"embeddable":true,"href":"https:\/\/www.soanam.de\/fr\/wp-json\/wp\/v2\/comments?post=79782"}],"wp:featuredmedia":[{"embeddable":true,"href":"https:\/\/www.soanam.de\/fr\/wp-json\/wp\/v2\/media\/79908"}],"wp:attachment":[{"href":"https:\/\/www.soanam.de\/fr\/wp-json\/wp\/v2\/media?parent=79782"}],"wp:term":[{"taxonomy":"product_brand","embeddable":true,"href":"https:\/\/www.soanam.de\/fr\/wp-json\/wp\/v2\/product_brand?post=79782"},{"taxonomy":"product_cat","embeddable":true,"href":"https:\/\/www.soanam.de\/fr\/wp-json\/wp\/v2\/product_cat?post=79782"},{"taxonomy":"product_tag","embeddable":true,"href":"https:\/\/www.soanam.de\/fr\/wp-json\/wp\/v2\/product_tag?post=79782"}],"curies":[{"name":"wp","href":"https:\/\/api.w.org\/{rel}","templated":true}]}}