{"id":79768,"date":"2023-12-13T23:18:22","date_gmt":"2023-12-13T22:18:22","guid":{"rendered":"https:\/\/www.soanam.de\/?post_type=product&#038;p=79768"},"modified":"2023-12-13T23:21:57","modified_gmt":"2023-12-13T22:21:57","slug":"5-bouchons-universels-en-silicone-pour-la-baignoire-tamis-de-vidange","status":"publish","type":"product","link":"https:\/\/www.soanam.de\/fr\/produkt\/5-stueck-abflussstopfen-universal-silikon-badewannenstoepsel-abflusssieb\/","title":{"rendered":"5 bouchons de vidange, bouchon de baignoire universel en silicone Tamis de vidange"},"content":{"rendered":"<h3>Description<\/h3>\n<p>Tamis \u00e0 cheveux multifonctionnel Cuisine Bouchon d'\u00e9vier, Id\u00e9al pour la salle de bains<\/p>\n<p>\u273fMat\u00e9riau de haute qualit\u00e9 : Fabriqu\u00e9 en silicone de haute qualit\u00e9 et de qualit\u00e9 alimentaire, il est respectueux de l'environnement, non toxique, doux et flexible. Il peut s'\u00e9couler efficacement et emp\u00eacher l'eau de couler, de fuir et de couper les cheveux et a une dur\u00e9e de vie plus longue.<br \/>\n\u273fDesign 2 en 1 : avec son design 2 en 1 avanc\u00e9, notre bouchon de bain est plus adapt\u00e9 pour emp\u00eacher les cheveux et les d\u00e9chets de couler dans la baignoire et pour \u00e9viter les obstructions inutiles. En outre, le bouchon de vidange est r\u00e9sistant \u00e0 la salet\u00e9 et lavable. Plus respectueux de l'environnement.<br \/>\n\u273fSimple \u00e0 utiliser : Super facile \u00e0 utiliser. Il vous suffit d'appuyer sur le centre du bouton et sur les bords pour plier afin de laisser passer l'eau et d'emp\u00eacher les cheveux ou autres objets de p\u00e9n\u00e9trer dans l'\u00e9gout. En appuyant sur la l\u00e8vre, vous fermez le bouchon de vidange. Gr\u00e2ce \u00e0 la conception sans fuite, l'eau peut remplir la baignoire.<br \/>\n\u273fApplication large : notre bouchon de vidange multifonctionnel peut \u00eatre utilis\u00e9 non seulement pour les \u00e9viers de cuisine et les lavabos, mais aussi pour la plupart des baignoires et des baignoires. En raison de sa fonction tr\u00e8s douce et flexible, il est plus facile d'adapter sa forme \u00e0 la plupart des bassins, lavabos, baignoires et canalisations.<\/p>\n<p><strong>Contenu de la livraison :<\/strong><br \/>\n5 bouchons de baignoire et passoire \u00e0 cheveux<\/p>","protected":false},"excerpt":{"rendered":"<h3>Caract\u00e9ristiques de l'article<\/h3>\n<p>\u00c9tat de l'article : Nouveau avec \u00e9tiquette : article neuf, non utilis\u00e9 et non port\u00e9 dans son emballage d'origine<\/p>\n<p>Spezifikation:<br \/>\nMaterial: TPR-Kunststoff + Zink-Aluminium<br \/>\nGr\u00f6\u00dfe: ca. 10cm Durchmesser<br \/>\nFarbe: gr\u00fcn + grau + pink + wei\u00df + blau<br \/>\nGewicht: ca. 40g\/St\u00fcck<br \/>\nForm: Runde<br \/>\nSt\u00fcckzahl\uff1a5<br \/>\nHersteller: SonJoy<br \/>\nEAN: 6274003775188<br \/>\nHerstellernummer: Kau-sj-05393<\/p>","protected":false},"featured_media":79901,"comment_status":"open","ping_status":"closed","template":"","meta":{"_seopress_robots_primary_cat":"","_seopress_titles_title":"","_seopress_titles_desc":"","_seopress_robots_index":""},"product_brand":[],"product_cat":[1400,1401],"product_tag":[],"class_list":{"0":"post-79768","1":"product","2":"type-product","3":"status-publish","4":"has-post-thumbnail","6":"product_cat-wohnzubehoer","7":"product_cat-haushaltswaren","8":"product_shipping_class-standard-versand","10":"first","11":"instock","12":"sale","13":"taxable","14":"shipping-taxable","15":"purchasable","16":"product-type-simple"},"_links":{"self":[{"href":"https:\/\/www.soanam.de\/fr\/wp-json\/wp\/v2\/product\/79768","targetHints":{"allow":["GET"]}}],"collection":[{"href":"https:\/\/www.soanam.de\/fr\/wp-json\/wp\/v2\/product"}],"about":[{"href":"https:\/\/www.soanam.de\/fr\/wp-json\/wp\/v2\/types\/product"}],"replies":[{"embeddable":true,"href":"https:\/\/www.soanam.de\/fr\/wp-json\/wp\/v2\/comments?post=79768"}],"wp:featuredmedia":[{"embeddable":true,"href":"https:\/\/www.soanam.de\/fr\/wp-json\/wp\/v2\/media\/79901"}],"wp:attachment":[{"href":"https:\/\/www.soanam.de\/fr\/wp-json\/wp\/v2\/media?parent=79768"}],"wp:term":[{"taxonomy":"product_brand","embeddable":true,"href":"https:\/\/www.soanam.de\/fr\/wp-json\/wp\/v2\/product_brand?post=79768"},{"taxonomy":"product_cat","embeddable":true,"href":"https:\/\/www.soanam.de\/fr\/wp-json\/wp\/v2\/product_cat?post=79768"},{"taxonomy":"product_tag","embeddable":true,"href":"https:\/\/www.soanam.de\/fr\/wp-json\/wp\/v2\/product_tag?post=79768"}],"curies":[{"name":"wp","href":"https:\/\/api.w.org\/{rel}","templated":true}]}}