{"id":79767,"date":"2023-12-13T23:18:22","date_gmt":"2023-12-13T22:18:22","guid":{"rendered":"https:\/\/www.soanam.de\/?post_type=product&#038;p=79767"},"modified":"2023-12-13T23:21:36","modified_gmt":"2023-12-13T22:21:36","slug":"nomon-pico-wall-clock","status":"publish","type":"product","link":"https:\/\/www.soanam.de\/fr\/produkt\/nomon-pico-wall-clock\/","title":{"rendered":"HORLOGE MURALE NOMON PICO"},"content":{"rendered":"<h3>\u00dcberragendes Design: Die Pico Wanduhr von Nomon<\/h3>\n<div>Die\u00a0Pico Wanduhr\u00a0\u00fcberzeugt durch ihr\u00a0minimalistisches und zudem au\u00dfergew\u00f6hnliches Design\u00a0\u2013 denn sie f\u00e4llt im wahrsten Sinne des Wortes aus dem Rahmen. Die Zeiger ragen bei der Designer Uhr \u00fcber das Zifferblatt hinaus. Durch das dezente Auftreten kann diese Uhr sich problemlos in jeden Raum einf\u00fcgen.<\/div>\n<h3>Design by Jos\u00e9 Mar\u00eda Reina<\/h3>\n<div>Der Designer ist Jos\u00e9 Mar\u00eda Reina, seine Entw\u00fcrfe sind\u00a0innovativ und transzendental, sowohl in der Form als auch in der Wahl der Materialien. Durch sein Talent wird der\u00a0\u00e4sthetische Wert der Uhr\u00a0in den Vordergrund gebracht und somit einem ansonsten allt\u00e4glichen Gegenstand mittels besonderer Formen und Materialien eine au\u00dfergew\u00f6hnliche Sch\u00f6nheit verliehen.<\/div>\n<h3>Nomon - Au\u00dferordentliches spanisches Handwerk trifft auf pr\u00e4zise deutsche Uhrentechnik<\/h3>\n<div><b>Nomon\u00a0<\/b>ist einer der f\u00fchrenden Hersteller von Uhren im Innenbereich. Der\u00a0spanische Hersteller\u00a0kreiert au\u00dfergew\u00f6hnliche Uhren, welche in\u00a0Handarbeitin einer ortsans\u00e4ssigen Manufaktur in Barcelona gefertigt werden.<\/div>\n<h3>Material und Format<\/h3>\n<div>Die Wanduhr besteht aus Holz, Polystyrol sowie Fiberglass. Sie hat einen Durchmesser von 40cm sowie eine Tiefe von 4,5cm. Im Inneren setzt Nomon auf bew\u00e4hrte deutsche Technik und verbaut ein Quarzuhrwerk aus Deutschland. Nomon verwendet ausschlie\u00dflich H\u00f6lzer aus nachhaltiger Forstwirtschaft und ist zertifiziert nach ECO-RAEE, PEFC und RoHS.<\/div>","protected":false},"excerpt":{"rendered":"<p>\u00dcberragendes Design: Die Pico Wanduhr von Nomon Die\u00a0Pico Wanduhr\u00a0\u00fcberzeugt durch ihr\u00a0minimalistisches und zudem au\u00dfergew\u00f6hnliches Design\u00a0\u2013 denn sie f\u00e4llt im wahrsten Sinne des Wortes aus dem Rahmen. Die Zeiger ragen bei der Designer Uhr \u00fcber das Zifferblatt hinaus. Durch das dezente Auftreten kann diese Uhr sich problemlos in jeden Raum einf\u00fcgen. Design by Jos\u00e9 Mar\u00eda Reina [&hellip;]<\/p>\n","protected":false},"featured_media":79895,"comment_status":"open","ping_status":"closed","template":"","meta":{"_seopress_robots_primary_cat":"","_seopress_titles_title":"","_seopress_titles_desc":"","_seopress_robots_index":""},"product_brand":[],"product_cat":[1400,1420],"product_tag":[],"class_list":{"0":"post-79767","1":"product","2":"type-product","3":"status-publish","4":"has-post-thumbnail","6":"product_cat-wohnzubehoer","7":"product_cat-wohndekoration","8":"product_shipping_class-standard-versand","10":"first","11":"instock","12":"taxable","13":"shipping-taxable","14":"purchasable","15":"product-type-simple"},"_links":{"self":[{"href":"https:\/\/www.soanam.de\/fr\/wp-json\/wp\/v2\/product\/79767","targetHints":{"allow":["GET"]}}],"collection":[{"href":"https:\/\/www.soanam.de\/fr\/wp-json\/wp\/v2\/product"}],"about":[{"href":"https:\/\/www.soanam.de\/fr\/wp-json\/wp\/v2\/types\/product"}],"replies":[{"embeddable":true,"href":"https:\/\/www.soanam.de\/fr\/wp-json\/wp\/v2\/comments?post=79767"}],"wp:featuredmedia":[{"embeddable":true,"href":"https:\/\/www.soanam.de\/fr\/wp-json\/wp\/v2\/media\/79895"}],"wp:attachment":[{"href":"https:\/\/www.soanam.de\/fr\/wp-json\/wp\/v2\/media?parent=79767"}],"wp:term":[{"taxonomy":"product_brand","embeddable":true,"href":"https:\/\/www.soanam.de\/fr\/wp-json\/wp\/v2\/product_brand?post=79767"},{"taxonomy":"product_cat","embeddable":true,"href":"https:\/\/www.soanam.de\/fr\/wp-json\/wp\/v2\/product_cat?post=79767"},{"taxonomy":"product_tag","embeddable":true,"href":"https:\/\/www.soanam.de\/fr\/wp-json\/wp\/v2\/product_tag?post=79767"}],"curies":[{"name":"wp","href":"https:\/\/api.w.org\/{rel}","templated":true}]}}