{"id":79751,"date":"2023-12-13T23:17:57","date_gmt":"2023-12-13T22:17:57","guid":{"rendered":"https:\/\/www.soanam.de\/?post_type=product&#038;p=79751"},"modified":"2023-12-13T23:21:17","modified_gmt":"2023-12-13T22:21:17","slug":"seesucht-manufaktur-landeier-herz-planche-a-decouper","status":"publish","type":"product","link":"https:\/\/www.soanam.de\/fr\/produkt\/seesucht-manufaktur-landeier-herz-schneidebrett\/","title":{"rendered":"Seesucht Manufaktur landeier Herz Planche \u00e0 d\u00e9couper"},"content":{"rendered":"<h3>Description<\/h3>\n<p>Une planche pour toutes les utilisations : pour des coupes nettes et des plaisirs frais. La bonne pi\u00e8ce r\u00e9siste \u00e0 beaucoup de choses. Et si vous n'avez pas l'habitude de pr\u00e9parer et de cuisiner, vous pouvez l'utiliser pour couper le pain, comme dessous de plat ou tout simplement la placer de mani\u00e8re d\u00e9corative dans votre cuisine et montrer ainsi votre amour pour les belles pi\u00e8ces artisanales. Un morceau de bois pour toutes les occasions.<\/p>\n<p>Elle est fabriqu\u00e9e \u00e0 la main dans notre petite manufacture au bord du lac de Constance - d\u00e9coup\u00e9e dans des planches de bois massif, rabot\u00e9e, finement ponc\u00e9e et finie \u00e0 la main avec de l'huile naturelle pure. Chaque planche est unique et la perfection de la finition est visible et palpable. On tient donc entre les mains un produit qui n'a pas seulement l'air naturel, mais qui l'est vraiment.<\/p>","protected":false},"excerpt":{"rendered":"<h3>Caract\u00e9ristiques de l'article<\/h3>\n<p>\u00c9tat de l'article : Nouveau avec \u00e9tiquette : article neuf, non utilis\u00e9 et non port\u00e9 dans son emballage d'origine<\/p>\n<p>Ma\u00dfe: 27 x 16 x 1,1 cm<\/p>\n<p>Da es sich um ein Naturprodukt handelt, ist jedes Produkt in Form und Muster einzigartig! Die Ma\u00dfe, Musterung und Form k\u00f6nnen variieren.<\/p>\n<p><strong>Bitte von Hand sp\u00fclen!<\/strong><\/p>\n<p>Holzart: Eiche oder Nuss<\/p>\n<p>Stabiles, festes und hochwertiges Massivholz.<\/p>\n<p>Behandlung der Oberfl\u00e4che mit nat\u00fcrlichenm und speichelechtem \u00d6l.<\/p>","protected":false},"featured_media":79890,"comment_status":"open","ping_status":"closed","template":"","meta":{"_seopress_robots_primary_cat":"","_seopress_titles_title":"","_seopress_titles_desc":"","_seopress_robots_index":""},"product_brand":[],"product_cat":[1400,1401],"product_tag":[],"class_list":{"0":"post-79751","1":"product","2":"type-product","3":"status-publish","4":"has-post-thumbnail","6":"product_cat-wohnzubehoer","7":"product_cat-haushaltswaren","8":"product_shipping_class-standard-versand","10":"first","11":"instock","12":"sale","13":"taxable","14":"shipping-taxable","15":"purchasable","16":"product-type-simple"},"_links":{"self":[{"href":"https:\/\/www.soanam.de\/fr\/wp-json\/wp\/v2\/product\/79751","targetHints":{"allow":["GET"]}}],"collection":[{"href":"https:\/\/www.soanam.de\/fr\/wp-json\/wp\/v2\/product"}],"about":[{"href":"https:\/\/www.soanam.de\/fr\/wp-json\/wp\/v2\/types\/product"}],"replies":[{"embeddable":true,"href":"https:\/\/www.soanam.de\/fr\/wp-json\/wp\/v2\/comments?post=79751"}],"wp:featuredmedia":[{"embeddable":true,"href":"https:\/\/www.soanam.de\/fr\/wp-json\/wp\/v2\/media\/79890"}],"wp:attachment":[{"href":"https:\/\/www.soanam.de\/fr\/wp-json\/wp\/v2\/media?parent=79751"}],"wp:term":[{"taxonomy":"product_brand","embeddable":true,"href":"https:\/\/www.soanam.de\/fr\/wp-json\/wp\/v2\/product_brand?post=79751"},{"taxonomy":"product_cat","embeddable":true,"href":"https:\/\/www.soanam.de\/fr\/wp-json\/wp\/v2\/product_cat?post=79751"},{"taxonomy":"product_tag","embeddable":true,"href":"https:\/\/www.soanam.de\/fr\/wp-json\/wp\/v2\/product_tag?post=79751"}],"curies":[{"name":"wp","href":"https:\/\/api.w.org\/{rel}","templated":true}]}}