{"id":79749,"date":"2023-12-13T23:17:56","date_gmt":"2023-12-13T22:17:56","guid":{"rendered":"https:\/\/www.soanam.de\/?post_type=product&#038;p=79749"},"modified":"2023-12-13T23:21:01","modified_gmt":"2023-12-13T22:21:01","slug":"buffalo-sweatpants-mit-glaenzenden-pipings-in-caramel-groesse-36-38","status":"publish","type":"product","link":"https:\/\/www.soanam.de\/fr\/produkt\/buffalo-sweatpants-mit-glaenzenden-pipings-in-caramel-groesse-36-38\/","title":{"rendered":"Buffalo Sweatpants mit gl\u00e4nzenden Pipings, in Caramel, Gr\u00f6\u00dfe 36\/38"},"content":{"rendered":"<p>Sweathose mit Pipings von Buffalo<br \/>\nBreiter, elastischer Hosenbund mit Kordel<br \/>\nB\u00fcndchen am Beinsaum<br \/>\nLogostickerei in Glanzgarn<br \/>\nFeine, weiche Qualit\u00e4t mit Baumwollanteil<\/p>\n<p>Das bequeme Material aus Baumwollmischung sorgt f\u00fcr ein tolles Wohlgef\u00fchl auf deiner Haut.<br \/>\nDas Piping an den Hosenbeinen verleiht der Jogginghose von Buffalo einen optischen Kick.<br \/>\nAbgerundet wird der smarte Look durch die Kordeln am elastischen Hosenbund.<\/p>\n<p>Mat\u00e9riau : 65% coton , 35% polyester<br \/>\nConseils d'entretien : Lavage en machine<\/p>\n<p>Farbe: caramel<br \/>\n\u00c9chantillon : sans<br \/>\nTaille : 36\/38<\/p>\n<p>Tour de taille : 72cm<br \/>\nTour de hanches : 100cm<br \/>\nLongueur d'entrejambe : 79cm<br \/>\nlongueur totale : 103cm<\/p>","protected":false},"excerpt":{"rendered":"<table class=\"dv_characteristicsTable\">\n<tbody>\n<tr>\n<td class=\"left\">Taille<\/td>\n<td>36\/38<\/td>\n<\/tr>\n<tr>\n<td class=\"left\">Gr\u00f6\u00dfentyp<\/td>\n<td>Normalgr\u00f6\u00dfen<\/td>\n<\/tr>\n<tr>\n<td class=\"left\">Composition du mat\u00e9riau<\/td>\n<td>Obermaterial: 65% Baumwolle\u00a0, 35% Polyester<\/td>\n<\/tr>\n<tr>\n<td class=\"left\">Materialart<\/td>\n<td>Sweatware<\/td>\n<\/tr>\n<tr>\n<td class=\"left\">Conseils d'entretien<\/td>\n<td>Lavage en machine<\/td>\n<\/tr>\n<tr>\n<td class=\"left\">Optik<\/td>\n<td>unifarben<\/td>\n<\/tr>\n<tr>\n<td class=\"left\">Stil<\/td>\n<td>Basic<\/td>\n<\/tr>\n<tr>\n<td class=\"left\">Couleur<\/td>\n<td>caramel<\/td>\n<\/tr>\n<tr>\n<td class=\"left\">Leibh\u00f6he<\/td>\n<td>sitzt auf der H\u00fcfte<\/td>\n<\/tr>\n<tr>\n<td class=\"left\">Beinform<\/td>\n<td>weit, unten schmal<\/td>\n<\/tr>\n<tr>\n<td class=\"left\">Coupe<\/td>\n<td>bequem<\/td>\n<\/tr>\n<tr>\n<td class=\"left\">Schnittform L\u00e4nge<\/td>\n<td>lang<\/td>\n<\/tr>\n<tr>\n<td class=\"left\">Besondere Merkmale<\/td>\n<td>mit gl\u00e4nzenden Pipings<\/td>\n<\/tr>\n<\/tbody>\n<\/table>","protected":false},"featured_media":79877,"comment_status":"open","ping_status":"closed","template":"","meta":{"_seopress_robots_primary_cat":"","_seopress_titles_title":"","_seopress_titles_desc":"","_seopress_robots_index":""},"product_brand":[],"product_cat":[1348,1402,1584],"product_tag":[],"class_list":{"0":"post-79749","1":"product","2":"type-product","3":"status-publish","4":"has-post-thumbnail","6":"product_cat-damen-mode","7":"product_cat-sportbekleidung-damen-mode","8":"product_cat-jogginghosen-sportbekleidung-damen-mode","9":"product_shipping_class-standard-versand","11":"first","12":"instock","13":"taxable","14":"shipping-taxable","15":"purchasable","16":"product-type-simple"},"_links":{"self":[{"href":"https:\/\/www.soanam.de\/fr\/wp-json\/wp\/v2\/product\/79749","targetHints":{"allow":["GET"]}}],"collection":[{"href":"https:\/\/www.soanam.de\/fr\/wp-json\/wp\/v2\/product"}],"about":[{"href":"https:\/\/www.soanam.de\/fr\/wp-json\/wp\/v2\/types\/product"}],"replies":[{"embeddable":true,"href":"https:\/\/www.soanam.de\/fr\/wp-json\/wp\/v2\/comments?post=79749"}],"wp:featuredmedia":[{"embeddable":true,"href":"https:\/\/www.soanam.de\/fr\/wp-json\/wp\/v2\/media\/79877"}],"wp:attachment":[{"href":"https:\/\/www.soanam.de\/fr\/wp-json\/wp\/v2\/media?parent=79749"}],"wp:term":[{"taxonomy":"product_brand","embeddable":true,"href":"https:\/\/www.soanam.de\/fr\/wp-json\/wp\/v2\/product_brand?post=79749"},{"taxonomy":"product_cat","embeddable":true,"href":"https:\/\/www.soanam.de\/fr\/wp-json\/wp\/v2\/product_cat?post=79749"},{"taxonomy":"product_tag","embeddable":true,"href":"https:\/\/www.soanam.de\/fr\/wp-json\/wp\/v2\/product_tag?post=79749"}],"curies":[{"name":"wp","href":"https:\/\/api.w.org\/{rel}","templated":true}]}}