{"id":79707,"date":"2023-12-13T23:17:08","date_gmt":"2023-12-13T22:17:08","guid":{"rendered":"https:\/\/www.soanam.de\/?post_type=product&#038;p=79707"},"modified":"2023-12-13T23:20:04","modified_gmt":"2023-12-13T22:20:04","slug":"wmf-gourmet-pot-dherbes-aromatiques-avec-systeme-dirrigation-3-pieces-jardin-dherbes-aromatiques-pour-la-cuisine","status":"publish","type":"product","link":"https:\/\/www.soanam.de\/fr\/produkt\/wmf-gourmet-kraeutertopf-mit-bewaesserungssystem-3-teilig-kraeutergarten-fuer-die-kueche\/","title":{"rendered":"WMF Gourmet Pot \u00e0 herbes aromatiques avec syst\u00e8me d'arrosage 3 pi\u00e8ces, jardin d'herbes aromatiques pour la cuisine"},"content":{"rendered":"<h3>Description<\/h3>\n<p>WMF Gourmet Pot \u00e0 herbes aromatiques avec syst\u00e8me d'arrosage 3 pi\u00e8ces, jardin d'herbes aromatiques pour la cuisine, 36x 12,5x 12,5 cm, pour des herbes fra\u00eeches de cuisine, blanc<\/p>\n<p>Le jardin d'herbes aromatiques d'int\u00e9rieur WMF en acier inoxydable poli et en plastique blanc de haute qualit\u00e9 est un r\u00eave pour tous les cuisiniers amateurs ou les amateurs de plantes. Les herbes aromatiques donnent une touche de fra\u00eecheur particuli\u00e8re aux plats, surtout lorsqu'elles sont r\u00e9colt\u00e9es par vos soins. Cela fonctionne \u00e9galement sur un rebord de fen\u00eatre dans la cuisine, car pour pousser, les herbes ont seulement besoin d'un bon emplacement et d'eau. Le syst\u00e8me d'arrosage du jardin d'herbes aromatiques aide \u00e0 trouver le bon dosage. Gr\u00e2ce \u00e0 une m\u00e8che en fibre de verre, la plante puise autant de liquide qu'elle en a besoin. \u00c0 une temp\u00e9rature ambiante moyenne, la r\u00e9serve d'eau dans le r\u00e9servoir suffit pour plusieurs jours.<\/p>\n<p>* Inhalt: 3x Pflanztopf, 1x Wassertank mit abnehmbarem Deckel (36x 12,5x 12,5 cm, Topf-\u00d8 10,8 cm), 3x Glasserdocht, Kr\u00e4uter werden nicht mitgeliefert - Artikelnummer: 0641306040<\/p>\n<p>* Material: Cromargan Edelstahl Rostfrei 18\/10, Kunststoff, Glasfaserdocht - die Edelstahlt\u00f6pfe sind sp\u00fclmaschinengeeignet. F\u00fcr den Wassertank wird Handw\u00e4sche empfohlen<\/p>\n<p>* Le syst\u00e8me d'arrosage du jardin d'herbes aromatiques pour la cuisine aide \u00e0 doser correctement. Gr\u00e2ce \u00e0 la m\u00e8che en fibre de verre, les herbes aromatiques re\u00e7oivent autant de liquide qu'elles en ont besoin.<\/p>\n<p>* Enfiler la m\u00e8che en fibre de verre par l'ouverture du pot d'herbes aromatiques de mani\u00e8re \u00e0 ce qu'environ la moiti\u00e9 se trouve dans le pot. Placer la plante avec la motte de racines directement dans le pot \u00e0 herbes et tasser l\u00e9g\u00e8rement la terre.<\/p>\n<p>* \u00c0 une temp\u00e9rature ambiante moyenne, la r\u00e9serve d'eau dans le r\u00e9servoir suffit pour plusieurs jours. Ainsi, les herbes aromatiques (basilic, persil, ciboulette ou menthe) restent fra\u00eeches pendant des semaines.<\/p>","protected":false},"excerpt":{"rendered":"<h3>Caract\u00e9ristiques de l'article<\/h3>\n<p>\u00c9tat de l'article : Nouveau avec \u00e9tiquette : article neuf, non utilis\u00e9 et non port\u00e9 dans son emballage d'origine<\/p>\n<table border=\"0\" frame=\"VOID\" rules=\"NONE\" cellspacing=\"0\">\n<colgroup>\n<col width=\"148\" \/>\n<col width=\"237\" \/><\/colgroup>\n<tbody>\n<tr>\n<td align=\"LEFT\" width=\"148\" height=\"17\">Bearbeitungsart<\/td>\n<td align=\"LEFT\" width=\"237\">Poliert<\/td>\n<\/tr>\n<tr>\n<td align=\"LEFT\" height=\"17\">couleur :<\/td>\n<td align=\"LEFT\">Acier inoxydable<\/td>\n<\/tr>\n<tr>\n<td align=\"LEFT\" height=\"17\">Form:<\/td>\n<td align=\"LEFT\">Oval<\/td>\n<\/tr>\n<tr>\n<td align=\"LEFT\" height=\"17\">Marke:<\/td>\n<td align=\"LEFT\">WMF<\/td>\n<\/tr>\n<tr>\n<td align=\"LEFT\" height=\"17\">mat\u00e9riel :<\/td>\n<td align=\"LEFT\">Cromargan\u00ae Edelstahl Rostfrei 18\/10<\/td>\n<\/tr>\n<tr>\n<td align=\"LEFT\" height=\"17\">Modellnummer<\/td>\n<td align=\"LEFT\">06.4130.6040<\/td>\n<\/tr>\n<tr>\n<td align=\"LEFT\" height=\"17\">Conseils d'entretien<\/td>\n<td align=\"LEFT\">Lavage \u00e0 la main<\/td>\n<\/tr>\n<tr>\n<td align=\"LEFT\" height=\"17\">Produktabmessungen:<\/td>\n<td align=\"LEFT\">40.9D x 13.6W x 12.9H cm<\/td>\n<\/tr>\n<tr>\n<td align=\"LEFT\" height=\"17\">Produktgewicht:<\/td>\n<td align=\"LEFT\">1.1 Kilogramm<\/td>\n<\/tr>\n<tr>\n<td align=\"LEFT\" height=\"17\">Stil<\/td>\n<td align=\"LEFT\">3-teilig<\/td>\n<\/tr>\n<tr>\n<td align=\"LEFT\" height=\"17\">Zimmer:<\/td>\n<td align=\"LEFT\">K\u00fcche<\/td>\n<\/tr>\n<\/tbody>\n<\/table>","protected":false},"featured_media":79828,"comment_status":"open","ping_status":"closed","template":"","meta":{"_seopress_robots_primary_cat":"","_seopress_titles_title":"","_seopress_titles_desc":"","_seopress_robots_index":""},"product_brand":[],"product_cat":[1400,1401],"product_tag":[],"class_list":{"0":"post-79707","1":"product","2":"type-product","3":"status-publish","4":"has-post-thumbnail","6":"product_cat-wohnzubehoer","7":"product_cat-haushaltswaren","8":"product_shipping_class-standard-versand","10":"first","11":"instock","12":"sale","13":"taxable","14":"shipping-taxable","15":"purchasable","16":"product-type-simple"},"_links":{"self":[{"href":"https:\/\/www.soanam.de\/fr\/wp-json\/wp\/v2\/product\/79707","targetHints":{"allow":["GET"]}}],"collection":[{"href":"https:\/\/www.soanam.de\/fr\/wp-json\/wp\/v2\/product"}],"about":[{"href":"https:\/\/www.soanam.de\/fr\/wp-json\/wp\/v2\/types\/product"}],"replies":[{"embeddable":true,"href":"https:\/\/www.soanam.de\/fr\/wp-json\/wp\/v2\/comments?post=79707"}],"wp:featuredmedia":[{"embeddable":true,"href":"https:\/\/www.soanam.de\/fr\/wp-json\/wp\/v2\/media\/79828"}],"wp:attachment":[{"href":"https:\/\/www.soanam.de\/fr\/wp-json\/wp\/v2\/media?parent=79707"}],"wp:term":[{"taxonomy":"product_brand","embeddable":true,"href":"https:\/\/www.soanam.de\/fr\/wp-json\/wp\/v2\/product_brand?post=79707"},{"taxonomy":"product_cat","embeddable":true,"href":"https:\/\/www.soanam.de\/fr\/wp-json\/wp\/v2\/product_cat?post=79707"},{"taxonomy":"product_tag","embeddable":true,"href":"https:\/\/www.soanam.de\/fr\/wp-json\/wp\/v2\/product_tag?post=79707"}],"curies":[{"name":"wp","href":"https:\/\/api.w.org\/{rel}","templated":true}]}}