{"id":79690,"date":"2023-12-13T23:16:45","date_gmt":"2023-12-13T22:16:45","guid":{"rendered":"https:\/\/www.soanam.de\/?post_type=product&#038;p=79690"},"modified":"2023-12-13T23:19:53","modified_gmt":"2023-12-13T22:19:53","slug":"jogging-reebok-avec-logo-reebok-lineaire-noir-et-blanc-taille-s","status":"publish","type":"product","link":"https:\/\/www.soanam.de\/fr\/produkt\/reebok-jogginganzug-mit-linearem-reebok-logo-in-schwarz-weiss-groesse-s\/","title":{"rendered":"Jogging Reebok avec logo Reebok lin\u00e9aire , en noir \/ blanc, taille S"},"content":{"rendered":"<p>Jogging 2 pi\u00e8ces de Reebok<br \/>\nAvec logo Reebok lin\u00e9aire<br \/>\nPantalon \u00e0 la coupe slim<br \/>\nHaut d\u00e9contract\u00e9<br \/>\nAvec doublure douce en polaire<\/p>\n<p>Entra\u00eenez-vous avec style et confort dans ce surv\u00eatement pour femmes.<br \/>\nLe haut a une coupe d\u00e9contract\u00e9e pour que vous vous sentiez \u00e0 l'aise et que vous puissiez bouger librement.<br \/>\nLes pantalons \u00e0 la coupe \u00e9troite sont c\u00f4tel\u00e9s au niveau des poignets pour \u00e9viter qu'ils ne glissent.<\/p>\n<p>Mati\u00e8re : 70 % coton et 30 % polyester<br \/>\nConseils d'entretien : Lavage en machine<\/p>\n<p>couleur : noir, blanc<br \/>\nmotif : logo lin\u00e9aire<br \/>\nTaille : M<\/p>\n<p>Dimensions de la partie sup\u00e9rieure<br \/>\nLargeur des \u00e9paules : 53cm<br \/>\nTour de poitrine : 106cm<br \/>\nLongueur des manches : 54cm<br \/>\nlongueur totale : 58cm<\/p>\n<p>Dimensions du pantalon<br \/>\nTour de taille : 66cm<br \/>\nTour de hanches : 104cm<br \/>\nLongueur d'entrejambe : 67cm<br \/>\nlongueur totale : 97cm<\/p>\n<p>&nbsp;<\/p>","protected":false},"excerpt":{"rendered":"<table class=\"woocommerce-product-attributes shop_attributes\">\n<tbody>\n<tr class=\"woocommerce-product-attributes-item woocommerce-product-attributes-item--attribute_pa_soort\">\n<th class=\"woocommerce-product-attributes-item__label\">Zweck<\/th>\n<td class=\"woocommerce-product-attributes-item__value\">SPORTKLEIDUNG<\/td>\n<\/tr>\n<tr class=\"woocommerce-product-attributes-item woocommerce-product-attributes-item--attribute_pa_merk\">\n<th class=\"woocommerce-product-attributes-item__label\">Marque<\/th>\n<td class=\"woocommerce-product-attributes-item__value\">Reebok<\/td>\n<\/tr>\n<tr class=\"woocommerce-product-attributes-item woocommerce-product-attributes-item--attribute_pa_maat\">\n<th class=\"woocommerce-product-attributes-item__label\">Taille<\/th>\n<td class=\"woocommerce-product-attributes-item__value\">S<\/td>\n<\/tr>\n<tr class=\"woocommerce-product-attributes-item woocommerce-product-attributes-item--attribute_pa_kleur\">\n<th class=\"woocommerce-product-attributes-item__label\">Couleur<\/th>\n<td class=\"woocommerce-product-attributes-item__value\">noir, blanc<\/td>\n<\/tr>\n<tr class=\"woocommerce-product-attributes-item woocommerce-product-attributes-item--attribute_pa_geslacht\">\n<th class=\"woocommerce-product-attributes-item__label\">Sex<\/th>\n<td class=\"woocommerce-product-attributes-item__value\">Damen<\/td>\n<\/tr>\n<tr class=\"woocommerce-product-attributes-item woocommerce-product-attributes-item--attribute_pa_ean\">\n<th class=\"woocommerce-product-attributes-item__label\">EAN<\/th>\n<td class=\"woocommerce-product-attributes-item__value\">4060522544976<\/td>\n<\/tr>\n<tr class=\"woocommerce-product-attributes-item woocommerce-product-attributes-item--attribute_pa_webshop\">\n<th class=\"woocommerce-product-attributes-item__label\">Anzahl Teile<\/th>\n<td class=\"woocommerce-product-attributes-item__value\">2<\/td>\n<\/tr>\n<tr class=\"woocommerce-product-attributes-item woocommerce-product-attributes-item--attribute_pa_specifieke-kleur\">\n<th class=\"woocommerce-product-attributes-item__label\">spezifische Farbe<\/th>\n<td class=\"woocommerce-product-attributes-item__value\">SCHWARZ<\/td>\n<\/tr>\n<tr class=\"woocommerce-product-attributes-item woocommerce-product-attributes-item--attribute_pa_extra-informatie\">\n<th class=\"woocommerce-product-attributes-item__label\">Zusatzinformation<\/th>\n<td class=\"woocommerce-product-attributes-item__value\">Elastischer Bund, Fleece aus 70 % Baumwolle und 30 % Polyester, Rippb\u00fcndchen an Sweatshirt und Hose, entspanntes Oberteil;\u00a0Slim-Fit-Hose, Rundhalsausschnitt<\/td>\n<\/tr>\n<\/tbody>\n<\/table>","protected":false},"featured_media":79812,"comment_status":"open","ping_status":"closed","template":"","meta":{"_seopress_robots_primary_cat":"","_seopress_titles_title":"","_seopress_titles_desc":"","_seopress_robots_index":""},"product_brand":[],"product_cat":[1348,1402,1587],"product_tag":[],"class_list":{"0":"post-79690","1":"product","2":"type-product","3":"status-publish","4":"has-post-thumbnail","6":"product_cat-damen-mode","7":"product_cat-sportbekleidung-damen-mode","8":"product_cat-jogginganzuege","9":"product_shipping_class-standard-versand","11":"first","12":"instock","13":"taxable","14":"shipping-taxable","15":"purchasable","16":"product-type-simple"},"_links":{"self":[{"href":"https:\/\/www.soanam.de\/fr\/wp-json\/wp\/v2\/product\/79690","targetHints":{"allow":["GET"]}}],"collection":[{"href":"https:\/\/www.soanam.de\/fr\/wp-json\/wp\/v2\/product"}],"about":[{"href":"https:\/\/www.soanam.de\/fr\/wp-json\/wp\/v2\/types\/product"}],"replies":[{"embeddable":true,"href":"https:\/\/www.soanam.de\/fr\/wp-json\/wp\/v2\/comments?post=79690"}],"wp:featuredmedia":[{"embeddable":true,"href":"https:\/\/www.soanam.de\/fr\/wp-json\/wp\/v2\/media\/79812"}],"wp:attachment":[{"href":"https:\/\/www.soanam.de\/fr\/wp-json\/wp\/v2\/media?parent=79690"}],"wp:term":[{"taxonomy":"product_brand","embeddable":true,"href":"https:\/\/www.soanam.de\/fr\/wp-json\/wp\/v2\/product_brand?post=79690"},{"taxonomy":"product_cat","embeddable":true,"href":"https:\/\/www.soanam.de\/fr\/wp-json\/wp\/v2\/product_cat?post=79690"},{"taxonomy":"product_tag","embeddable":true,"href":"https:\/\/www.soanam.de\/fr\/wp-json\/wp\/v2\/product_tag?post=79690"}],"curies":[{"name":"wp","href":"https:\/\/api.w.org\/{rel}","templated":true}]}}