{"id":79688,"date":"2023-12-13T23:16:44","date_gmt":"2023-12-13T22:16:44","guid":{"rendered":"https:\/\/www.soanam.de\/?post_type=product&#038;p=79688"},"modified":"2023-12-13T23:19:31","modified_gmt":"2023-12-13T22:19:31","slug":"reebok-jogginganzug-mit-linearem-reebok-logo-in-schwarz-weiss-groesse-m","status":"publish","type":"product","link":"https:\/\/www.soanam.de\/fr\/produkt\/reebok-jogginganzug-mit-linearem-reebok-logo-in-schwarz-weiss-groesse-m\/","title":{"rendered":"Reebok Jogginganzug mit linearem Reebok Logo , in Schwarz \/ Wei\u00df, Gr\u00f6\u00dfe M"},"content":{"rendered":"<p>Jogging 2 pi\u00e8ces de Reebok<br \/>\nAvec logo Reebok lin\u00e9aire<br \/>\nPantalon \u00e0 la coupe slim<br \/>\nHaut d\u00e9contract\u00e9<br \/>\nAvec doublure douce en polaire<\/p>\n<p>Entra\u00eenez-vous avec style et confort dans ce surv\u00eatement pour femmes.<br \/>\nLe haut a une coupe d\u00e9contract\u00e9e pour que vous vous sentiez \u00e0 l'aise et que vous puissiez bouger librement.<br \/>\nLes pantalons \u00e0 la coupe \u00e9troite sont c\u00f4tel\u00e9s au niveau des poignets pour \u00e9viter qu'ils ne glissent.<\/p>\n<p>Mati\u00e8re : 70 % coton et 30 % polyester<br \/>\nConseils d'entretien : Lavage en machine<\/p>\n<p>couleur : noir, blanc<br \/>\nmotif : logo lin\u00e9aire<br \/>\nTaille : M<\/p>\n<p>Dimensions de la partie sup\u00e9rieure<br \/>\nLargeur des \u00e9paules : 56cm<br \/>\nTour de poitrine : 114cm<br \/>\nLongueur des manches : 54cm<br \/>\nlongueur totale : 60cm<\/p>\n<p>Dimensions du pantalon<br \/>\nTour de taille : 70cm<br \/>\nTour de hanches : 106cm<br \/>\nLongueur d'entrejambe : 69cm<br \/>\nlongueur totale : 100cm<\/p>\n<p>Il s'agit pour ce nouvel article d'un retour client sans \u00e9tiquette.<\/p>","protected":false},"excerpt":{"rendered":"<table class=\"woocommerce-product-attributes shop_attributes\">\n<tbody>\n<tr class=\"woocommerce-product-attributes-item woocommerce-product-attributes-item--attribute_pa_soort\">\n<th class=\"woocommerce-product-attributes-item__label\"><span>Zweck<\/span><\/th>\n<td class=\"woocommerce-product-attributes-item__value\"><span>SPORTKLEIDUNG<\/span><\/td>\n<\/tr>\n<tr class=\"woocommerce-product-attributes-item woocommerce-product-attributes-item--attribute_pa_merk\">\n<th class=\"woocommerce-product-attributes-item__label\"><span>Marque<\/span><\/th>\n<td class=\"woocommerce-product-attributes-item__value\"><span>Reebok<\/span><\/td>\n<\/tr>\n<tr class=\"woocommerce-product-attributes-item woocommerce-product-attributes-item--attribute_pa_maat\">\n<th class=\"woocommerce-product-attributes-item__label\"><span>Taille<\/span><\/th>\n<td class=\"woocommerce-product-attributes-item__value\"><span>M<\/span><\/td>\n<\/tr>\n<tr class=\"woocommerce-product-attributes-item woocommerce-product-attributes-item--attribute_pa_kleur\">\n<th class=\"woocommerce-product-attributes-item__label\"><span>Couleur<\/span><\/th>\n<td class=\"woocommerce-product-attributes-item__value\"><span>noir, blanc<\/span><\/td>\n<\/tr>\n<tr class=\"woocommerce-product-attributes-item woocommerce-product-attributes-item--attribute_pa_geslacht\">\n<th class=\"woocommerce-product-attributes-item__label\"><span>Sex<\/span><\/th>\n<td class=\"woocommerce-product-attributes-item__value\"><span>Damen<\/span><\/td>\n<\/tr>\n<tr class=\"woocommerce-product-attributes-item woocommerce-product-attributes-item--attribute_pa_ean\">\n<th class=\"woocommerce-product-attributes-item__label\"><span>EAN<\/span><\/th>\n<td class=\"woocommerce-product-attributes-item__value\"><span>4060522544976<\/span><\/td>\n<\/tr>\n<tr class=\"woocommerce-product-attributes-item woocommerce-product-attributes-item--attribute_pa_webshop\">\n<th class=\"woocommerce-product-attributes-item__label\"><span>Anzahl Teile<\/span><\/th>\n<td class=\"woocommerce-product-attributes-item__value\"><span>2<\/span><\/td>\n<\/tr>\n<tr class=\"woocommerce-product-attributes-item woocommerce-product-attributes-item--attribute_pa_specifieke-kleur\">\n<th class=\"woocommerce-product-attributes-item__label\"><span>spezifische Farbe<\/span><\/th>\n<td class=\"woocommerce-product-attributes-item__value\"><span>SCHWARZ<\/span><\/td>\n<\/tr>\n<tr class=\"woocommerce-product-attributes-item woocommerce-product-attributes-item--attribute_pa_extra-informatie\">\n<th class=\"woocommerce-product-attributes-item__label\"><span>Zusatzinformation<\/span><\/th>\n<td class=\"woocommerce-product-attributes-item__value\"><span>Elastischer Bund, Fleece aus 70 % Baumwolle und 30 % Polyester, Rippb\u00fcndchen an Sweatshirt und Hose, entspanntes Oberteil;\u00a0Slim-Fit-Hose, Rundhalsausschnitt<\/span><\/td>\n<\/tr>\n<\/tbody>\n<\/table>","protected":false},"featured_media":79812,"comment_status":"open","ping_status":"closed","template":"","meta":{"_seopress_robots_primary_cat":"","_seopress_titles_title":"","_seopress_titles_desc":"","_seopress_robots_index":""},"product_brand":[],"product_cat":[1348,1402,1587],"product_tag":[],"class_list":{"0":"post-79688","1":"product","2":"type-product","3":"status-publish","4":"has-post-thumbnail","6":"product_cat-damen-mode","7":"product_cat-sportbekleidung-damen-mode","8":"product_cat-jogginganzuege","9":"product_shipping_class-standard-versand","11":"first","12":"instock","13":"sale","14":"taxable","15":"shipping-taxable","16":"purchasable","17":"product-type-simple"},"_links":{"self":[{"href":"https:\/\/www.soanam.de\/fr\/wp-json\/wp\/v2\/product\/79688","targetHints":{"allow":["GET"]}}],"collection":[{"href":"https:\/\/www.soanam.de\/fr\/wp-json\/wp\/v2\/product"}],"about":[{"href":"https:\/\/www.soanam.de\/fr\/wp-json\/wp\/v2\/types\/product"}],"replies":[{"embeddable":true,"href":"https:\/\/www.soanam.de\/fr\/wp-json\/wp\/v2\/comments?post=79688"}],"wp:featuredmedia":[{"embeddable":true,"href":"https:\/\/www.soanam.de\/fr\/wp-json\/wp\/v2\/media\/79812"}],"wp:attachment":[{"href":"https:\/\/www.soanam.de\/fr\/wp-json\/wp\/v2\/media?parent=79688"}],"wp:term":[{"taxonomy":"product_brand","embeddable":true,"href":"https:\/\/www.soanam.de\/fr\/wp-json\/wp\/v2\/product_brand?post=79688"},{"taxonomy":"product_cat","embeddable":true,"href":"https:\/\/www.soanam.de\/fr\/wp-json\/wp\/v2\/product_cat?post=79688"},{"taxonomy":"product_tag","embeddable":true,"href":"https:\/\/www.soanam.de\/fr\/wp-json\/wp\/v2\/product_tag?post=79688"}],"curies":[{"name":"wp","href":"https:\/\/api.w.org\/{rel}","templated":true}]}}