{"id":79687,"date":"2023-12-13T23:16:44","date_gmt":"2023-12-13T22:16:44","guid":{"rendered":"https:\/\/www.soanam.de\/?post_type=product&#038;p=79687"},"modified":"2023-12-13T23:19:26","modified_gmt":"2023-12-13T22:19:26","slug":"nike-pantalon-de-sport-bliss-studio-en-noir-taille-m","status":"publish","type":"product","link":"https:\/\/www.soanam.de\/fr\/produkt\/nike-sporthose-bliss-pant-studio-in-schwarz-groesse-m\/","title":{"rendered":"NIKE Pantalon de sport BLISS PANT STUDIO, en noir, taille M"},"content":{"rendered":"<p>La mati\u00e8re Nike Flex s'\u00e9tire avec votre corps.<br \/>\nLa technologie Dri-FIT assure un confort au sec.<br \/>\nLa taille ajustable et rabattable permet de personnaliser la coupe.<br \/>\nLa silhouette avec des jambes larges permet une libert\u00e9 de mouvement illimit\u00e9e.<br \/>\ndes poches lat\u00e9rales permettent de ranger de petits objets<\/p>\n<p>LIBERT\u00c9 DE MOUVEMENT AVEC LE STRETCH 4 DIRECTIONS.<br \/>\nLe pantalon Nike Bliss Studio pour femmes offre une protection l\u00e9g\u00e8re qui suit les mouvements du corps, permettant ainsi une libert\u00e9 de mouvement dans une silhouette d\u00e9contract\u00e9e.<br \/>\nLa ceinture r\u00e9glable peut \u00eatre rabattue pour permettre une coupe personnalis\u00e9e.<br \/>\nLe mat\u00e9riau d'une l\u00e9g\u00e8ret\u00e9 indicible en fait le favori, et pas seulement pour le fitness.<\/p>\n<p>Mati\u00e8re : 80 % nylon, 20 % \u00e9lasthanne<br \/>\nConseils d'entretien : Lavage en machine<\/p>\n<p>couleur : noir<br \/>\n\u00c9chantillon : sans<br \/>\nTaille : M<\/p>\n<p>Tour de taille : 78cm<br \/>\nTour de hanches : 101cm<br \/>\nLongueur d'entrejambe : 48cm<br \/>\nlongueur totale : 77cm<\/p>","protected":false},"excerpt":{"rendered":"<p>Mati\u00e8re : 80 % nylon, 20 % \u00e9lasthanne<br \/>\nConseils d'entretien : Lavage en machine<\/p>\n<p>couleur : noir<br \/>\n\u00c9chantillon : sans<br \/>\nTaille : M<\/p>","protected":false},"featured_media":79810,"comment_status":"open","ping_status":"closed","template":"","meta":{"_seopress_robots_primary_cat":"","_seopress_titles_title":"","_seopress_titles_desc":"","_seopress_robots_index":""},"product_brand":[],"product_cat":[1348,1402,1586],"product_tag":[],"class_list":{"0":"post-79687","1":"product","2":"type-product","3":"status-publish","4":"has-post-thumbnail","6":"product_cat-damen-mode","7":"product_cat-sportbekleidung-damen-mode","8":"product_cat-caprihosen","9":"product_shipping_class-standard-versand","11":"first","12":"instock","13":"taxable","14":"shipping-taxable","15":"purchasable","16":"product-type-simple"},"_links":{"self":[{"href":"https:\/\/www.soanam.de\/fr\/wp-json\/wp\/v2\/product\/79687","targetHints":{"allow":["GET"]}}],"collection":[{"href":"https:\/\/www.soanam.de\/fr\/wp-json\/wp\/v2\/product"}],"about":[{"href":"https:\/\/www.soanam.de\/fr\/wp-json\/wp\/v2\/types\/product"}],"replies":[{"embeddable":true,"href":"https:\/\/www.soanam.de\/fr\/wp-json\/wp\/v2\/comments?post=79687"}],"wp:featuredmedia":[{"embeddable":true,"href":"https:\/\/www.soanam.de\/fr\/wp-json\/wp\/v2\/media\/79810"}],"wp:attachment":[{"href":"https:\/\/www.soanam.de\/fr\/wp-json\/wp\/v2\/media?parent=79687"}],"wp:term":[{"taxonomy":"product_brand","embeddable":true,"href":"https:\/\/www.soanam.de\/fr\/wp-json\/wp\/v2\/product_brand?post=79687"},{"taxonomy":"product_cat","embeddable":true,"href":"https:\/\/www.soanam.de\/fr\/wp-json\/wp\/v2\/product_cat?post=79687"},{"taxonomy":"product_tag","embeddable":true,"href":"https:\/\/www.soanam.de\/fr\/wp-json\/wp\/v2\/product_tag?post=79687"}],"curies":[{"name":"wp","href":"https:\/\/api.w.org\/{rel}","templated":true}]}}