{"id":79672,"date":"2023-12-13T23:16:22","date_gmt":"2023-12-13T22:16:22","guid":{"rendered":"https:\/\/www.soanam.de\/?post_type=product&#038;p=79672"},"modified":"2023-12-13T23:19:19","modified_gmt":"2023-12-13T22:19:19","slug":"polarino-pantalon-de-trekking-avec-jambes-amovibles-en-noir-taille-40","status":"publish","type":"product","link":"https:\/\/www.soanam.de\/fr\/produkt\/polarino-trekkinghose-mit-abzippbaren-beinen-in-schwarz-groesse-40\/","title":{"rendered":"Pantalon de trekking Polarino avec jambes amovibles, en noir, taille 40"},"content":{"rendered":"<p>Fonctionnel pantalon de trekking de Polarino<br \/>\nPeut se porter en bermuda ou en pantalon long<br \/>\nAvec jambes amovibles<br \/>\nOurlet r\u00e9glable en largeur<br \/>\n2 poches zipp\u00e9es \u00e0 l'avant et \u00e0 l'arri\u00e8re<br \/>\nRespirant, hydrofuge\/anti-vent<\/p>\n<p>La qualit\u00e9 et la fonctionnalit\u00e9 sont des arguments convaincants pour le Polarino Stretch Trekking Pants, car 2 possibilit\u00e9s de port diff\u00e9rentes font de ce pantalon pour femmes un parfait allrounder dans la nature.<br \/>\nBermuda ou long, c'est la m\u00e9t\u00e9o qui d\u00e9cide, mais le mat\u00e9riau respirant et imperm\u00e9able au vent\/\u00e0 l'eau fait de ce pantalon outdoor un partenaire fiable par tous les temps.<br \/>\nL'ourlet de ce pantalon fonctionnel est r\u00e9glable, les passants de ceinture et les poches zipp\u00e9es sont des d\u00e9tails astucieux.<br \/>\nGr\u00e2ce \u00e0 sa grande \u00e9lasticit\u00e9, ce mod\u00e8le de pantalon s'adapte parfaitement \u00e0 tous les mouvements pour un port confortable et agr\u00e9able.<\/p>\n<p>Mati\u00e8re : 92% polyamide, 8% \u00e9lasthanne<br \/>\nConseils d'entretien : Lavage en machine<\/p>\n<p>couleur : noir<br \/>\n\u00c9chantillon : sans<br \/>\nTaille : 40<\/p>\n<p>Tour de taille : 82cm<br \/>\nTour de hanches : 104cm<br \/>\nLongueur d'entrejambe : 81cm<br \/>\nlongueur totale : 104cm<\/p>","protected":false},"excerpt":{"rendered":"<table class=\"dv_characteristicsTable\" style=\"height: 624px;\" width=\"777\">\n<tbody>\n<tr>\n<td class=\"left\">Taille<\/td>\n<td>40<\/td>\n<\/tr>\n<tr>\n<td class=\"left\">Gr\u00f6\u00dfentyp<\/td>\n<td>Normalgr\u00f6\u00dfen<\/td>\n<\/tr>\n<tr>\n<td class=\"left\">Composition du mat\u00e9riau<\/td>\n<td>Obermaterial: 92% Polyamid, 8% Elasthan<\/td>\n<\/tr>\n<tr>\n<td class=\"left\">Materialeigenschaften<\/td>\n<td>elastisch, wasserabweisend, schmutzabweisend, schnell trocknend, atmungsaktiv<\/td>\n<\/tr>\n<tr>\n<td class=\"left\">Herstellertechnologien<\/td>\n<td>PFC-FREIE PRODUKTE<\/td>\n<\/tr>\n<tr>\n<td class=\"left\">Conseils d'entretien<\/td>\n<td>Lavage en machine<\/td>\n<\/tr>\n<tr>\n<td class=\"left\">Optik<\/td>\n<td>unifarben<\/td>\n<\/tr>\n<tr>\n<td class=\"left\">Stil<\/td>\n<td>sportlich<\/td>\n<\/tr>\n<tr>\n<td class=\"left\">Couleur<\/td>\n<td>schwarz<\/td>\n<\/tr>\n<tr>\n<td class=\"left\">Bundabschlussdetails<\/td>\n<td>mit Gummizug<\/td>\n<\/tr>\n<tr>\n<td class=\"left\">Beinabschlussdetails<\/td>\n<td>mit verstellbarem Gummizug<\/td>\n<\/tr>\n<tr>\n<td class=\"left\">Coupe<\/td>\n<td>bequem<\/td>\n<\/tr>\n<tr>\n<td class=\"left\">Schnittform L\u00e4nge<\/td>\n<td>lang<\/td>\n<\/tr>\n<tr>\n<td class=\"left\">Passants de ceinture<\/td>\n<td>ja<\/td>\n<\/tr>\n<tr>\n<td class=\"left\">L\u00e4nge der G\u00fcrtelschlaufe<\/td>\n<td>5 cm<\/td>\n<\/tr>\n<tr>\n<td class=\"left\">Applikationen<\/td>\n<td>Logoschriftzug<\/td>\n<\/tr>\n<tr>\n<td class=\"left\">Sacs<\/td>\n<td>Rei\u00dfverschlusstaschen, Ges\u00e4\u00dftaschen<\/td>\n<\/tr>\n<tr>\n<td class=\"left\">Verschluss<\/td>\n<td>Fermeture \u00e0 glissi\u00e8re<\/td>\n<\/tr>\n<tr>\n<td class=\"left\">Besondere Merkmale<\/td>\n<td>mit abzippbaren Beinen<\/td>\n<\/tr>\n<tr>\n<td class=\"left\">Sportart<\/td>\n<td>Wandern, Trekking<\/td>\n<\/tr>\n<tr>\n<td class=\"left\"><\/td>\n<td><\/td>\n<\/tr>\n<\/tbody>\n<\/table>","protected":false},"featured_media":79800,"comment_status":"open","ping_status":"closed","template":"","meta":{"_seopress_robots_primary_cat":"","_seopress_titles_title":"","_seopress_titles_desc":"","_seopress_robots_index":""},"product_brand":[],"product_cat":[1348,1397,1455],"product_tag":[],"class_list":{"0":"post-79672","1":"product","2":"type-product","3":"status-publish","4":"has-post-thumbnail","6":"product_cat-damen-mode","7":"product_cat-andere-hosen","8":"product_cat-regen-skihosen","9":"product_shipping_class-standard-versand","11":"first","12":"instock","13":"taxable","14":"shipping-taxable","15":"purchasable","16":"product-type-simple"},"_links":{"self":[{"href":"https:\/\/www.soanam.de\/fr\/wp-json\/wp\/v2\/product\/79672","targetHints":{"allow":["GET"]}}],"collection":[{"href":"https:\/\/www.soanam.de\/fr\/wp-json\/wp\/v2\/product"}],"about":[{"href":"https:\/\/www.soanam.de\/fr\/wp-json\/wp\/v2\/types\/product"}],"replies":[{"embeddable":true,"href":"https:\/\/www.soanam.de\/fr\/wp-json\/wp\/v2\/comments?post=79672"}],"wp:featuredmedia":[{"embeddable":true,"href":"https:\/\/www.soanam.de\/fr\/wp-json\/wp\/v2\/media\/79800"}],"wp:attachment":[{"href":"https:\/\/www.soanam.de\/fr\/wp-json\/wp\/v2\/media?parent=79672"}],"wp:term":[{"taxonomy":"product_brand","embeddable":true,"href":"https:\/\/www.soanam.de\/fr\/wp-json\/wp\/v2\/product_brand?post=79672"},{"taxonomy":"product_cat","embeddable":true,"href":"https:\/\/www.soanam.de\/fr\/wp-json\/wp\/v2\/product_cat?post=79672"},{"taxonomy":"product_tag","embeddable":true,"href":"https:\/\/www.soanam.de\/fr\/wp-json\/wp\/v2\/product_tag?post=79672"}],"curies":[{"name":"wp","href":"https:\/\/api.w.org\/{rel}","templated":true}]}}