{"id":79669,"date":"2023-12-13T23:16:20","date_gmt":"2023-12-13T22:16:20","guid":{"rendered":"https:\/\/www.soanam.de\/?post_type=product&#038;p=79669"},"modified":"2023-12-13T23:19:06","modified_gmt":"2023-12-13T22:19:06","slug":"nike-trainingsjacke-zweifarbig-in-schwarz-und-weiss-groesse-m","status":"publish","type":"product","link":"https:\/\/www.soanam.de\/fr\/produkt\/nike-trainingsjacke-zweifarbig-in-schwarz-und-weiss-groesse-m\/","title":{"rendered":"NIKE Trainingsjacke, Zweifarbig, in Schwarz und Wei\u00df, Gr\u00f6\u00dfe M"},"content":{"rendered":"<p>Trainingsjacke von Nike<br \/>\nOldschool-Design<br \/>\nIm Farbblock<br \/>\nGerippte B\u00fcndchen und Saum<\/p>\n<p>Die leicht gl\u00e4nzende Qualit\u00e4t, die kontrastierenden Eins\u00e4tze und das gestickte Logo auf der Vorderseite pr\u00e4gen den Look der Sportjacke.<br \/>\nEin hoher Kragen, durchgehender Rei\u00dfverschluss, normale Passform, gerippte B\u00fcndchen und Saum und Eingrifftaschen vervollst\u00e4ndigen das typische Oldschool-Design der Nike Trainingsjacke.<\/p>\n<p>Mat\u00e9riau : polyester 100%<br \/>\nConseils d'entretien : Lavage en machine<\/p>\n<p>couleur : noir, blanc<br \/>\nmotif : bloc de couleur<br \/>\nTaille : M<\/p>\n<p>Largeur des \u00e9paules : 54cm<br \/>\nTour de poitrine : 104cm<br \/>\n\u00c4rmell\u00e4nge: 57cm<br \/>\nlongueur totale : 61cm<\/p>","protected":false},"excerpt":{"rendered":"<p>Mat\u00e9riau : polyester 100%<br \/>\nConseils d'entretien : Lavage en machine<\/p>\n<p>couleur : noir, blanc<br \/>\nmotif : bloc de couleur<br \/>\nTaille : M<\/p>","protected":false},"featured_media":79791,"comment_status":"open","ping_status":"closed","template":"","meta":{"_seopress_robots_primary_cat":"","_seopress_titles_title":"","_seopress_titles_desc":"","_seopress_robots_index":""},"product_brand":[],"product_cat":[1348,1402,1585],"product_tag":[],"class_list":{"0":"post-79669","1":"product","2":"type-product","3":"status-publish","4":"has-post-thumbnail","6":"product_cat-damen-mode","7":"product_cat-sportbekleidung-damen-mode","8":"product_cat-jacken-sportbekleidung-damen-mode","9":"product_shipping_class-standard-versand","11":"first","12":"instock","13":"sale","14":"taxable","15":"shipping-taxable","16":"purchasable","17":"product-type-simple"},"_links":{"self":[{"href":"https:\/\/www.soanam.de\/fr\/wp-json\/wp\/v2\/product\/79669","targetHints":{"allow":["GET"]}}],"collection":[{"href":"https:\/\/www.soanam.de\/fr\/wp-json\/wp\/v2\/product"}],"about":[{"href":"https:\/\/www.soanam.de\/fr\/wp-json\/wp\/v2\/types\/product"}],"replies":[{"embeddable":true,"href":"https:\/\/www.soanam.de\/fr\/wp-json\/wp\/v2\/comments?post=79669"}],"wp:featuredmedia":[{"embeddable":true,"href":"https:\/\/www.soanam.de\/fr\/wp-json\/wp\/v2\/media\/79791"}],"wp:attachment":[{"href":"https:\/\/www.soanam.de\/fr\/wp-json\/wp\/v2\/media?parent=79669"}],"wp:term":[{"taxonomy":"product_brand","embeddable":true,"href":"https:\/\/www.soanam.de\/fr\/wp-json\/wp\/v2\/product_brand?post=79669"},{"taxonomy":"product_cat","embeddable":true,"href":"https:\/\/www.soanam.de\/fr\/wp-json\/wp\/v2\/product_cat?post=79669"},{"taxonomy":"product_tag","embeddable":true,"href":"https:\/\/www.soanam.de\/fr\/wp-json\/wp\/v2\/product_tag?post=79669"}],"curies":[{"name":"wp","href":"https:\/\/api.w.org\/{rel}","templated":true}]}}