{"id":79656,"date":"2023-12-13T23:15:56","date_gmt":"2023-12-13T22:15:56","guid":{"rendered":"https:\/\/www.soanam.de\/?post_type=product&#038;p=79656"},"modified":"2023-12-13T23:19:04","modified_gmt":"2023-12-13T22:19:04","slug":"reebok-trainingshose-mit-seitenstreifen-in-schwarz-groesse-xl","status":"publish","type":"product","link":"https:\/\/www.soanam.de\/fr\/produkt\/reebok-trainingshose-mit-seitenstreifen-in-schwarz-groesse-xl\/","title":{"rendered":"Reebok Trainingshose mit Seitenstreifen, in Schwarz, Gr\u00f6\u00dfe XL"},"content":{"rendered":"<p>Trainingshose von REEBOK<br \/>\nMit breitem Seitenstreifen<br \/>\nGro\u00dfer Schriftzug und Logodruck<br \/>\nMit elastischem Bund und Eingrifftaschen<\/p>\n<p>Die leicht gl\u00e4nzende Qualit\u00e4t, die kontrastierenden Eins\u00e4tze an den Seiten mit dem gro\u00dfen Schriftzug und der Logodruck auf der Vorderseite pr\u00e4gen den Look der Sporthose.<br \/>\nAn Bequemlichkeit mangelt es selbstverst\u00e4ndlich auch nicht - Die Hose l\u00e4sst sich dank des Dehnbundes bequem anziehen und komfortabel tragen.<\/p>\n<p>Mati\u00e8re : polyester<br \/>\nConseils d'entretien : Lavage en machine<\/p>\n<p>couleur : noir<br \/>\nmotif : rayures contrast\u00e9es<br \/>\nTaille : 46\/48<\/p>\n<p>Tour de taille : 88cm<br \/>\nTour de hanches : 118cm<br \/>\nLongueur d'entrejambe : 69cm<br \/>\nlongueur totale : 98cm<\/p>\n<p>Il s'agit pour ce nouvel article d'un retour client sans \u00e9tiquette.<\/p>","protected":false},"excerpt":{"rendered":"<table class=\"dv_characteristicsTable\">\n<tbody>\n<tr>\n<td class=\"left\">Taille<\/td>\n<td>XL (46\/48)<\/td>\n<\/tr>\n<tr>\n<td class=\"left\">Gr\u00f6\u00dfentyp<\/td>\n<td>Normalgr\u00f6\u00dfen<\/td>\n<\/tr>\n<\/tbody>\n<\/table>\n<table class=\"dv_characteristicsTable\">\n<tbody>\n<tr>\n<td class=\"left\">Composition du mat\u00e9riau<\/td>\n<td>Dessus : 100% polyester<\/td>\n<\/tr>\n<tr>\n<td class=\"left\">Conseils d'entretien<\/td>\n<td>Lavage en machine<\/td>\n<\/tr>\n<\/tbody>\n<\/table>\n<table class=\"dv_characteristicsTable\">\n<tbody>\n<tr>\n<td class=\"left\">Stil<\/td>\n<td>sportlich<\/td>\n<\/tr>\n<\/tbody>\n<\/table>\n<table class=\"dv_characteristicsTable\">\n<tbody>\n<tr>\n<td class=\"left\">Couleur<\/td>\n<td>schwarz<\/td>\n<\/tr>\n<\/tbody>\n<\/table>\n<table class=\"dv_characteristicsTable\">\n<tbody>\n<tr>\n<td class=\"left\">Leibh\u00f6he<\/td>\n<td>komfortabel<\/td>\n<\/tr>\n<tr>\n<td class=\"left\">Bundabschluss<\/td>\n<td>elastischer Bund<\/td>\n<\/tr>\n<tr>\n<td class=\"left\">Beinabschluss<\/td>\n<td>B\u00fcndchen<\/td>\n<\/tr>\n<tr>\n<td class=\"left\">Schnittform L\u00e4nge<\/td>\n<td>lang<\/td>\n<\/tr>\n<\/tbody>\n<\/table>\n<table class=\"dv_characteristicsTable\">\n<tbody>\n<tr>\n<td class=\"left\">Applikationen<\/td>\n<td>Logodruck<\/td>\n<\/tr>\n<tr>\n<td class=\"left\">Sacs<\/td>\n<td>Eingrifftaschen<\/td>\n<\/tr>\n<\/tbody>\n<\/table>","protected":false},"featured_media":79788,"comment_status":"open","ping_status":"closed","template":"","meta":{"_seopress_robots_primary_cat":"","_seopress_titles_title":"","_seopress_titles_desc":"","_seopress_robots_index":""},"product_brand":[],"product_cat":[1348,1402,1584],"product_tag":[],"class_list":{"0":"post-79656","1":"product","2":"type-product","3":"status-publish","4":"has-post-thumbnail","6":"product_cat-damen-mode","7":"product_cat-sportbekleidung-damen-mode","8":"product_cat-jogginghosen-sportbekleidung-damen-mode","9":"product_shipping_class-standard-versand","11":"first","12":"instock","13":"sale","14":"taxable","15":"shipping-taxable","16":"purchasable","17":"product-type-simple"},"_links":{"self":[{"href":"https:\/\/www.soanam.de\/fr\/wp-json\/wp\/v2\/product\/79656","targetHints":{"allow":["GET"]}}],"collection":[{"href":"https:\/\/www.soanam.de\/fr\/wp-json\/wp\/v2\/product"}],"about":[{"href":"https:\/\/www.soanam.de\/fr\/wp-json\/wp\/v2\/types\/product"}],"replies":[{"embeddable":true,"href":"https:\/\/www.soanam.de\/fr\/wp-json\/wp\/v2\/comments?post=79656"}],"wp:featuredmedia":[{"embeddable":true,"href":"https:\/\/www.soanam.de\/fr\/wp-json\/wp\/v2\/media\/79788"}],"wp:attachment":[{"href":"https:\/\/www.soanam.de\/fr\/wp-json\/wp\/v2\/media?parent=79656"}],"wp:term":[{"taxonomy":"product_brand","embeddable":true,"href":"https:\/\/www.soanam.de\/fr\/wp-json\/wp\/v2\/product_brand?post=79656"},{"taxonomy":"product_cat","embeddable":true,"href":"https:\/\/www.soanam.de\/fr\/wp-json\/wp\/v2\/product_cat?post=79656"},{"taxonomy":"product_tag","embeddable":true,"href":"https:\/\/www.soanam.de\/fr\/wp-json\/wp\/v2\/product_tag?post=79656"}],"curies":[{"name":"wp","href":"https:\/\/api.w.org\/{rel}","templated":true}]}}