{"id":79654,"date":"2023-12-13T23:15:55","date_gmt":"2023-12-13T22:15:55","guid":{"rendered":"https:\/\/www.soanam.de\/?post_type=product&#038;p=79654"},"modified":"2023-12-13T23:18:54","modified_gmt":"2023-12-13T22:18:54","slug":"cmp-pantalon-de-ski-ouate-pour-femme-avec-ceinture-clima-protect-en-noir-taille-44","status":"publish","type":"product","link":"https:\/\/www.soanam.de\/fr\/produkt\/cmp-warm-wattierte-damen-skihose-mit-guertel-clima-protect-in-schwarz-groesse-44\/","title":{"rendered":"CMP Pantalon de ski femme chaudement ouat\u00e9 avec ceinture, Clima Protect, en noir, taille 44"},"content":{"rendered":"<h3>Description<\/h3>\n<p>Imperm\u00e9able au vent et \u00e0 l'eau gr\u00e2ce \u00e0 Clima Protect\u00ae.<br \/>\nCoutures soud\u00e9es<br \/>\ncolonne d'eau 8.000mm<br \/>\nRespirant<br \/>\nceinture \u00e0 la taille partiellement \u00e9lastique<\/p>\n<p>Pantalon de ski CMP chaudement ouat\u00e9 avec ceinture et taille partiellement \u00e9lastique ; 2 poches zipp\u00e9es ; bas de jambe avec gu\u00eatre et jupe pare-neige ; fermeture zipp\u00e9e dissimul\u00e9e et int\u00e9rieur renforc\u00e9 pour prot\u00e9ger des carres de ski ; coutures soud\u00e9es ; traitement coupe-vent et d\u00e9perlant ClimaProtect ; colonne d'eau 8.000 mm, respirabilit\u00e9 5.000 g\/m2\/24 MVP ; polyester 85%, \u00e9lasthanne 15%, doublure polyester 100%.<\/p>\n<p><strong>D\u00e9tails<\/strong><\/p>\n<p>Taille : 44<br \/>\nType de taille : Taille normale<br \/>\nComposition du mat\u00e9riau<br \/>\nDessus : polyester 85%, \u00e9lasthanne 15%<br \/>\nDoublure : polyester 100% ;<br \/>\nPropri\u00e9t\u00e9s du mat\u00e9riau : \u00e9lastique<br \/>\nConseils d'entretien : Lavage d\u00e9licat<br \/>\nStyle : sportif<br \/>\ncouleur : noir<br \/>\nLongueur de la coupe : longue<br \/>\nfermeture : fermeture \u00e9clair<br \/>\nSport : Ski alpin, Snowboard<\/p>","protected":false},"excerpt":{"rendered":"<h3>Caract\u00e9ristiques de l'article<\/h3>\n<p>\u00c9tat de l'article : Nouveau avec \u00e9tiquette : article neuf, non utilis\u00e9 et non port\u00e9 dans son emballage d'origine<\/p>\n<table border=\"0\" frame=\"VOID\" rules=\"NONE\" cellspacing=\"0\">\n<colgroup>\n<col width=\"154\" \/>\n<col width=\"418\" \/><\/colgroup>\n<tbody>\n<tr>\n<td align=\"LEFT\" width=\"154\" height=\"17\">Abteilung:<\/td>\n<td align=\"LEFT\" width=\"418\">Damen<\/td>\n<\/tr>\n<tr>\n<td align=\"LEFT\" height=\"17\">Aktivit\u00e4t:<\/td>\n<td align=\"LEFT\">Eislaufen, Rodeln, Schneeschuhwandern, Skifahren, Snowboarding<\/td>\n<\/tr>\n<tr>\n<td align=\"LEFT\" height=\"17\">Angebotspaket:<\/td>\n<td align=\"LEFT\">Nein<\/td>\n<\/tr>\n<tr>\n<td align=\"LEFT\" height=\"17\">Anlass:<\/td>\n<td align=\"LEFT\">Freizeit, Sport<\/td>\n<\/tr>\n<tr>\n<td align=\"LEFT\" height=\"17\">Ausgew\u00e4hlte Suchfilter:<\/td>\n<td align=\"LEFT\">Skihose Herren<\/td>\n<\/tr>\n<tr>\n<td align=\"LEFT\" height=\"17\">Particularit\u00e9s :<\/td>\n<td align=\"LEFT\">Mit G\u00fcrtel<\/td>\n<\/tr>\n<tr>\n<td align=\"LEFT\" height=\"17\">EAN:<\/td>\n<td align=\"LEFT\">8057258278240<\/td>\n<\/tr>\n<tr>\n<td align=\"LEFT\" height=\"17\">couleur :<\/td>\n<td align=\"LEFT\">Noir<\/td>\n<\/tr>\n<tr>\n<td align=\"LEFT\" height=\"17\">Gewebeart:<\/td>\n<td align=\"LEFT\">Kunstfaser<\/td>\n<\/tr>\n<tr>\n<td align=\"LEFT\" height=\"17\">taille :<\/td>\n<td align=\"LEFT\">44 - 46<\/td>\n<\/tr>\n<tr>\n<td align=\"LEFT\" height=\"17\">Gr\u00f6\u00dfenkategorie:<\/td>\n<td align=\"LEFT\">Normalgr\u00f6\u00dfe<\/td>\n<\/tr>\n<tr>\n<td align=\"LEFT\" height=\"17\">Marke:<\/td>\n<td align=\"LEFT\">CMP<\/td>\n<\/tr>\n<tr>\n<td align=\"LEFT\" height=\"17\">mat\u00e9riel :<\/td>\n<td align=\"LEFT\">Polyester 85%, \u00e9lasthanne 15%<\/td>\n<\/tr>\n<tr>\n<td align=\"LEFT\" height=\"17\">Modifizierter Artikel:<\/td>\n<td align=\"LEFT\">Nein<\/td>\n<\/tr>\n<tr>\n<td align=\"LEFT\" height=\"17\">Produktart:<\/td>\n<td align=\"LEFT\">Pantalons<\/td>\n<\/tr>\n<tr>\n<td align=\"LEFT\" height=\"17\">Schrittl\u00e4nge:<\/td>\n<td align=\"LEFT\">Ohne Angaben<\/td>\n<\/tr>\n<tr>\n<td align=\"LEFT\" height=\"17\">Stil:<\/td>\n<td align=\"LEFT\">Schneehose<\/td>\n<\/tr>\n<tr>\n<td align=\"LEFT\" height=\"17\">Taillenumfang:<\/td>\n<td align=\"LEFT\">Ohne Angaben<\/td>\n<\/tr>\n<tr>\n<td align=\"LEFT\" height=\"17\">Thema:<\/td>\n<td align=\"LEFT\">Wintersport<\/td>\n<\/tr>\n<tr>\n<td align=\"LEFT\" height=\"17\">Verschluss:<\/td>\n<td align=\"LEFT\">Fermeture \u00e0 glissi\u00e8re<\/td>\n<\/tr>\n<tr>\n<td align=\"LEFT\" height=\"17\">Vintage:<\/td>\n<td align=\"LEFT\">Nein<\/td>\n<\/tr>\n<\/tbody>\n<\/table>","protected":false},"featured_media":79776,"comment_status":"open","ping_status":"closed","template":"","meta":{"_seopress_robots_primary_cat":"","_seopress_titles_title":"","_seopress_titles_desc":"","_seopress_robots_index":""},"product_brand":[],"product_cat":[1348,1349,1455],"product_tag":[],"class_list":{"0":"post-79654","1":"product","2":"type-product","3":"status-publish","4":"has-post-thumbnail","6":"product_cat-damen-mode","7":"product_cat-hosen-damen-mode","8":"product_cat-regen-skihosen","9":"product_shipping_class-standard-versand","11":"first","12":"instock","13":"sale","14":"taxable","15":"shipping-taxable","16":"purchasable","17":"product-type-simple"},"_links":{"self":[{"href":"https:\/\/www.soanam.de\/fr\/wp-json\/wp\/v2\/product\/79654","targetHints":{"allow":["GET"]}}],"collection":[{"href":"https:\/\/www.soanam.de\/fr\/wp-json\/wp\/v2\/product"}],"about":[{"href":"https:\/\/www.soanam.de\/fr\/wp-json\/wp\/v2\/types\/product"}],"replies":[{"embeddable":true,"href":"https:\/\/www.soanam.de\/fr\/wp-json\/wp\/v2\/comments?post=79654"}],"wp:featuredmedia":[{"embeddable":true,"href":"https:\/\/www.soanam.de\/fr\/wp-json\/wp\/v2\/media\/79776"}],"wp:attachment":[{"href":"https:\/\/www.soanam.de\/fr\/wp-json\/wp\/v2\/media?parent=79654"}],"wp:term":[{"taxonomy":"product_brand","embeddable":true,"href":"https:\/\/www.soanam.de\/fr\/wp-json\/wp\/v2\/product_brand?post=79654"},{"taxonomy":"product_cat","embeddable":true,"href":"https:\/\/www.soanam.de\/fr\/wp-json\/wp\/v2\/product_cat?post=79654"},{"taxonomy":"product_tag","embeddable":true,"href":"https:\/\/www.soanam.de\/fr\/wp-json\/wp\/v2\/product_tag?post=79654"}],"curies":[{"name":"wp","href":"https:\/\/api.w.org\/{rel}","templated":true}]}}