{"id":79653,"date":"2023-12-13T23:15:55","date_gmt":"2023-12-13T22:15:55","guid":{"rendered":"https:\/\/www.soanam.de\/?post_type=product&#038;p=79653"},"modified":"2023-12-13T23:18:32","modified_gmt":"2023-12-13T22:18:32","slug":"alife-kickin-longweater-darliak-en-noir-taille-m","status":"publish","type":"product","link":"https:\/\/www.soanam.de\/fr\/produkt\/alife-kickin-longsweater-darliak-in-schwarz-groesse-m\/","title":{"rendered":"Alife &amp; Kickin sweat long DarliAK, en noir, taille M"},"content":{"rendered":"<p>Sweat \u00e0 manches longues de Alife &amp; Kickin<br \/>\nAvec bandes contrast\u00e9es<br \/>\nForme basique et d\u00e9contract\u00e9e<br \/>\nAvec le label typique de la marque<br \/>\nQualit\u00e9 jersey douce avec un pourcentage \u00e9lev\u00e9 de coton<\/p>\n<p>Tendance sweat long \u00e0 rayures contrast\u00e9es de Alife &amp; Kickin dans une forme basique et d\u00e9contract\u00e9e.<br \/>\nLa marque pr\u00e9f\u00e9r\u00e9e avec le c\u0153ur - le sweat avec l'\u00e9tiquette typique de la marque.<br \/>\nGr\u00e2ce \u00e0 sa qualit\u00e9 de jersey doux avec un pourcentage \u00e9lev\u00e9 de coton, le sweat-shirt est super confortable et ais\u00e9.<\/p>\n<p>Mat\u00e9riau : polyester 65%, coton 35%<br \/>\nConseils d'entretien : Lavage en machine<\/p>\n<p>couleur : noir<br \/>\n\u00c9chantillon : sans<br \/>\nTaille : M<\/p>\n<p>Largeur des \u00e9paules : 40cm<br \/>\nTour de poitrine : 98cm<br \/>\nLongueur des manches : 66cm<br \/>\nlongueur totale : 85cm<\/p>","protected":false},"excerpt":{"rendered":"<table class=\"dv_characteristicsTable\">\n<tbody>\n<tr>\n<td class=\"left\">Taille<\/td>\n<td>M<\/td>\n<\/tr>\n<tr>\n<td class=\"left\">Gr\u00f6\u00dfentyp<\/td>\n<td>Normalgr\u00f6\u00dfen<\/td>\n<\/tr>\n<tr>\n<td class=\"left\">Composition du mat\u00e9riau<\/td>\n<td>Obermaterial: 65% Polyester, 35% Baumwolle<\/td>\n<\/tr>\n<tr>\n<td class=\"left\">Conseils d'entretien<\/td>\n<td>Lavage en machine<\/td>\n<\/tr>\n<tr>\n<td class=\"left\">Stil<\/td>\n<td>casual<\/td>\n<\/tr>\n<tr>\n<td class=\"left\">Herstellerfarbbezeichnung<\/td>\n<td>black<\/td>\n<\/tr>\n<tr>\n<td class=\"left\">Couleur<\/td>\n<td>schwarz<\/td>\n<\/tr>\n<tr>\n<td class=\"left\">Besondere Merkmale<\/td>\n<td>trendy Longsweater mit Kontraststreifen<\/td>\n<\/tr>\n<\/tbody>\n<\/table>","protected":false},"featured_media":79772,"comment_status":"open","ping_status":"closed","template":"","meta":{"_seopress_robots_primary_cat":"","_seopress_titles_title":"","_seopress_titles_desc":"","_seopress_robots_index":""},"product_brand":[],"product_cat":[1348,1456,1577],"product_tag":[],"class_list":{"0":"post-79653","1":"product","2":"type-product","3":"status-publish","4":"has-post-thumbnail","6":"product_cat-damen-mode","7":"product_cat-pullover-sweater","8":"product_cat-sweatshirts","9":"product_shipping_class-standard-versand","11":"first","12":"instock","13":"sale","14":"taxable","15":"shipping-taxable","16":"purchasable","17":"product-type-simple"},"_links":{"self":[{"href":"https:\/\/www.soanam.de\/fr\/wp-json\/wp\/v2\/product\/79653","targetHints":{"allow":["GET"]}}],"collection":[{"href":"https:\/\/www.soanam.de\/fr\/wp-json\/wp\/v2\/product"}],"about":[{"href":"https:\/\/www.soanam.de\/fr\/wp-json\/wp\/v2\/types\/product"}],"replies":[{"embeddable":true,"href":"https:\/\/www.soanam.de\/fr\/wp-json\/wp\/v2\/comments?post=79653"}],"wp:featuredmedia":[{"embeddable":true,"href":"https:\/\/www.soanam.de\/fr\/wp-json\/wp\/v2\/media\/79772"}],"wp:attachment":[{"href":"https:\/\/www.soanam.de\/fr\/wp-json\/wp\/v2\/media?parent=79653"}],"wp:term":[{"taxonomy":"product_brand","embeddable":true,"href":"https:\/\/www.soanam.de\/fr\/wp-json\/wp\/v2\/product_brand?post=79653"},{"taxonomy":"product_cat","embeddable":true,"href":"https:\/\/www.soanam.de\/fr\/wp-json\/wp\/v2\/product_cat?post=79653"},{"taxonomy":"product_tag","embeddable":true,"href":"https:\/\/www.soanam.de\/fr\/wp-json\/wp\/v2\/product_tag?post=79653"}],"curies":[{"name":"wp","href":"https:\/\/api.w.org\/{rel}","templated":true}]}}