{"id":79652,"date":"2023-12-13T23:15:55","date_gmt":"2023-12-13T22:15:55","guid":{"rendered":"https:\/\/www.soanam.de\/?post_type=product&#038;p=79652"},"modified":"2023-12-13T23:18:28","modified_gmt":"2023-12-13T22:18:28","slug":"nike-run-ecofill-running-top-pour-homme-veste-de-course-en-jaune-gr-m","status":"publish","type":"product","link":"https:\/\/www.soanam.de\/fr\/produkt\/nike-run-ecofill-running-top-fuer-herren-laufjacke-in-gelb-gr-m\/","title":{"rendered":"Nike Run Ecofill Running Top pour hommes, veste de course, en jaune, taille M"},"content":{"rendered":"<h3>Description<\/h3>\n<p>IMPERM\u00c9ABLE ET CHAUDE. La veste Nike Run Division offre un design d\u00e9perlant de premier ordre pour ta course par temps humide. Gr\u00e2ce \u00e0 sa conception l\u00e9g\u00e8re, elle se range facilement lorsque tu ne l'utilises pas. Un syst\u00e8me de chaleur Cette saison, la Run Division se d\u00e9place en ville, avec des designs croustillants et pratiques pour chaque moment de la journ\u00e9e. Gr\u00e2ce au design r\u00e9fl\u00e9chissant sur la fermeture \u00e9clair et au centre de la poitrine gauche, c'est exactement ce qu'il faut pour les courses par temps froid. Porte ce haut avec d'autres styles de la Run Division pour profiter pleinement du syst\u00e8me thermique coordonn\u00e9. Reste au chaud Le nylon l\u00e9ger est d\u00e9perlant et te garde au sec. La doublure en tricot doux est agr\u00e9able sur la peau, tandis que le rembourrage recycl\u00e9 te permet de rester au chaud m\u00eame par temps froid. Espace de rangement pour ton \u00e9quipement Une poche \u00e0 l'arri\u00e8re permet de ranger tes essentiels. Le haut peut \u00eatre rang\u00e9 dans la poche.<\/p>\n<p><strong>INFORMATIONS COMPL\u00c9MENTAIRES<\/strong><\/p>\n<p>Activit\u00e9 : course \u00e0 pied, fitness<br \/>\nCouleur : jaune<br \/>\nSexe : Homme<br \/>\nMod\u00e8le : Run<br \/>\nDessus : hydrofuge<br \/>\nMarque : Nike<br \/>\nSurpiq\u00fbre de division de course de 26 degr\u00e9s sur le devant<br \/>\nNe convient pas \u00e0 l'utilisation comme \u00e9quipement de protection individuelle<br \/>\nCorps : 100 % nylon ; empi\u00e8cement : 99 % nylon\/1 % \u00e9lasthanne ; doublure\/remplissage : 100 % polyester<br \/>\nLavage en machine<\/p>","protected":false},"excerpt":{"rendered":"<h3>Caract\u00e9ristiques de l'article<\/h3>\n<p>\u00c9tat de l'article : Nouveau avec \u00e9tiquette : article neuf, non utilis\u00e9 et non port\u00e9 dans son emballage d'origine<\/p>\n<table border=\"0\" frame=\"VOID\" rules=\"NONE\" cellspacing=\"0\">\n<colgroup>\n<col width=\"141\" \/>\n<col width=\"182\" \/><\/colgroup>\n<tbody>\n<tr>\n<td align=\"LEFT\" width=\"141\" height=\"17\">Abteilung:<\/td>\n<td align=\"LEFT\" width=\"182\">Herren<\/td>\n<\/tr>\n<tr>\n<td align=\"LEFT\" height=\"17\">Aktivit\u00e4t:<\/td>\n<td align=\"LEFT\">Laufen &amp; Joggen<\/td>\n<\/tr>\n<tr>\n<td align=\"LEFT\" height=\"17\">Anlass:<\/td>\n<td align=\"LEFT\">Sport<\/td>\n<\/tr>\n<tr>\n<td align=\"LEFT\" height=\"17\">\u00c4rmell\u00e4nge:<\/td>\n<td align=\"LEFT\">Manches longues<\/td>\n<\/tr>\n<tr>\n<td align=\"LEFT\" height=\"17\">Ausschnitt:<\/td>\n<td align=\"LEFT\">Runder Ausschnitt<\/td>\n<\/tr>\n<tr>\n<td align=\"LEFT\" height=\"17\">Particularit\u00e9s :<\/td>\n<td align=\"LEFT\">wasserabweisend, w\u00e4rmend<\/td>\n<\/tr>\n<tr>\n<td align=\"LEFT\" height=\"17\">Charakter Familie:<\/td>\n<td align=\"LEFT\">Ohne<\/td>\n<\/tr>\n<tr>\n<td align=\"LEFT\" height=\"17\">Charakter:<\/td>\n<td align=\"LEFT\">ohne<\/td>\n<\/tr>\n<tr>\n<td align=\"LEFT\" height=\"17\">EAN:<\/td>\n<td align=\"LEFT\">194498412626<\/td>\n<\/tr>\n<tr>\n<td align=\"LEFT\" height=\"17\">couleur :<\/td>\n<td align=\"LEFT\">Jaune<\/td>\n<\/tr>\n<tr>\n<td align=\"LEFT\" height=\"17\">taille :<\/td>\n<td align=\"LEFT\">M<\/td>\n<\/tr>\n<tr>\n<td align=\"LEFT\" height=\"17\">Gr\u00f6\u00dfenkategorie:<\/td>\n<td align=\"LEFT\">Normalgr\u00f6\u00dfe<\/td>\n<\/tr>\n<tr>\n<td align=\"LEFT\" height=\"17\">Kompressionsstufe:<\/td>\n<td align=\"LEFT\">nicht zutreffend<\/td>\n<\/tr>\n<tr>\n<td align=\"LEFT\" height=\"17\">Marke:<\/td>\n<td align=\"LEFT\">Nike<\/td>\n<\/tr>\n<tr>\n<td align=\"LEFT\" height=\"17\">mat\u00e9riel :<\/td>\n<td align=\"LEFT\">Nylon<\/td>\n<\/tr>\n<tr>\n<td align=\"LEFT\" height=\"17\">\u00e9chantillon :<\/td>\n<td align=\"LEFT\">Ohne Muster<\/td>\n<\/tr>\n<tr>\n<td align=\"LEFT\" height=\"17\">Ajustement :<\/td>\n<td align=\"LEFT\">Regular<\/td>\n<\/tr>\n<tr>\n<td align=\"LEFT\" height=\"17\">Produktart:<\/td>\n<td align=\"LEFT\">Laufshirt<\/td>\n<\/tr>\n<tr>\n<td align=\"LEFT\" height=\"17\">Stil:<\/td>\n<td align=\"LEFT\">Pullover<\/td>\n<\/tr>\n<tr>\n<td align=\"LEFT\" height=\"17\">Vintage:<\/td>\n<td align=\"LEFT\">Nein<\/td>\n<\/tr>\n<\/tbody>\n<\/table>","protected":false},"featured_media":79769,"comment_status":"open","ping_status":"closed","template":"","meta":{"_seopress_robots_primary_cat":"","_seopress_titles_title":"","_seopress_titles_desc":"","_seopress_robots_index":""},"product_brand":[],"product_cat":[1345,1365,1545,1546],"product_tag":[],"class_list":{"0":"post-79652","1":"product","2":"type-product","3":"status-publish","4":"has-post-thumbnail","6":"product_cat-herrenmode","7":"product_cat-sportbekleidung","8":"product_cat-shirts-sportbekleidung","9":"product_cat-langarm-shirts-sportbekleidung","10":"product_shipping_class-standard-versand","12":"first","13":"instock","14":"sale","15":"taxable","16":"shipping-taxable","17":"purchasable","18":"product-type-simple"},"_links":{"self":[{"href":"https:\/\/www.soanam.de\/fr\/wp-json\/wp\/v2\/product\/79652","targetHints":{"allow":["GET"]}}],"collection":[{"href":"https:\/\/www.soanam.de\/fr\/wp-json\/wp\/v2\/product"}],"about":[{"href":"https:\/\/www.soanam.de\/fr\/wp-json\/wp\/v2\/types\/product"}],"replies":[{"embeddable":true,"href":"https:\/\/www.soanam.de\/fr\/wp-json\/wp\/v2\/comments?post=79652"}],"wp:featuredmedia":[{"embeddable":true,"href":"https:\/\/www.soanam.de\/fr\/wp-json\/wp\/v2\/media\/79769"}],"wp:attachment":[{"href":"https:\/\/www.soanam.de\/fr\/wp-json\/wp\/v2\/media?parent=79652"}],"wp:term":[{"taxonomy":"product_brand","embeddable":true,"href":"https:\/\/www.soanam.de\/fr\/wp-json\/wp\/v2\/product_brand?post=79652"},{"taxonomy":"product_cat","embeddable":true,"href":"https:\/\/www.soanam.de\/fr\/wp-json\/wp\/v2\/product_cat?post=79652"},{"taxonomy":"product_tag","embeddable":true,"href":"https:\/\/www.soanam.de\/fr\/wp-json\/wp\/v2\/product_tag?post=79652"}],"curies":[{"name":"wp","href":"https:\/\/api.w.org\/{rel}","templated":true}]}}