{"id":79651,"date":"2023-12-13T23:15:54","date_gmt":"2023-12-13T22:15:54","guid":{"rendered":"https:\/\/www.soanam.de\/?post_type=product&#038;p=79651"},"modified":"2023-12-13T23:18:18","modified_gmt":"2023-12-13T22:18:18","slug":"short-de-bain-chiemsee-avec-logo-imprime-bleu-marine-taille-s","status":"publish","type":"product","link":"https:\/\/www.soanam.de\/fr\/produkt\/chiemsee-badeshorts-mit-logoprint-in-navy-groesse-s\/","title":{"rendered":"Short de bain Chiemsee avec logo imprim\u00e9, en bleu marine, taille S"},"content":{"rendered":"<p>Chiemsee short de bain pour hommes \u00e0 rayures<br \/>\nLogo Chiemsee imprim\u00e9<br \/>\nPoche int\u00e9rieure (poche pour la monnaie ou les cl\u00e9s)<br \/>\nAvec une taille \u00e9lastique et un lien \u00e0 nouer<\/p>\n<p>Le short de bain pour hommes de Chiemsee avec une taille \u00e9lastique a un slip en mesh \u00e0 l'int\u00e9rieur, un cordon de serrage int\u00e9rieur, une poche int\u00e9rieure (poche pour la monnaie ou les cl\u00e9s).<br \/>\nLe short de bain \u00e0 rayures pr\u00e9sente un grand logo Chiemsee imprim\u00e9.<\/p>\n<p>Mat\u00e9riau : polyester 100%<br \/>\nConseils d'entretien : Lavage en machine<\/p>\n<p>couleur : navy<br \/>\nmotif : rayures<br \/>\nTaille : S<\/p>\n<p>Tour de taille : 77cm<br \/>\nlongueur totale : 43cm<\/p>","protected":false},"excerpt":{"rendered":"<p>Mat\u00e9riau : polyester 100%<br \/>\nConseils d'entretien : Lavage en machine<\/p>\n<p>couleur : navy<br \/>\nMuster: Nadelstreifen, Logo<br \/>\nTaille : S<\/p>\n<p>Tour de taille : 77cm<br \/>\nlongueur totale : 43cm<\/p>","protected":false},"featured_media":79764,"comment_status":"open","ping_status":"closed","template":"","meta":{"_seopress_robots_primary_cat":"","_seopress_titles_title":"","_seopress_titles_desc":"","_seopress_robots_index":""},"product_brand":[],"product_cat":[1345,1581,1582],"product_tag":[],"class_list":{"0":"post-79651","1":"product","2":"type-product","3":"status-publish","4":"has-post-thumbnail","6":"product_cat-herrenmode","7":"product_cat-bademode-herrenmode","8":"product_cat-badeshorts","9":"product_shipping_class-standard-versand","11":"first","12":"instock","13":"sale","14":"taxable","15":"shipping-taxable","16":"purchasable","17":"product-type-simple"},"_links":{"self":[{"href":"https:\/\/www.soanam.de\/fr\/wp-json\/wp\/v2\/product\/79651","targetHints":{"allow":["GET"]}}],"collection":[{"href":"https:\/\/www.soanam.de\/fr\/wp-json\/wp\/v2\/product"}],"about":[{"href":"https:\/\/www.soanam.de\/fr\/wp-json\/wp\/v2\/types\/product"}],"replies":[{"embeddable":true,"href":"https:\/\/www.soanam.de\/fr\/wp-json\/wp\/v2\/comments?post=79651"}],"wp:featuredmedia":[{"embeddable":true,"href":"https:\/\/www.soanam.de\/fr\/wp-json\/wp\/v2\/media\/79764"}],"wp:attachment":[{"href":"https:\/\/www.soanam.de\/fr\/wp-json\/wp\/v2\/media?parent=79651"}],"wp:term":[{"taxonomy":"product_brand","embeddable":true,"href":"https:\/\/www.soanam.de\/fr\/wp-json\/wp\/v2\/product_brand?post=79651"},{"taxonomy":"product_cat","embeddable":true,"href":"https:\/\/www.soanam.de\/fr\/wp-json\/wp\/v2\/product_cat?post=79651"},{"taxonomy":"product_tag","embeddable":true,"href":"https:\/\/www.soanam.de\/fr\/wp-json\/wp\/v2\/product_tag?post=79651"}],"curies":[{"name":"wp","href":"https:\/\/api.w.org\/{rel}","templated":true}]}}