{"id":79650,"date":"2023-12-13T23:15:54","date_gmt":"2023-12-13T22:15:54","guid":{"rendered":"https:\/\/www.soanam.de\/?post_type=product&#038;p=79650"},"modified":"2023-12-13T23:18:15","modified_gmt":"2023-12-13T22:18:15","slug":"4th-reckless-combinaison-femme-apollo-blazer-asymetrique-split-leg-flare-pants-gr-34","status":"publish","type":"product","link":"https:\/\/www.soanam.de\/fr\/produkt\/4th-reckless-damenanzug-apollo-asymmetrical-blazer-split-leg-flare-pants-gr-34\/","title":{"rendered":"4th &amp; RECKLESS Costume femme Apollo - Blazer asym\u00e9trique + Split Leg Flare Pants, taille 34"},"content":{"rendered":"<h3>Description<\/h3>\n<p>Portez ce blazer vif avec un revers propre et une fermeture \u00e0 boutons d\u00e9centr\u00e9e de couleur vive.<\/p>\n<p>fermeture \u00e0 boutons sur le devant<br \/>\nRevers entaill\u00e9s<br \/>\nPoches du rabat frontal<br \/>\nDoubl\u00e9<\/p>\n<p>Mati\u00e8re : 92% polyester, 8% \u00e9lasthanne<br \/>\nEntretien : lavage en machine<\/p>\n<p><strong>DETAILS Pantalon<\/strong><\/p>\n<p>Portez un pantalon \u00e0 taille haute et des jambes dramatiques et \u00e9vas\u00e9es, fendues \u00e0 l'int\u00e9rieur pour permettre des mouvements funky.<\/p>\n<p>fermeture \u00e0 glissi\u00e8re avec crochet<br \/>\nOurlet flare avec fentes<\/p>\n<p>Mati\u00e8re : 75% polyester, 19% viscose, 6% \u00e9lasthanne<br \/>\nEntretien : lavage en machine<\/p>","protected":false},"excerpt":{"rendered":"<h3>Caract\u00e9ristiques de l'article<\/h3>\n<p>\u00c9tat de l'article : Nouveau avec \u00e9tiquette : article neuf, non utilis\u00e9 et non port\u00e9 dans son emballage d'origine<\/p>\n<table border=\"0\" frame=\"VOID\" rules=\"NONE\" cellspacing=\"0\">\n<colgroup>\n<col width=\"141\" \/>\n<col width=\"182\" \/><\/colgroup>\n<tbody>\n<tr>\n<td align=\"LEFT\" width=\"141\" height=\"17\">Abteilung:<\/td>\n<td align=\"LEFT\" width=\"182\">Damen<\/td>\n<\/tr>\n<tr>\n<td align=\"LEFT\" height=\"17\">Anlass:<\/td>\n<td align=\"LEFT\">Business<\/td>\n<\/tr>\n<tr>\n<td align=\"LEFT\" height=\"17\">Anzahl der Teile:<\/td>\n<td align=\"LEFT\">2-teilig<\/td>\n<\/tr>\n<tr>\n<td align=\"LEFT\" height=\"17\">couleur :<\/td>\n<td align=\"LEFT\">Teal<\/td>\n<\/tr>\n<tr>\n<td align=\"LEFT\" height=\"17\">Gewebeart:<\/td>\n<td align=\"LEFT\">Mischgewebe<\/td>\n<\/tr>\n<tr>\n<td align=\"LEFT\" height=\"17\">taille :<\/td>\n<td align=\"LEFT\">34<\/td>\n<\/tr>\n<tr>\n<td align=\"LEFT\" height=\"17\">Gr\u00f6\u00dfenkategorie:<\/td>\n<td align=\"LEFT\">Normalgr\u00f6\u00dfe<\/td>\n<\/tr>\n<tr>\n<td align=\"LEFT\" height=\"17\">Jacken-\/Mantell\u00e4nge:<\/td>\n<td align=\"LEFT\">Normal<\/td>\n<\/tr>\n<tr>\n<td align=\"LEFT\" height=\"17\">Jackenrevers-Form:<\/td>\n<td align=\"LEFT\">Reversekragen<\/td>\n<\/tr>\n<tr>\n<td align=\"LEFT\" height=\"17\">Marke:<\/td>\n<td align=\"LEFT\">4TH &amp; RECKLESS<\/td>\n<\/tr>\n<tr>\n<td align=\"LEFT\" height=\"17\">mat\u00e9riel :<\/td>\n<td align=\"LEFT\">\u00e9lasthanne, polyester, viscose<\/td>\n<\/tr>\n<tr>\n<td align=\"LEFT\" height=\"17\">Produktart:<\/td>\n<td align=\"LEFT\">Anzug<\/td>\n<\/tr>\n<tr>\n<td align=\"LEFT\" height=\"17\">Set enth\u00e4lt:<\/td>\n<td align=\"LEFT\">Hose, Jacke<\/td>\n<\/tr>\n<tr>\n<td align=\"LEFT\" height=\"17\">Stil:<\/td>\n<td align=\"LEFT\">Hosenanzug<\/td>\n<\/tr>\n<tr>\n<td align=\"LEFT\" height=\"17\">Thema:<\/td>\n<td align=\"LEFT\">Adrett<\/td>\n<\/tr>\n<tr>\n<td align=\"LEFT\" height=\"17\">Vintage:<\/td>\n<td align=\"LEFT\">Nein<\/td>\n<\/tr>\n<\/tbody>\n<\/table>","protected":false},"featured_media":79752,"comment_status":"open","ping_status":"closed","template":"","meta":{"_seopress_robots_primary_cat":"","_seopress_titles_title":"","_seopress_titles_desc":"","_seopress_robots_index":""},"product_brand":[],"product_cat":[1348,1543,1580],"product_tag":[],"class_list":{"0":"post-79650","1":"product","2":"type-product","3":"status-publish","4":"has-post-thumbnail","6":"product_cat-damen-mode","7":"product_cat-anzuege","8":"product_cat-blazer-hose","9":"product_shipping_class-standard-versand","11":"first","12":"instock","13":"sale","14":"taxable","15":"shipping-taxable","16":"purchasable","17":"product-type-simple"},"_links":{"self":[{"href":"https:\/\/www.soanam.de\/fr\/wp-json\/wp\/v2\/product\/79650","targetHints":{"allow":["GET"]}}],"collection":[{"href":"https:\/\/www.soanam.de\/fr\/wp-json\/wp\/v2\/product"}],"about":[{"href":"https:\/\/www.soanam.de\/fr\/wp-json\/wp\/v2\/types\/product"}],"replies":[{"embeddable":true,"href":"https:\/\/www.soanam.de\/fr\/wp-json\/wp\/v2\/comments?post=79650"}],"wp:featuredmedia":[{"embeddable":true,"href":"https:\/\/www.soanam.de\/fr\/wp-json\/wp\/v2\/media\/79752"}],"wp:attachment":[{"href":"https:\/\/www.soanam.de\/fr\/wp-json\/wp\/v2\/media?parent=79650"}],"wp:term":[{"taxonomy":"product_brand","embeddable":true,"href":"https:\/\/www.soanam.de\/fr\/wp-json\/wp\/v2\/product_brand?post=79650"},{"taxonomy":"product_cat","embeddable":true,"href":"https:\/\/www.soanam.de\/fr\/wp-json\/wp\/v2\/product_cat?post=79650"},{"taxonomy":"product_tag","embeddable":true,"href":"https:\/\/www.soanam.de\/fr\/wp-json\/wp\/v2\/product_tag?post=79650"}],"curies":[{"name":"wp","href":"https:\/\/api.w.org\/{rel}","templated":true}]}}