{"id":79649,"date":"2023-12-13T23:15:54","date_gmt":"2023-12-13T22:15:54","guid":{"rendered":"https:\/\/www.soanam.de\/?post_type=product&#038;p=79649"},"modified":"2023-12-13T23:17:54","modified_gmt":"2023-12-13T22:17:54","slug":"dune-london-dawsson-sac-a-dos-de-jour-en-noir-40-x-36-x-12-cm","status":"publish","type":"product","link":"https:\/\/www.soanam.de\/fr\/produkt\/dune-london-dawsson-tagesrucksack-in-schwarz-40-x-36-x-12-cm\/","title":{"rendered":"Dune London DAWSSON, sac \u00e0 dos de jour, en noir, 40 x 36 x 12 cm"},"content":{"rendered":"<h3>Description<\/h3>\n<p>Associe un beau design \u00e0 une fonctionnalit\u00e9 moderne. Avec de nombreuses caract\u00e9ristiques et un compartiment pratique pour l'ordinateur portable \u00e0 l'arri\u00e8re. Portez-le confortablement avec les doubles sangles ou optez pour la poign\u00e9e sup\u00e9rieure.<\/p>\n<p><strong>D\u00e9tails<\/strong><br \/>\nSangles d'\u00e9paule r\u00e9glables en longueur,<br \/>\nune poche de chaque c\u00f4t\u00e9,<br \/>\nune poche zipp\u00e9e \u00e0 l'avant,<br \/>\nune pochette et une poche zipp\u00e9e \u00e0 l'int\u00e9rieur<br \/>\nPoches : Poche pour ordinateur portable, poche pour t\u00e9l\u00e9phone portable<br \/>\nFermeture : fermeture magn\u00e9tique<br \/>\nmotif : couleurs unies<br \/>\nD\u00e9tails : fermeture \u00e0 glissi\u00e8re double sens<\/p>\n<p><strong>Coupe<\/strong><br \/>\nHauteur : 40 cm pour la taille One Size<br \/>\nLongueur : 36 cm pour la taille One Size<br \/>\nLargeur : 12 cm pour la taille One Size<br \/>\nanse : 7 cm pour la taille One Size<\/p>\n<p><strong>mat\u00e9riel :<\/strong><br \/>\nSynth\u00e9tique<br \/>\nMat\u00e9riau sup\u00e9rieur : polyur\u00e9thane<br \/>\nDoublure : polyester<br \/>\nConstruction du mat\u00e9riau : cuir synth\u00e9tique<\/p>","protected":false},"excerpt":{"rendered":"<h3>Caract\u00e9ristiques de l'article<\/h3>\n<p>\u00c9tat de l'article : Nouveau avec \u00e9tiquette : article neuf, non utilis\u00e9 et non port\u00e9 dans son emballage d'origine<\/p>\n<table border=\"0\" frame=\"VOID\" rules=\"NONE\" cellspacing=\"0\">\n<colgroup>\n<col width=\"123\" \/>\n<col width=\"205\" \/><\/colgroup>\n<tbody>\n<tr>\n<td align=\"LEFT\" width=\"123\" height=\"17\">Design:<\/td>\n<td align=\"LEFT\" width=\"205\">Logo<\/td>\n<\/tr>\n<tr>\n<td align=\"LEFT\" height=\"17\">EAN:<\/td>\n<td align=\"LEFT\">5059549190517<\/td>\n<\/tr>\n<tr>\n<td align=\"LEFT\" height=\"17\">Caract\u00e9ristiques :<\/td>\n<td align=\"LEFT\">F\u00fcr Laptop<\/td>\n<\/tr>\n<tr>\n<td align=\"LEFT\" height=\"17\">couleur :<\/td>\n<td align=\"LEFT\">Noir<\/td>\n<\/tr>\n<tr>\n<td align=\"LEFT\" height=\"17\">Geschlecht:<\/td>\n<td align=\"LEFT\">Unisexe<\/td>\n<\/tr>\n<tr>\n<td align=\"LEFT\" height=\"17\">Herstellernummer:<\/td>\n<td align=\"LEFT\">195097000310385000<\/td>\n<\/tr>\n<tr>\n<td align=\"LEFT\" height=\"17\">Marke:<\/td>\n<td align=\"LEFT\">Dune London<\/td>\n<\/tr>\n<tr>\n<td align=\"LEFT\" height=\"17\">Produktart:<\/td>\n<td align=\"LEFT\">Arbeitsrucksack\/Schulrucksack<\/td>\n<\/tr>\n<\/tbody>\n<\/table>","protected":false},"featured_media":79745,"comment_status":"open","ping_status":"closed","template":"","meta":{"_seopress_robots_primary_cat":"","_seopress_titles_title":"","_seopress_titles_desc":"","_seopress_robots_index":""},"product_brand":[],"product_cat":[1345,1348,1357,1358,1387,1409,1410,1579],"product_tag":[],"class_list":{"0":"post-79649","1":"product","2":"type-product","3":"status-publish","4":"has-post-thumbnail","6":"product_cat-herrenmode","7":"product_cat-damen-mode","8":"product_cat-accessoires","9":"product_cat-taschen","10":"product_cat-accessoires-herrenmode","11":"product_cat-taschen-accessoires-herrenmode","12":"product_cat-rucksaecke-taschen-accessoires-herrenmode","13":"product_cat-tragetaschen","14":"product_shipping_class-standard-versand","16":"first","17":"instock","18":"sale","19":"taxable","20":"shipping-taxable","21":"purchasable","22":"product-type-simple"},"_links":{"self":[{"href":"https:\/\/www.soanam.de\/fr\/wp-json\/wp\/v2\/product\/79649","targetHints":{"allow":["GET"]}}],"collection":[{"href":"https:\/\/www.soanam.de\/fr\/wp-json\/wp\/v2\/product"}],"about":[{"href":"https:\/\/www.soanam.de\/fr\/wp-json\/wp\/v2\/types\/product"}],"replies":[{"embeddable":true,"href":"https:\/\/www.soanam.de\/fr\/wp-json\/wp\/v2\/comments?post=79649"}],"wp:featuredmedia":[{"embeddable":true,"href":"https:\/\/www.soanam.de\/fr\/wp-json\/wp\/v2\/media\/79745"}],"wp:attachment":[{"href":"https:\/\/www.soanam.de\/fr\/wp-json\/wp\/v2\/media?parent=79649"}],"wp:term":[{"taxonomy":"product_brand","embeddable":true,"href":"https:\/\/www.soanam.de\/fr\/wp-json\/wp\/v2\/product_brand?post=79649"},{"taxonomy":"product_cat","embeddable":true,"href":"https:\/\/www.soanam.de\/fr\/wp-json\/wp\/v2\/product_cat?post=79649"},{"taxonomy":"product_tag","embeddable":true,"href":"https:\/\/www.soanam.de\/fr\/wp-json\/wp\/v2\/product_tag?post=79649"}],"curies":[{"name":"wp","href":"https:\/\/api.w.org\/{rel}","templated":true}]}}