{"id":79633,"date":"2023-12-13T23:15:32","date_gmt":"2023-12-13T22:15:32","guid":{"rendered":"https:\/\/www.soanam.de\/?post_type=product&#038;p=79633"},"modified":"2023-12-13T23:17:40","modified_gmt":"2023-12-13T22:17:40","slug":"beachtime-2-pcs-ensemble-leggings-et-top-long-en-noir-marron-taille-36-38","status":"publish","type":"product","link":"https:\/\/www.soanam.de\/fr\/produkt\/beachtime-2-tlg-set-aus-leggings-und-longtop-in-schwarz-braun-groesse-36-38\/","title":{"rendered":"Beachtime ensemble 2 pi\u00e8ces leggings et top long, noir, marron, taille 36\/38"},"content":{"rendered":"<p>Set d'\u00e9t\u00e9 2 pi\u00e8ces de Beachtime<br \/>\nTop long \u00e0 la coupe asym\u00e9trique<br \/>\nFente sur le c\u00f4t\u00e9<br \/>\nLeggings avec d\u00e9tail d\u00e9coup\u00e9 \u00e0 la fin<br \/>\nEn qualit\u00e9 jersey confortable<\/p>\n<p>L'ensemble d'\u00e9t\u00e9 compos\u00e9 d'un top et d'un legging de Beachtime t'accompagne partout o\u00f9 tu vas.<br \/>\nLe top extra-long \u00e0 la coupe asym\u00e9trique \u00e0 l'ourlet, \u00e0 l'imprim\u00e9 allover et aux fentes lat\u00e9rales, attire tous les regards.<br \/>\nLes leggings simples compl\u00e8tent parfaitement le haut au tomb\u00e9 fluide et les d\u00e9coupes minimales sur le bas des jambes montrent un petit plus.<\/p>\n<p>Mat\u00e9riau : Ext\u00e9rieur : 92% coton , 8% \u00e9lasthanne. Dessus : 100% viscose<br \/>\nConseils d'entretien : Lavage en machine<\/p>\n<p>Couleur : haut : marron, imprim\u00e9. Pantalon : noir<br \/>\nmotif : imprim\u00e9 animalier<br \/>\nTaille : 36\/38<\/p>\n<p>Haut Pantalon<br \/>\nTour de poitrine : 84cm Entrejambe : 51cm<br \/>\nlongueur totale : 98cm longueur totale : 70cm<\/p>\n<p>Il s'agit pour ce nouvel article d'un retour client sans \u00e9tiquette.<\/p>","protected":false},"excerpt":{"rendered":"<table class=\"dv_characteristicsTable\">\n<tbody>\n<tr>\n<td class=\"left\">Taille<\/td>\n<td>36\/38<\/td>\n<\/tr>\n<tr>\n<td class=\"left\">Gr\u00f6\u00dfentyp<\/td>\n<td>Normalgr\u00f6\u00dfen<\/td>\n<\/tr>\n<tr>\n<td class=\"left\">Composition du mat\u00e9riau<\/td>\n<td>Obermaterial: 92% Baumwolle\u00a0, 8% Elasthan. Oberteil: 100% Viskose<\/td>\n<\/tr>\n<tr>\n<td class=\"left\">Materialart<\/td>\n<td>Jersey<\/td>\n<\/tr>\n<tr>\n<td class=\"left\">Materialeigenschaften<\/td>\n<td>Stretch<\/td>\n<\/tr>\n<tr>\n<td class=\"left\">Conseils d'entretien<\/td>\n<td>Lavage en machine<\/td>\n<\/tr>\n<tr>\n<td class=\"left\">Stil<\/td>\n<td>casual<\/td>\n<\/tr>\n<tr>\n<td class=\"left\">Couleur<\/td>\n<td>braun, bedruckt<\/td>\n<\/tr>\n<tr>\n<td class=\"left\">Farbe Packst\u00fcck 2<\/td>\n<td>schwarz<\/td>\n<\/tr>\n<tr>\n<td class=\"left\">Ausschnitt<\/td>\n<td>Rundhals<\/td>\n<\/tr>\n<tr>\n<td class=\"left\">\u00c4rmel<\/td>\n<td>ohne \u00c4rmel<\/td>\n<\/tr>\n<tr>\n<td class=\"left\">Coupe<\/td>\n<td>figurumspielend<\/td>\n<\/tr>\n<tr>\n<td class=\"left\">Schnittdetails<\/td>\n<td>asymmetrisch<\/td>\n<\/tr>\n<tr>\n<td class=\"left\">Schnittform L\u00e4nge<\/td>\n<td>knielang<\/td>\n<\/tr>\n<tr>\n<td class=\"left\">Besondere Merkmale<\/td>\n<td>in Animalprint<\/td>\n<\/tr>\n<\/tbody>\n<\/table>","protected":false},"featured_media":79736,"comment_status":"open","ping_status":"closed","template":"","meta":{"_seopress_robots_primary_cat":"","_seopress_titles_title":"","_seopress_titles_desc":"","_seopress_robots_index":""},"product_brand":[],"product_cat":[1348,1578],"product_tag":[],"class_list":{"0":"post-79633","1":"product","2":"type-product","3":"status-publish","4":"has-post-thumbnail","6":"product_cat-damen-mode","7":"product_cat-sets-damen-mode","8":"product_shipping_class-standard-versand","10":"first","11":"instock","12":"sale","13":"taxable","14":"shipping-taxable","15":"purchasable","16":"product-type-simple"},"_links":{"self":[{"href":"https:\/\/www.soanam.de\/fr\/wp-json\/wp\/v2\/product\/79633","targetHints":{"allow":["GET"]}}],"collection":[{"href":"https:\/\/www.soanam.de\/fr\/wp-json\/wp\/v2\/product"}],"about":[{"href":"https:\/\/www.soanam.de\/fr\/wp-json\/wp\/v2\/types\/product"}],"replies":[{"embeddable":true,"href":"https:\/\/www.soanam.de\/fr\/wp-json\/wp\/v2\/comments?post=79633"}],"wp:featuredmedia":[{"embeddable":true,"href":"https:\/\/www.soanam.de\/fr\/wp-json\/wp\/v2\/media\/79736"}],"wp:attachment":[{"href":"https:\/\/www.soanam.de\/fr\/wp-json\/wp\/v2\/media?parent=79633"}],"wp:term":[{"taxonomy":"product_brand","embeddable":true,"href":"https:\/\/www.soanam.de\/fr\/wp-json\/wp\/v2\/product_brand?post=79633"},{"taxonomy":"product_cat","embeddable":true,"href":"https:\/\/www.soanam.de\/fr\/wp-json\/wp\/v2\/product_cat?post=79633"},{"taxonomy":"product_tag","embeddable":true,"href":"https:\/\/www.soanam.de\/fr\/wp-json\/wp\/v2\/product_tag?post=79633"}],"curies":[{"name":"wp","href":"https:\/\/api.w.org\/{rel}","templated":true}]}}