{"id":79611,"date":"2023-12-13T23:15:05","date_gmt":"2023-12-13T22:15:05","guid":{"rendered":"https:\/\/www.soanam.de\/?post_type=product&#038;p=79611"},"modified":"2023-12-13T23:17:15","modified_gmt":"2023-12-13T22:17:15","slug":"lascana-pantalon-de-plage-brode-en-kaki-taille-36","status":"publish","type":"product","link":"https:\/\/www.soanam.de\/fr\/produkt\/lascana-bestickte-strandhose-in-khaki-groesse-36\/","title":{"rendered":"Pantalon de plage brod\u00e9 LASCANA, kaki, taille 36"},"content":{"rendered":"<p>pantalon tiss\u00e9 de Lascana \u00e0 la coupe d\u00e9contract\u00e9e<br \/>\n\u00c9lastique avec cordon<br \/>\nAvec broderie sur la jambe<br \/>\nForme de jambe droite avec poignets<br \/>\nEn viscose l\u00e9g\u00e8re<\/p>\n<p>Ce pantalon tiss\u00e9 l\u00e9ger \u00e0 la coupe droite est follement confortable gr\u00e2ce aux bordures aux extr\u00e9mit\u00e9s des jambes et \u00e0 la large taille \u00e9lastiqu\u00e9e avec cordon de serrage.<br \/>\nLe pantalon de plage tendance de Lascana avec sa grande broderie florale sur la jambe est en outre agr\u00e9ablement frais et l\u00e9ger gr\u00e2ce \u00e0 la qualit\u00e9 de la viscose.<\/p>\n<p>Mat\u00e9riau : Ext\u00e9rieur : 100% viscose. Poignets : 95% coton, 5% \u00e9lasthanne<br \/>\nConseils d'entretien : Lavage en machine<\/p>\n<p>couleur : kaki<br \/>\nmotif : fleurs<br \/>\nTaille : 36<\/p>\n<p>Tour de taille : 75cm<br \/>\nTour de hanches : 100cm<br \/>\nLongueur d'entrejambe : 77cm<br \/>\nlongueur totale : 101cm<\/p>\n<p>Il s'agit pour ce nouvel article d'un retour client sans \u00e9tiquette.<\/p>","protected":false},"excerpt":{"rendered":"<table class=\"dv_characteristicsTable\">\n<tbody>\n<tr>\n<td class=\"left\">Taille<\/td>\n<td>36<\/td>\n<\/tr>\n<tr>\n<td class=\"left\">Gr\u00f6\u00dfentyp<\/td>\n<td>Normalgr\u00f6\u00dfen<\/td>\n<\/tr>\n<tr>\n<td class=\"left\">Composition du mat\u00e9riau<\/td>\n<td>Obermaterial: 100% Viskose. B\u00fcndchen: 95% Baumwolle, 5% Elasthan<\/td>\n<\/tr>\n<tr>\n<td class=\"left\">Materialart<\/td>\n<td>Web<\/td>\n<\/tr>\n<tr>\n<td class=\"left\">Conseils d'entretien<\/td>\n<td>Lavage en machine<\/td>\n<\/tr>\n<tr>\n<td class=\"left\">Stil<\/td>\n<td>modisch<\/td>\n<\/tr>\n<tr>\n<td class=\"left\">Couleur<\/td>\n<td>khaki<\/td>\n<\/tr>\n<tr>\n<td class=\"left\">Leibh\u00f6he<\/td>\n<td>normal<\/td>\n<\/tr>\n<tr>\n<td class=\"left\">Bundabschluss<\/td>\n<td>elastischer Bund<\/td>\n<\/tr>\n<tr>\n<td class=\"left\">Bundabschlussdetails<\/td>\n<td>Kordel mit Metallenden<\/td>\n<\/tr>\n<tr>\n<td class=\"left\">Beinabschluss<\/td>\n<td>Poignets c\u00f4tel\u00e9s<\/td>\n<\/tr>\n<tr>\n<td class=\"left\">Beinabschlussdetails<\/td>\n<td>mit Gummizug<\/td>\n<\/tr>\n<tr>\n<td class=\"left\">Coupe<\/td>\n<td>gerade<\/td>\n<\/tr>\n<tr>\n<td class=\"left\">Schnittform L\u00e4nge<\/td>\n<td>lang<\/td>\n<\/tr>\n<tr>\n<td class=\"left\">Applikationen<\/td>\n<td>Stickerei<\/td>\n<\/tr>\n<tr>\n<td class=\"left\">Sacs<\/td>\n<td>Eingrifftaschen<\/td>\n<\/tr>\n<tr>\n<td class=\"left\">Besondere Merkmale<\/td>\n<td>mit Blumenstickerei<\/td>\n<\/tr>\n<\/tbody>\n<\/table>","protected":false},"featured_media":79714,"comment_status":"open","ping_status":"closed","template":"","meta":{"_seopress_robots_primary_cat":"","_seopress_titles_title":"","_seopress_titles_desc":"","_seopress_robots_index":""},"product_brand":[],"product_cat":[1348,1349,1396,1574],"product_tag":[],"class_list":{"0":"post-79611","1":"product","2":"type-product","3":"status-publish","4":"has-post-thumbnail","6":"product_cat-damen-mode","7":"product_cat-hosen-damen-mode","8":"product_cat-stoffhosen-hosen-damen-mode","9":"product_cat-sommerhosen","10":"product_shipping_class-standard-versand","12":"first","13":"instock","14":"sale","15":"taxable","16":"shipping-taxable","17":"purchasable","18":"product-type-simple"},"_links":{"self":[{"href":"https:\/\/www.soanam.de\/fr\/wp-json\/wp\/v2\/product\/79611","targetHints":{"allow":["GET"]}}],"collection":[{"href":"https:\/\/www.soanam.de\/fr\/wp-json\/wp\/v2\/product"}],"about":[{"href":"https:\/\/www.soanam.de\/fr\/wp-json\/wp\/v2\/types\/product"}],"replies":[{"embeddable":true,"href":"https:\/\/www.soanam.de\/fr\/wp-json\/wp\/v2\/comments?post=79611"}],"wp:featuredmedia":[{"embeddable":true,"href":"https:\/\/www.soanam.de\/fr\/wp-json\/wp\/v2\/media\/79714"}],"wp:attachment":[{"href":"https:\/\/www.soanam.de\/fr\/wp-json\/wp\/v2\/media?parent=79611"}],"wp:term":[{"taxonomy":"product_brand","embeddable":true,"href":"https:\/\/www.soanam.de\/fr\/wp-json\/wp\/v2\/product_brand?post=79611"},{"taxonomy":"product_cat","embeddable":true,"href":"https:\/\/www.soanam.de\/fr\/wp-json\/wp\/v2\/product_cat?post=79611"},{"taxonomy":"product_tag","embeddable":true,"href":"https:\/\/www.soanam.de\/fr\/wp-json\/wp\/v2\/product_tag?post=79611"}],"curies":[{"name":"wp","href":"https:\/\/api.w.org\/{rel}","templated":true}]}}