{"id":79607,"date":"2023-12-13T23:15:04","date_gmt":"2023-12-13T22:15:04","guid":{"rendered":"https:\/\/www.soanam.de\/?post_type=product&#038;p=79607"},"modified":"2023-12-13T23:16:57","modified_gmt":"2023-12-13T22:16:57","slug":"lakshita-kurti-tunique-longue-en-noir-brode-taille-s","status":"publish","type":"product","link":"https:\/\/www.soanam.de\/fr\/produkt\/lakshita-kurti-tunika-longbluse-in-schwarz-bestickt-groesse-s\/","title":{"rendered":"Lakshita Kurti, tunique, chemisier long, en noir, brod\u00e9, taille S"},"content":{"rendered":"<p>Kurti \u00e9l\u00e9gante de Lakshita<br \/>\nAvec broderie argent\u00e9e<br \/>\nmanches 3\/4<br \/>\nFentes lat\u00e9rales pour une plus grande libert\u00e9 de mouvement<br \/>\nEn viscose l\u00e9g\u00e8re<\/p>\n<p>Tunique indienne originale de la maison Lakshita aux finitions \u00e9l\u00e9gantes.<br \/>\nLa blouse longue est brod\u00e9e de couleur argent\u00e9e sur le devant, le long de l'encolure ainsi que sur les manches.<br \/>\nPour garantir une libert\u00e9 de mouvement suffisante, elle est fendue sur les c\u00f4t\u00e9s.<br \/>\nLes manches ont une longueur 3\/4. L'encolure ronde d\u00e9bouche sur un petit V.<br \/>\nLa noble kurti est fabriqu\u00e9e en viscose, qui est agr\u00e9ablement fra\u00eeche sur la peau.<\/p>\n<p>Mati\u00e8re : 100% viscose<br \/>\nConseils d'entretien : Linge d\u00e9licat<\/p>\n<p>couleur : noir<br \/>\nmotif : broderie ethnique<br \/>\nTaille : S<\/p>\n<p>Largeur des \u00e9paules : 38cm<br \/>\nTour de poitrine : 96cm<br \/>\nLongueur des manches : 43cm<br \/>\nlongueur totale : 85cm<\/p>\n<p>Il s'agit pour ce nouvel article d'un retour client sans \u00e9tiquette.<\/p>\n<p>&nbsp;<\/p>","protected":false},"excerpt":{"rendered":"<p>Mati\u00e8re : 100% viscose<br \/>\nConseils d'entretien : Linge d\u00e9licat<\/p>\n<p>couleur : noir<br \/>\nmotif : broderie ethnique<br \/>\nTaille : S<\/p>","protected":false},"featured_media":79698,"comment_status":"open","ping_status":"closed","template":"","meta":{"_seopress_robots_primary_cat":"","_seopress_titles_title":"","_seopress_titles_desc":"","_seopress_robots_index":""},"product_brand":[],"product_cat":[1348,1414,1540],"product_tag":[],"class_list":{"0":"post-79607","1":"product","2":"type-product","3":"status-publish","4":"has-post-thumbnail","6":"product_cat-damen-mode","7":"product_cat-blusen","8":"product_cat-3-4-arm","9":"product_shipping_class-standard-versand","11":"first","12":"instock","13":"sale","14":"taxable","15":"shipping-taxable","16":"purchasable","17":"product-type-simple"},"_links":{"self":[{"href":"https:\/\/www.soanam.de\/fr\/wp-json\/wp\/v2\/product\/79607","targetHints":{"allow":["GET"]}}],"collection":[{"href":"https:\/\/www.soanam.de\/fr\/wp-json\/wp\/v2\/product"}],"about":[{"href":"https:\/\/www.soanam.de\/fr\/wp-json\/wp\/v2\/types\/product"}],"replies":[{"embeddable":true,"href":"https:\/\/www.soanam.de\/fr\/wp-json\/wp\/v2\/comments?post=79607"}],"wp:featuredmedia":[{"embeddable":true,"href":"https:\/\/www.soanam.de\/fr\/wp-json\/wp\/v2\/media\/79698"}],"wp:attachment":[{"href":"https:\/\/www.soanam.de\/fr\/wp-json\/wp\/v2\/media?parent=79607"}],"wp:term":[{"taxonomy":"product_brand","embeddable":true,"href":"https:\/\/www.soanam.de\/fr\/wp-json\/wp\/v2\/product_brand?post=79607"},{"taxonomy":"product_cat","embeddable":true,"href":"https:\/\/www.soanam.de\/fr\/wp-json\/wp\/v2\/product_cat?post=79607"},{"taxonomy":"product_tag","embeddable":true,"href":"https:\/\/www.soanam.de\/fr\/wp-json\/wp\/v2\/product_tag?post=79607"}],"curies":[{"name":"wp","href":"https:\/\/api.w.org\/{rel}","templated":true}]}}