{"id":79605,"date":"2023-12-13T23:15:03","date_gmt":"2023-12-13T22:15:03","guid":{"rendered":"https:\/\/www.soanam.de\/?post_type=product&#038;p=79605"},"modified":"2023-12-13T23:16:48","modified_gmt":"2023-12-13T22:16:48","slug":"lascana-active-push-up-sport-bh-in-weiss-groesse-80c","status":"publish","type":"product","link":"https:\/\/www.soanam.de\/fr\/produkt\/lascana-active-push-up-sport-bh-in-weiss-groesse-80c\/","title":{"rendered":"LASCANA ACTIVE Push-up-Sport-BH, in Wei\u00df, Gr\u00f6\u00dfe 80C"},"content":{"rendered":"<p>Sport-Push-up-BH von Lascana Active<br \/>\nMit nahtlos vorgeformten Cups<br \/>\nModerner Racerback<br \/>\nElastische, breite Tr\u00e4ger mit Logo<br \/>\nTr\u00e4ger und R\u00fcckenverschluss in der L\u00e4nge verstellbar<\/p>\n<p>Der l\u00e4ssige Sport-Push-up-BH von LASCANA ACTIVE \u00fcberzeugt mit Funktionalit\u00e4t und modischem Design.<br \/>\nDie nahtlos vorgeformten Cups haben einen integrierten B\u00fcgel und geben zusammen mit dem modischen Racerback einen guten Halt.<br \/>\nF\u00fcr Sportarten wie Kraftsport oder auch Ballsportarten ist der BH mit seiner mittleren Belastbarkeit bestens geeignet. Vorne sind die Cups mit einem sportlichen Netzmaterial \u00fcberzogen und hinten \u00fcberzeugt der Sport-BH durch weiches, trageangenehmes Microtouchmaterial.<\/p>\n<p>Material: 67% Polyamid, 20% Elasthan, 13% Polyester<br \/>\nConseils d'entretien : Lavage \u00e0 la main<\/p>\n<p>couleur : blanc<br \/>\nMuster: Netz<br \/>\nGr\u00f6\u00dfe: 80C<\/p>\n<p>Tour de sous-poitrine : 80<br \/>\nTaille de bonnet : Cup C<\/p>","protected":false},"excerpt":{"rendered":"<table class=\"dv_characteristicsTable\">\n<caption>MASSANGABE<\/caption>\n<tbody>\n<tr>\n<td class=\"left\">K\u00f6rbchengr\u00f6\u00dfe<\/td>\n<td>Cup C<\/td>\n<\/tr>\n<tr>\n<td class=\"left\">Unterbrustumfang<\/td>\n<td>80<\/td>\n<\/tr>\n<\/tbody>\n<\/table>\n<table class=\"dv_characteristicsTable\">\n<caption>FARBE<\/caption>\n<tbody>\n<tr>\n<td class=\"left\">Couleur<\/td>\n<td>wei\u00df<\/td>\n<\/tr>\n<\/tbody>\n<\/table>\n<table class=\"dv_characteristicsTable\">\n<caption>MAT\u00c9RIEL<\/caption>\n<tbody>\n<tr>\n<td class=\"left\">Composition du mat\u00e9riau<\/td>\n<td>Obermaterial: 67% Polyamid, 20% Elasthan, 13% Polyester<\/td>\n<\/tr>\n<tr>\n<td class=\"left\">Materialart<\/td>\n<td>Netz<br \/>\nMicrotouch<\/td>\n<\/tr>\n<tr>\n<td class=\"left\">Conseils d'entretien<\/td>\n<td>Lavage \u00e0 la main<\/td>\n<\/tr>\n<\/tbody>\n<\/table>\n<table class=\"dv_characteristicsTable\">\n<caption>OPTIK\/STIL<\/caption>\n<tbody>\n<tr>\n<td class=\"left\">Stil<\/td>\n<td>sportlich<\/td>\n<\/tr>\n<\/tbody>\n<\/table>\n<table class=\"dv_characteristicsTable\">\n<caption>FUNKTIONEN<\/caption>\n<tbody>\n<tr>\n<td class=\"left\">Fonctions<\/td>\n<td>vergr\u00f6\u00dfert optisch die Br\u00fcste<\/td>\n<\/tr>\n<\/tbody>\n<\/table>\n<table class=\"dv_characteristicsTable\">\n<caption>K\u00d6RBCHEN \/ CUP<\/caption>\n<tbody>\n<tr>\n<td class=\"left\">Cupdetails<\/td>\n<td>nahtlos vorgeformt<\/td>\n<\/tr>\n<tr>\n<td class=\"left\">B\u00fcgel<\/td>\n<td>mit B\u00fcgel<\/td>\n<\/tr>\n<tr>\n<td class=\"left\">Art Push-up-Effekt<\/td>\n<td>mit integriertem Kissen<\/td>\n<\/tr>\n<\/tbody>\n<\/table>\n<table class=\"dv_characteristicsTable\">\n<caption>BH-TR\u00c4GER<\/caption>\n<tbody>\n<tr>\n<td class=\"left\">Porteur<\/td>\n<td>mit Tr\u00e4ger<\/td>\n<\/tr>\n<tr>\n<td class=\"left\">Tr\u00e4gerdetails<\/td>\n<td>im R\u00fccken gekreuzt<\/td>\n<\/tr>\n<\/tbody>\n<\/table>\n<table class=\"dv_characteristicsTable\">\n<caption>BH-R\u00dcCKENTEIL<\/caption>\n<tbody>\n<tr>\n<td class=\"left\">R\u00fcckenteil<\/td>\n<td>Racerbackr\u00fccken<\/td>\n<\/tr>\n<\/tbody>\n<\/table>\n<table class=\"dv_characteristicsTable\">\n<caption>VERSCHLUSS<\/caption>\n<tbody>\n<tr>\n<td class=\"left\">Verschluss<\/td>\n<td>Haken &amp; \u00d6sen<\/td>\n<\/tr>\n<tr>\n<td class=\"left\">Verschlussdetails<\/td>\n<td>hinten<\/td>\n<\/tr>\n<\/tbody>\n<\/table>\n<table class=\"dv_characteristicsTable\">\n<caption>FUNKTIONEN<\/caption>\n<tbody>\n<tr>\n<td class=\"left\">Belastungsgrad<\/td>\n<td>mittel<\/td>\n<\/tr>\n<\/tbody>\n<\/table>","protected":false},"featured_media":79692,"comment_status":"open","ping_status":"closed","template":"","meta":{"_seopress_robots_primary_cat":"","_seopress_titles_title":"","_seopress_titles_desc":"","_seopress_robots_index":""},"product_brand":[],"product_cat":[1348,1444,1516],"product_tag":[],"class_list":{"0":"post-79605","1":"product","2":"type-product","3":"status-publish","4":"has-post-thumbnail","6":"product_cat-damen-mode","7":"product_cat-unterwaesche","8":"product_cat-bhs","9":"product_shipping_class-standard-versand","11":"first","12":"instock","13":"taxable","14":"shipping-taxable","15":"purchasable","16":"product-type-simple"},"_links":{"self":[{"href":"https:\/\/www.soanam.de\/fr\/wp-json\/wp\/v2\/product\/79605","targetHints":{"allow":["GET"]}}],"collection":[{"href":"https:\/\/www.soanam.de\/fr\/wp-json\/wp\/v2\/product"}],"about":[{"href":"https:\/\/www.soanam.de\/fr\/wp-json\/wp\/v2\/types\/product"}],"replies":[{"embeddable":true,"href":"https:\/\/www.soanam.de\/fr\/wp-json\/wp\/v2\/comments?post=79605"}],"wp:featuredmedia":[{"embeddable":true,"href":"https:\/\/www.soanam.de\/fr\/wp-json\/wp\/v2\/media\/79692"}],"wp:attachment":[{"href":"https:\/\/www.soanam.de\/fr\/wp-json\/wp\/v2\/media?parent=79605"}],"wp:term":[{"taxonomy":"product_brand","embeddable":true,"href":"https:\/\/www.soanam.de\/fr\/wp-json\/wp\/v2\/product_brand?post=79605"},{"taxonomy":"product_cat","embeddable":true,"href":"https:\/\/www.soanam.de\/fr\/wp-json\/wp\/v2\/product_cat?post=79605"},{"taxonomy":"product_tag","embeddable":true,"href":"https:\/\/www.soanam.de\/fr\/wp-json\/wp\/v2\/product_tag?post=79605"}],"curies":[{"name":"wp","href":"https:\/\/api.w.org\/{rel}","templated":true}]}}