{"id":79604,"date":"2023-12-13T23:15:03","date_gmt":"2023-12-13T22:15:03","guid":{"rendered":"https:\/\/www.soanam.de\/?post_type=product&#038;p=79604"},"modified":"2023-12-13T23:16:41","modified_gmt":"2023-12-13T22:16:41","slug":"lascana-soutien-gorge-push-up-melissa-creme-taille-80d","status":"publish","type":"product","link":"https:\/\/www.soanam.de\/fr\/produkt\/lascana-push-up-bh-melissa-in-creme-groesse-80d\/","title":{"rendered":"LASCANA Soutien-gorge push-up MELISSA, cr\u00e8me, taille 80D"},"content":{"rendered":"<p>Soutien-gorge push-up de Lascana en dentelle florale<br \/>\nCoussins amovibles pour un superbe d\u00e9collet\u00e9<br \/>\nAvec une fermeture frontale pratique<br \/>\ndos d\u00e9cor\u00e9 de dentelle<\/p>\n<p>Une dentelle brod\u00e9e en filigrane avec des motifs floraux orne le dos racing f\u00e9minin qui d\u00e9bouche sur les bretelles \u00e9lastiques.<br \/>\nLes bonnets fortement rembourr\u00e9s avec des coussinets amovibles sont \u00e9galement d\u00e9cor\u00e9s de dentelle d\u00e9licate qui d\u00e9borde \u00e9galement sur les bords des bonnets et souligne parfaitement le d\u00e9collet\u00e9.<br \/>\nLes ailes sont r\u00e9alis\u00e9es dans un beau tissu en filet.<br \/>\nLa fermeture frontale de ce soutien-gorge \u00e0 armatures de Lascana est tr\u00e8s pratique.<\/p>\n<p>Mati\u00e8re : 60% polyamide, 35% polyester, 5% \u00e9lasthanne<br \/>\nConseils d'entretien : Lavage \u00e0 la main<\/p>\n<p>couleur : cr\u00e8me<br \/>\nmotif : fleurs<br \/>\nTaille : 80D<\/p>\n<p>Tour de sous-poitrine : 80<br \/>\nTaille de bonnet : bonnet D<\/p>","protected":false},"excerpt":{"rendered":"<table class=\"dv_characteristicsTable\">\n<caption>MASSANGABE<\/caption>\n<tbody>\n<tr>\n<td class=\"left\">K\u00f6rbchengr\u00f6\u00dfe<\/td>\n<td>Cup D<\/td>\n<\/tr>\n<tr>\n<td class=\"left\">Unterbrustumfang<\/td>\n<td>80<\/td>\n<\/tr>\n<\/tbody>\n<\/table>\n<table class=\"dv_characteristicsTable\">\n<caption>FARBE<\/caption>\n<tbody>\n<tr>\n<td class=\"left\">Couleur<\/td>\n<td>creme<\/td>\n<\/tr>\n<\/tbody>\n<\/table>\n<table class=\"dv_characteristicsTable\">\n<caption>MAT\u00c9RIEL<\/caption>\n<tbody>\n<tr>\n<td class=\"left\">Composition du mat\u00e9riau<\/td>\n<td>Obermaterial: 60% Polyamid, 35% Polyester, 5% Elasthan<\/td>\n<\/tr>\n<tr>\n<td class=\"left\">Materialart<\/td>\n<td>Microtouch<br \/>\nSpitze<\/td>\n<\/tr>\n<tr>\n<td class=\"left\">Conseils d'entretien<\/td>\n<td>Lavage \u00e0 la main<\/td>\n<\/tr>\n<\/tbody>\n<\/table>\n<table class=\"dv_characteristicsTable\">\n<caption>OPTIK\/STIL<\/caption>\n<tbody>\n<tr>\n<td class=\"left\">Stil<\/td>\n<td>feminin<\/td>\n<\/tr>\n<\/tbody>\n<\/table>\n<table class=\"dv_characteristicsTable\">\n<caption>K\u00d6RBCHEN \/ CUP<\/caption>\n<tbody>\n<tr>\n<td class=\"left\">Cupdetails<\/td>\n<td>Abn\u00e4her<\/td>\n<\/tr>\n<tr>\n<td class=\"left\">B\u00fcgel<\/td>\n<td>mit B\u00fcgel<\/td>\n<\/tr>\n<tr>\n<td class=\"left\">Art Push-up-Effekt<\/td>\n<td>mit herausnehmbaren Kissen<\/td>\n<\/tr>\n<\/tbody>\n<\/table>\n<table class=\"dv_characteristicsTable\">\n<caption>BH-TR\u00c4GER<\/caption>\n<tbody>\n<tr>\n<td class=\"left\">Porteur<\/td>\n<td>mit Tr\u00e4ger<\/td>\n<\/tr>\n<tr>\n<td class=\"left\">Tr\u00e4gerdetails<\/td>\n<td>Spitze<br \/>\nverstellbar<\/td>\n<\/tr>\n<\/tbody>\n<\/table>\n<table class=\"dv_characteristicsTable\">\n<caption>BH-R\u00dcCKENTEIL<\/caption>\n<tbody>\n<tr>\n<td class=\"left\">R\u00fcckenteil<\/td>\n<td>Spitzenr\u00fccken<\/td>\n<\/tr>\n<\/tbody>\n<\/table>\n<table class=\"dv_characteristicsTable\">\n<caption>VERSCHLUSS<\/caption>\n<tbody>\n<tr>\n<td class=\"left\">Verschluss<\/td>\n<td>Haken &amp; \u00d6sen<\/td>\n<\/tr>\n<tr>\n<td class=\"left\">Verschlussdetails<\/td>\n<td>vorn<\/td>\n<\/tr>\n<\/tbody>\n<\/table>","protected":false},"featured_media":79684,"comment_status":"open","ping_status":"closed","template":"","meta":{"_seopress_robots_primary_cat":"","_seopress_titles_title":"","_seopress_titles_desc":"","_seopress_robots_index":""},"product_brand":[],"product_cat":[1348,1444,1516],"product_tag":[],"class_list":{"0":"post-79604","1":"product","2":"type-product","3":"status-publish","4":"has-post-thumbnail","6":"product_cat-damen-mode","7":"product_cat-unterwaesche","8":"product_cat-bhs","9":"product_shipping_class-standard-versand","11":"first","12":"instock","13":"taxable","14":"shipping-taxable","15":"purchasable","16":"product-type-simple"},"_links":{"self":[{"href":"https:\/\/www.soanam.de\/fr\/wp-json\/wp\/v2\/product\/79604","targetHints":{"allow":["GET"]}}],"collection":[{"href":"https:\/\/www.soanam.de\/fr\/wp-json\/wp\/v2\/product"}],"about":[{"href":"https:\/\/www.soanam.de\/fr\/wp-json\/wp\/v2\/types\/product"}],"replies":[{"embeddable":true,"href":"https:\/\/www.soanam.de\/fr\/wp-json\/wp\/v2\/comments?post=79604"}],"wp:featuredmedia":[{"embeddable":true,"href":"https:\/\/www.soanam.de\/fr\/wp-json\/wp\/v2\/media\/79684"}],"wp:attachment":[{"href":"https:\/\/www.soanam.de\/fr\/wp-json\/wp\/v2\/media?parent=79604"}],"wp:term":[{"taxonomy":"product_brand","embeddable":true,"href":"https:\/\/www.soanam.de\/fr\/wp-json\/wp\/v2\/product_brand?post=79604"},{"taxonomy":"product_cat","embeddable":true,"href":"https:\/\/www.soanam.de\/fr\/wp-json\/wp\/v2\/product_cat?post=79604"},{"taxonomy":"product_tag","embeddable":true,"href":"https:\/\/www.soanam.de\/fr\/wp-json\/wp\/v2\/product_tag?post=79604"}],"curies":[{"name":"wp","href":"https:\/\/api.w.org\/{rel}","templated":true}]}}