{"id":79583,"date":"2023-12-13T23:14:37","date_gmt":"2023-12-13T22:14:37","guid":{"rendered":"https:\/\/www.soanam.de\/?post_type=product&#038;p=79583"},"modified":"2023-12-13T23:16:38","modified_gmt":"2023-12-13T22:16:38","slug":"s-oliver-soutien-gorge-a-coques-lisette-creme-taille-85c","status":"publish","type":"product","link":"https:\/\/www.soanam.de\/fr\/produkt\/s-oliver-schalen-bh-lisette-in-creme-groesse-85c\/","title":{"rendered":"s.Oliver Soutien-gorge \u00e0 coques LISETTE, cr\u00e8me, taille 85C"},"content":{"rendered":"<p>Soutien-gorge \u00e0 coques de s.Oliver avec un joli dos en dentelle<br \/>\nAvec fermeture frontale<br \/>\nBonnets pr\u00e9form\u00e9s sans couture<br \/>\nAvec bande de dentelle appliqu\u00e9e sur le bord du bonnet<br \/>\nDentelle en filet sur les c\u00f4t\u00e9s et \u00e0 l'arri\u00e8re<br \/>\nbretelles r\u00e9glables<\/p>\n<p>Les bonnets pr\u00e9form\u00e9s sans coutures du soutien-gorge \u00e0 coques LISETTE sont dot\u00e9s d'une fine bande de dentelle sur les bords.<br \/>\nLes parties lat\u00e9rales et le dos s\u00e9duisant sont \u00e9galement travaill\u00e9s en dentelle d\u00e9licate et assurent l'aspect ravissant du soutien-gorge.<br \/>\nLa fermeture du soutien-gorge en dentelle est tr\u00e8s pratique sur le devant, les bretelles sont r\u00e9glables et la qualit\u00e9 douce promet un port agr\u00e9able.<\/p>\n<p>Mati\u00e8re : polyamide 85%, \u00e9lasthanne 15%<br \/>\nConseils d'entretien : Lavage \u00e0 la main<\/p>\n<p>couleur : cr\u00e8me<br \/>\nmotif : fleurs<br \/>\nTaille : 85C<\/p>\n<p>Tour de sous-poitrine : 85<br \/>\nTaille de bonnet : Cup C<\/p>","protected":false},"excerpt":{"rendered":"<table class=\"dv_characteristicsTable\">\n<caption>MASSANGABE<\/caption>\n<tbody>\n<tr>\n<td class=\"left\">K\u00f6rbchengr\u00f6\u00dfe<\/td>\n<td>Cup C<\/td>\n<\/tr>\n<tr>\n<td class=\"left\">Unterbrustumfang<\/td>\n<td>85<\/td>\n<\/tr>\n<\/tbody>\n<\/table>\n<table class=\"dv_characteristicsTable\">\n<caption>FARBE<\/caption>\n<tbody>\n<tr>\n<td class=\"left\">Couleur<\/td>\n<td>creme<\/td>\n<\/tr>\n<\/tbody>\n<\/table>\n<table class=\"dv_characteristicsTable\">\n<caption>MAT\u00c9RIEL<\/caption>\n<tbody>\n<tr>\n<td class=\"left\">Composition du mat\u00e9riau<\/td>\n<td>Obermaterial: 85% Polyamid, 15% Elasthan<\/td>\n<\/tr>\n<tr>\n<td class=\"left\">Conseils d'entretien<\/td>\n<td>Lavage \u00e0 la main<\/td>\n<\/tr>\n<\/tbody>\n<\/table>\n<table class=\"dv_characteristicsTable\">\n<caption>K\u00d6RBCHEN \/ CUP<\/caption>\n<tbody>\n<tr>\n<td class=\"left\">Cupdetails<\/td>\n<td>mit Schale<br \/>\nnahtlos vorgeformt<\/td>\n<\/tr>\n<tr>\n<td class=\"left\">B\u00fcgel<\/td>\n<td>mit B\u00fcgel<\/td>\n<\/tr>\n<\/tbody>\n<\/table>\n<table class=\"dv_characteristicsTable\">\n<caption>BH-R\u00dcCKENTEIL<\/caption>\n<tbody>\n<tr>\n<td class=\"left\">R\u00fcckenteil<\/td>\n<td>Spitzenr\u00fccken<\/td>\n<\/tr>\n<\/tbody>\n<\/table>\n<table class=\"dv_characteristicsTable\">\n<caption>VERSCHLUSS<\/caption>\n<tbody>\n<tr>\n<td class=\"left\">Verschlussdetails<\/td>\n<td>vorn<\/td>\n<\/tr>\n<\/tbody>\n<\/table>","protected":false},"featured_media":79681,"comment_status":"open","ping_status":"closed","template":"","meta":{"_seopress_robots_primary_cat":"","_seopress_titles_title":"","_seopress_titles_desc":"","_seopress_robots_index":""},"product_brand":[],"product_cat":[1348,1444,1516],"product_tag":[],"class_list":{"0":"post-79583","1":"product","2":"type-product","3":"status-publish","4":"has-post-thumbnail","6":"product_cat-damen-mode","7":"product_cat-unterwaesche","8":"product_cat-bhs","9":"product_shipping_class-standard-versand","11":"first","12":"instock","13":"taxable","14":"shipping-taxable","15":"purchasable","16":"product-type-simple"},"_links":{"self":[{"href":"https:\/\/www.soanam.de\/fr\/wp-json\/wp\/v2\/product\/79583","targetHints":{"allow":["GET"]}}],"collection":[{"href":"https:\/\/www.soanam.de\/fr\/wp-json\/wp\/v2\/product"}],"about":[{"href":"https:\/\/www.soanam.de\/fr\/wp-json\/wp\/v2\/types\/product"}],"replies":[{"embeddable":true,"href":"https:\/\/www.soanam.de\/fr\/wp-json\/wp\/v2\/comments?post=79583"}],"wp:featuredmedia":[{"embeddable":true,"href":"https:\/\/www.soanam.de\/fr\/wp-json\/wp\/v2\/media\/79681"}],"wp:attachment":[{"href":"https:\/\/www.soanam.de\/fr\/wp-json\/wp\/v2\/media?parent=79583"}],"wp:term":[{"taxonomy":"product_brand","embeddable":true,"href":"https:\/\/www.soanam.de\/fr\/wp-json\/wp\/v2\/product_brand?post=79583"},{"taxonomy":"product_cat","embeddable":true,"href":"https:\/\/www.soanam.de\/fr\/wp-json\/wp\/v2\/product_cat?post=79583"},{"taxonomy":"product_tag","embeddable":true,"href":"https:\/\/www.soanam.de\/fr\/wp-json\/wp\/v2\/product_tag?post=79583"}],"curies":[{"name":"wp","href":"https:\/\/api.w.org\/{rel}","templated":true}]}}