{"id":79541,"date":"2023-12-13T22:41:51","date_gmt":"2023-12-13T21:41:51","guid":{"rendered":"https:\/\/www.soanam.de\/?post_type=product&#038;p=79541"},"modified":"2023-12-13T23:15:12","modified_gmt":"2023-12-13T22:15:12","slug":"petite-fleur-bralette-bh-mit-spitzenband-in-weiss-groesse-90b","status":"publish","type":"product","link":"https:\/\/www.soanam.de\/fr\/produkt\/petite-fleur-bralette-bh-mit-spitzenband-in-weiss-groesse-90b\/","title":{"rendered":"petite fleur Bralette-BH mit Spitzenband, in Wei\u00df, Gr\u00f6\u00dfe 90B"},"content":{"rendered":"<p>Bralette-BH ohne B\u00fcgel von petite fleur<br \/>\nSch\u00f6nes Spitzenband entlang der Unterbrust<br \/>\nMit Schleifendetails und Schmucktr\u00e4gern<br \/>\nAus weicher Baumwollqualit\u00e4t<\/p>\n<p>Der Bralette-BH von petite fleur ist b\u00fcgellos und wird durch feminine Details perfekt in Szene gesetzt.<br \/>\nEin h\u00fcbsches Spitzenband entlang der Unterbrust sowie Schleifchen und Schmucktr\u00e4ger verleihen dem BH seinen Charme.<br \/>\nDurch die weiche Baumwollqualit\u00e4t wird dir den ganzen Tag \u00fcber ein tolles Tragegef\u00fchl gew\u00e4hrleistet.<\/p>\n<p>Material: 80% Baumwolle, 10% Elasthan, 10% Polyamid<br \/>\nConseils d'entretien : Lavage \u00e0 la main<\/p>\n<p>couleur : blanc<br \/>\n\u00c9chantillon : sans<br \/>\nGr\u00f6\u00dfe: 90B<\/p>\n<p>Tour de sous-poitrine : 90<br \/>\nTaille de bonnet : bonnet B<\/p>","protected":false},"excerpt":{"rendered":"<table class=\"dv_characteristicsTable\">\n<caption>MASSANGABE<\/caption>\n<tbody>\n<tr>\n<td class=\"left\">K\u00f6rbchengr\u00f6\u00dfe<\/td>\n<td>Cup B<\/td>\n<\/tr>\n<tr>\n<td class=\"left\">Unterbrustumfang<\/td>\n<td>90<\/td>\n<\/tr>\n<\/tbody>\n<\/table>\n<table class=\"dv_characteristicsTable\">\n<caption>MAT\u00c9RIEL<\/caption>\n<tbody>\n<tr>\n<td class=\"left\">Composition du mat\u00e9riau<\/td>\n<td>Obermaterial: 80% Baumwolle, 10% Elasthan, 10% Polyamid<\/td>\n<\/tr>\n<tr>\n<td class=\"left\">Materialart<\/td>\n<td>Jersey<br \/>\nSpitze<\/td>\n<\/tr>\n<tr>\n<td class=\"left\">Conseils d'entretien<\/td>\n<td>Lavage \u00e0 la main<\/td>\n<\/tr>\n<\/tbody>\n<\/table>\n<table class=\"dv_characteristicsTable\">\n<caption>OPTIK\/STIL<\/caption>\n<tbody>\n<tr>\n<td class=\"left\">Stil<\/td>\n<td>Basic<\/td>\n<\/tr>\n<tr>\n<td class=\"left\">Applikationen<\/td>\n<td>Schleifen<br \/>\nSpitze<\/td>\n<\/tr>\n<\/tbody>\n<\/table>\n<table class=\"dv_characteristicsTable\">\n<caption>K\u00d6RBCHEN \/ CUP<\/caption>\n<tbody>\n<tr>\n<td class=\"left\">Cupdetails<\/td>\n<td>nahtlos vorgeformt<\/td>\n<\/tr>\n<tr>\n<td class=\"left\">B\u00fcgel<\/td>\n<td>ohne B\u00fcgel<\/td>\n<\/tr>\n<\/tbody>\n<\/table>\n<table class=\"dv_characteristicsTable\">\n<caption>BH-TR\u00c4GER<\/caption>\n<tbody>\n<tr>\n<td class=\"left\">Porteur<\/td>\n<td>Schmucktr\u00e4ger<\/td>\n<\/tr>\n<tr>\n<td class=\"left\">Tr\u00e4gerdetails<\/td>\n<td>elastisch<br \/>\nverstellbar<\/td>\n<\/tr>\n<\/tbody>\n<\/table>\n<table class=\"dv_characteristicsTable\">\n<caption>VERSCHLUSS<\/caption>\n<tbody>\n<tr>\n<td class=\"left\">Verschluss<\/td>\n<td>Haken &amp; \u00d6sen<\/td>\n<\/tr>\n<tr>\n<td class=\"left\">Verschlussdetails<\/td>\n<td>hinten<\/td>\n<\/tr>\n<\/tbody>\n<\/table>","protected":false},"featured_media":79615,"comment_status":"open","ping_status":"closed","template":"","meta":{"_seopress_robots_primary_cat":"","_seopress_titles_title":"","_seopress_titles_desc":"","_seopress_robots_index":""},"product_brand":[],"product_cat":[1348,1444,1516],"product_tag":[],"class_list":{"0":"post-79541","1":"product","2":"type-product","3":"status-publish","4":"has-post-thumbnail","6":"product_cat-damen-mode","7":"product_cat-unterwaesche","8":"product_cat-bhs","9":"product_shipping_class-standard-versand","11":"first","12":"instock","13":"sale","14":"taxable","15":"shipping-taxable","16":"purchasable","17":"product-type-simple"},"_links":{"self":[{"href":"https:\/\/www.soanam.de\/fr\/wp-json\/wp\/v2\/product\/79541","targetHints":{"allow":["GET"]}}],"collection":[{"href":"https:\/\/www.soanam.de\/fr\/wp-json\/wp\/v2\/product"}],"about":[{"href":"https:\/\/www.soanam.de\/fr\/wp-json\/wp\/v2\/types\/product"}],"replies":[{"embeddable":true,"href":"https:\/\/www.soanam.de\/fr\/wp-json\/wp\/v2\/comments?post=79541"}],"wp:featuredmedia":[{"embeddable":true,"href":"https:\/\/www.soanam.de\/fr\/wp-json\/wp\/v2\/media\/79615"}],"wp:attachment":[{"href":"https:\/\/www.soanam.de\/fr\/wp-json\/wp\/v2\/media?parent=79541"}],"wp:term":[{"taxonomy":"product_brand","embeddable":true,"href":"https:\/\/www.soanam.de\/fr\/wp-json\/wp\/v2\/product_brand?post=79541"},{"taxonomy":"product_cat","embeddable":true,"href":"https:\/\/www.soanam.de\/fr\/wp-json\/wp\/v2\/product_cat?post=79541"},{"taxonomy":"product_tag","embeddable":true,"href":"https:\/\/www.soanam.de\/fr\/wp-json\/wp\/v2\/product_tag?post=79541"}],"curies":[{"name":"wp","href":"https:\/\/api.w.org\/{rel}","templated":true}]}}