{"id":79488,"date":"2023-12-13T22:40:36","date_gmt":"2023-12-13T21:40:36","guid":{"rendered":"https:\/\/www.soanam.de\/?post_type=product&#038;p=79488"},"modified":"2023-12-13T23:14:26","modified_gmt":"2023-12-13T22:14:26","slug":"golden-home-6-teiliges-decken-set-fuer-ein-doppelbett-in-weinrot","status":"publish","type":"product","link":"https:\/\/www.soanam.de\/fr\/produkt\/golden-home-6-teiliges-decken-set-fuer-ein-doppelbett-in-weinrot\/","title":{"rendered":"GOLDEN HOME - Ensemble de 6 couvertures pour un lit double en bordeaux"},"content":{"rendered":"<h3>Description<\/h3>\n<p>Les ensembles de couvertures, qui vous r\u00e9chauffent pendant les nuits froides et sont indispensables \u00e0 chaque foyer, continuent de faire partie des produits sp\u00e9ciaux de la famille Golden Home, avec leur design unique et leur utilisation durable.<\/p>\n<p>Tout comme nos ensembles piqu\u00e9s, les ensembles de couvertures Golden Home en dentelle fran\u00e7aise, fabriqu\u00e9s en mettant l'accent sur les couleurs pastel, ont un design riche, souvent mentionn\u00e9 dans le secteur du linge de maison avec des ornements en guipure fran\u00e7aise et en perles sur les jupes. Les couvertures sont \u00e9galement accompagn\u00e9es de draps et de taies d'oreiller en satin de coton.<\/p>\n<p>Les ensembles de couvertures doubles de Golden Home se composent de couvertures, de draps, de deux taies d'oreiller simples et de deux taies d'oreiller brod\u00e9es et vous permettent de vous sentir au chaud non seulement lorsque vous dormez, mais aussi lorsque vous entrez dans votre chambre \u00e0 coucher, gr\u00e2ce \u00e0 leur aspect \u00e9l\u00e9gant et aux couvre-lits d\u00e9coratifs des ensembles de dot .<\/p>\n<p><strong>Set de double couverture Berra<\/strong><\/p>\n<p>Farbe: Weinrot<br \/>\nPlafond : 240x240 cm (1 pi\u00e8ce)<br \/>\nDrap de lit : 235x235 cm (1 pi\u00e8ce)<br \/>\nTaie d'oreiller plate : 50x70 cm (2 pi\u00e8ces)<br \/>\nTaie d'oreiller brod\u00e9e : 50x70 cm (2 pi\u00e8ces)<\/p>\n<p><strong>Mat\u00e9riau<\/strong><\/p>\n<p>65% Coton<br \/>\n35% Polyester<\/p>\n<p>La guipure et les perles fran\u00e7aises sont utilis\u00e9es dans les jupes de plafond.<br \/>\nLe satin de coton est utilis\u00e9 dans les draps et les taies d'oreiller.<\/p>\n<p>Nos recommandations pour le lavage et l'utilisation :<br \/>\nVous trouverez les instructions d'utilisation et de lavage du produit que vous avez achet\u00e9 sur l'\u00e9tiquette de proximit\u00e9 appos\u00e9e sur le produit et sur l'emballage.<\/p>","protected":false},"excerpt":{"rendered":"<h3>Caract\u00e9ristiques de l'article<\/h3>\n<p>\u00c9tat de l'article : Nouveau avec \u00e9tiquette : article neuf, non utilis\u00e9 et non port\u00e9 dans son emballage d'origine<\/p>\n<table border=\"0\" frame=\"VOID\" rules=\"NONE\" cellspacing=\"0\">\n<colgroup>\n<col width=\"123\" \/>\n<col width=\"207\" \/><\/colgroup>\n<tbody>\n<tr>\n<td align=\"LEFT\" width=\"123\" height=\"17\">Anzahl der Teile:<\/td>\n<td align=\"LEFT\" width=\"207\">6-teilig<\/td>\n<\/tr>\n<tr>\n<td align=\"LEFT\" height=\"17\">Particularit\u00e9s :<\/td>\n<td align=\"LEFT\">Bestickt<\/td>\n<\/tr>\n<tr>\n<td align=\"LEFT\" height=\"17\">Breite:<\/td>\n<td align=\"LEFT\">240 cm<\/td>\n<\/tr>\n<tr>\n<td align=\"LEFT\" height=\"17\">couleur :<\/td>\n<td align=\"LEFT\">Rouge vin<\/td>\n<\/tr>\n<tr>\n<td align=\"LEFT\" height=\"17\">F\u00fcllmaterial:<\/td>\n<td align=\"LEFT\">Polyester<\/td>\n<\/tr>\n<tr>\n<td align=\"LEFT\" height=\"17\">Futtermaterial:<\/td>\n<td align=\"LEFT\">Baumwollsatin<\/td>\n<\/tr>\n<tr>\n<td align=\"LEFT\" height=\"17\">taille :<\/td>\n<td align=\"LEFT\">Lit double<\/td>\n<\/tr>\n<tr>\n<td align=\"LEFT\" height=\"17\">Herstellernummer:<\/td>\n<td align=\"LEFT\">nicht zutreffend<\/td>\n<\/tr>\n<tr>\n<td align=\"LEFT\" height=\"17\">L\u00e4nge:<\/td>\n<td align=\"LEFT\">240 cm<\/td>\n<\/tr>\n<tr>\n<td align=\"LEFT\" height=\"17\">Marke:<\/td>\n<td align=\"LEFT\">Maison d'or<\/td>\n<\/tr>\n<tr>\n<td align=\"LEFT\" height=\"17\">mat\u00e9riel :<\/td>\n<td align=\"LEFT\">65% coton, 35% polyester<\/td>\n<\/tr>\n<tr>\n<td align=\"LEFT\" height=\"17\">\u00e9chantillon :<\/td>\n<td align=\"LEFT\">Unicolore<\/td>\n<\/tr>\n<tr>\n<td align=\"LEFT\" height=\"17\">Pflegeanleitung:<\/td>\n<td align=\"LEFT\">Lavage en machine<\/td>\n<\/tr>\n<tr>\n<td align=\"LEFT\" height=\"17\">Produktart:<\/td>\n<td align=\"LEFT\">Tagesdecken Set<\/td>\n<\/tr>\n<tr>\n<td align=\"LEFT\" height=\"17\">Stil:<\/td>\n<td align=\"LEFT\">Romantik<\/td>\n<\/tr>\n<tr>\n<td align=\"LEFT\" height=\"17\">Thema:<\/td>\n<td align=\"LEFT\">Luxus<\/td>\n<\/tr>\n<tr>\n<td align=\"LEFT\" height=\"17\">Zimmer:<\/td>\n<td align=\"LEFT\">Schlafzimmer<\/td>\n<\/tr>\n<\/tbody>\n<\/table>","protected":false},"featured_media":79570,"comment_status":"open","ping_status":"closed","template":"","meta":{"_seopress_robots_primary_cat":"","_seopress_titles_title":"","_seopress_titles_desc":"","_seopress_robots_index":""},"product_brand":[],"product_cat":[1400,1420],"product_tag":[],"class_list":{"0":"post-79488","1":"product","2":"type-product","3":"status-publish","4":"has-post-thumbnail","6":"product_cat-wohnzubehoer","7":"product_cat-wohndekoration","8":"product_shipping_class-standard-versand","10":"first","11":"instock","12":"sale","13":"taxable","14":"shipping-taxable","15":"purchasable","16":"product-type-simple"},"_links":{"self":[{"href":"https:\/\/www.soanam.de\/fr\/wp-json\/wp\/v2\/product\/79488","targetHints":{"allow":["GET"]}}],"collection":[{"href":"https:\/\/www.soanam.de\/fr\/wp-json\/wp\/v2\/product"}],"about":[{"href":"https:\/\/www.soanam.de\/fr\/wp-json\/wp\/v2\/types\/product"}],"replies":[{"embeddable":true,"href":"https:\/\/www.soanam.de\/fr\/wp-json\/wp\/v2\/comments?post=79488"}],"wp:featuredmedia":[{"embeddable":true,"href":"https:\/\/www.soanam.de\/fr\/wp-json\/wp\/v2\/media\/79570"}],"wp:attachment":[{"href":"https:\/\/www.soanam.de\/fr\/wp-json\/wp\/v2\/media?parent=79488"}],"wp:term":[{"taxonomy":"product_brand","embeddable":true,"href":"https:\/\/www.soanam.de\/fr\/wp-json\/wp\/v2\/product_brand?post=79488"},{"taxonomy":"product_cat","embeddable":true,"href":"https:\/\/www.soanam.de\/fr\/wp-json\/wp\/v2\/product_cat?post=79488"},{"taxonomy":"product_tag","embeddable":true,"href":"https:\/\/www.soanam.de\/fr\/wp-json\/wp\/v2\/product_tag?post=79488"}],"curies":[{"name":"wp","href":"https:\/\/api.w.org\/{rel}","templated":true}]}}