{"id":79469,"date":"2023-12-13T22:40:13","date_gmt":"2023-12-13T21:40:13","guid":{"rendered":"https:\/\/www.soanam.de\/?post_type=product&#038;p=79469"},"modified":"2023-12-13T22:42:10","modified_gmt":"2023-12-13T21:42:10","slug":"drykorn-pull-a-col-roule-en-laine-vierge-modele-joey-en-noir-gr-l","status":"publish","type":"product","link":"https:\/\/www.soanam.de\/fr\/produkt\/drykorn-rollkragenpullover-aus-schurwolle-modell-joey-in-schwarz-gr-l\/","title":{"rendered":"Drykorn pull \u00e0 col roul\u00e9 en laine vierge mod\u00e8le 'Joey' en noir, taille L"},"content":{"rendered":"<h3>Description<\/h3>\n<p>Le pull-over de DRYKORN est fabriqu\u00e9 en pure laine vierge.<br \/>\nIl se pr\u00e9sente dans une coupe \u00e9troite avec un col roul\u00e9 et des bordures c\u00f4tel\u00e9es.<\/p>\n<p><strong>D\u00e9tails<\/strong><br \/>\nPull \u00e0 col roul\u00e9 pour hommes de DRYKORN<br \/>\nPure laine vierge<br \/>\nCoupe \u00e9troite<br \/>\nCol roul\u00e9<br \/>\nFinitions c\u00f4tel\u00e9es \u00e0 la taille<br \/>\nlongueur du dos en taille M : 67 cm<br \/>\nlongueur des manches en taille M : 72,5 cm<br \/>\nNotre mod\u00e8le mesure 187 cm et porte la taille M.<br \/>\nCouleur : Noir<\/p>\n<p><strong>Mat\u00e9riaux et entretien<br \/>\n<\/strong><br \/>\nMat\u00e9riau principal 1 : 100% laine vierge<br \/>\nLavage \u00e0 la main<\/p>","protected":false},"excerpt":{"rendered":"<h3>Caract\u00e9ristiques de l'article<\/h3>\n<p>\u00c9tat de l'article : Nouveau avec \u00e9tiquette : article neuf, non utilis\u00e9 et non port\u00e9 dans son emballage d'origine<\/p>\n<table border=\"0\" frame=\"VOID\" rules=\"NONE\" cellspacing=\"0\">\n<colgroup>\n<col width=\"188\" \/>\n<col width=\"107\" \/><\/colgroup>\n<tbody>\n<tr>\n<td align=\"LEFT\" width=\"188\" height=\"17\">Abteilung:<\/td>\n<td align=\"LEFT\" width=\"107\">Herren<\/td>\n<\/tr>\n<tr>\n<td align=\"LEFT\" height=\"17\">Akzente:<\/td>\n<td align=\"LEFT\">keine<\/td>\n<\/tr>\n<tr>\n<td align=\"LEFT\" height=\"17\">Ausschnitt:<\/td>\n<td align=\"LEFT\">Col roul\u00e9<\/td>\n<\/tr>\n<tr>\n<td align=\"LEFT\" height=\"17\">Particularit\u00e9s :<\/td>\n<td align=\"LEFT\">keine<\/td>\n<\/tr>\n<tr>\n<td align=\"LEFT\" height=\"17\">Charakter:<\/td>\n<td align=\"LEFT\">ohne<\/td>\n<\/tr>\n<tr>\n<td align=\"LEFT\" height=\"17\">EAN:<\/td>\n<td align=\"LEFT\">4060874062036<\/td>\n<\/tr>\n<tr>\n<td align=\"LEFT\" height=\"17\">couleur :<\/td>\n<td align=\"LEFT\">Noir<\/td>\n<\/tr>\n<tr>\n<td align=\"LEFT\" height=\"17\">Gewebeart:<\/td>\n<td align=\"LEFT\">Strick<\/td>\n<\/tr>\n<tr>\n<td align=\"LEFT\" height=\"17\">taille :<\/td>\n<td align=\"LEFT\">L<\/td>\n<\/tr>\n<tr>\n<td align=\"LEFT\" height=\"17\">Gr\u00f6\u00dfenkategorie:<\/td>\n<td align=\"LEFT\">Normalgr\u00f6\u00dfe<\/td>\n<\/tr>\n<tr>\n<td align=\"LEFT\" height=\"17\">Herstellungsland und -region:<\/td>\n<td align=\"LEFT\">T\u00fcrkei<\/td>\n<\/tr>\n<tr>\n<td align=\"LEFT\" height=\"17\">Jahreszeit:<\/td>\n<td align=\"LEFT\">Herbst, Winter<\/td>\n<\/tr>\n<tr>\n<td align=\"LEFT\" height=\"17\">Marke:<\/td>\n<td align=\"LEFT\">Drykorn<\/td>\n<\/tr>\n<tr>\n<td align=\"LEFT\" height=\"17\">mat\u00e9riel :<\/td>\n<td align=\"LEFT\">Laine<\/td>\n<\/tr>\n<tr>\n<td align=\"LEFT\" height=\"17\">Ajustement :<\/td>\n<td align=\"LEFT\">Slim<\/td>\n<\/tr>\n<tr>\n<td align=\"LEFT\" height=\"17\">Produktart:<\/td>\n<td align=\"LEFT\">Pullover<\/td>\n<\/tr>\n<tr>\n<td align=\"LEFT\" height=\"17\">Stil:<\/td>\n<td align=\"LEFT\">Pullover<\/td>\n<\/tr>\n<tr>\n<td align=\"LEFT\" height=\"17\">Strickart:<\/td>\n<td align=\"LEFT\">Feinstrick<\/td>\n<\/tr>\n<tr>\n<td align=\"LEFT\" height=\"17\">Thema:<\/td>\n<td align=\"LEFT\">Adrett<\/td>\n<\/tr>\n<tr>\n<td align=\"LEFT\" height=\"17\">Vintage:<\/td>\n<td align=\"LEFT\">Nein<\/td>\n<\/tr>\n<\/tbody>\n<\/table>","protected":false},"featured_media":79552,"comment_status":"open","ping_status":"closed","template":"","meta":{"_seopress_robots_primary_cat":"","_seopress_titles_title":"","_seopress_titles_desc":"","_seopress_robots_index":""},"product_brand":[],"product_cat":[1345,1485,1575],"product_tag":[],"class_list":{"0":"post-79469","1":"product","2":"type-product","3":"status-publish","4":"has-post-thumbnail","6":"product_cat-herrenmode","7":"product_cat-pullover-sweater-herrenmode","8":"product_cat-rollkragenpullover-pullover-sweater-herrenmode","9":"product_shipping_class-standard-versand","11":"first","12":"instock","13":"sale","14":"taxable","15":"shipping-taxable","16":"purchasable","17":"product-type-simple"},"_links":{"self":[{"href":"https:\/\/www.soanam.de\/fr\/wp-json\/wp\/v2\/product\/79469","targetHints":{"allow":["GET"]}}],"collection":[{"href":"https:\/\/www.soanam.de\/fr\/wp-json\/wp\/v2\/product"}],"about":[{"href":"https:\/\/www.soanam.de\/fr\/wp-json\/wp\/v2\/types\/product"}],"replies":[{"embeddable":true,"href":"https:\/\/www.soanam.de\/fr\/wp-json\/wp\/v2\/comments?post=79469"}],"wp:featuredmedia":[{"embeddable":true,"href":"https:\/\/www.soanam.de\/fr\/wp-json\/wp\/v2\/media\/79552"}],"wp:attachment":[{"href":"https:\/\/www.soanam.de\/fr\/wp-json\/wp\/v2\/media?parent=79469"}],"wp:term":[{"taxonomy":"product_brand","embeddable":true,"href":"https:\/\/www.soanam.de\/fr\/wp-json\/wp\/v2\/product_brand?post=79469"},{"taxonomy":"product_cat","embeddable":true,"href":"https:\/\/www.soanam.de\/fr\/wp-json\/wp\/v2\/product_cat?post=79469"},{"taxonomy":"product_tag","embeddable":true,"href":"https:\/\/www.soanam.de\/fr\/wp-json\/wp\/v2\/product_tag?post=79469"}],"curies":[{"name":"wp","href":"https:\/\/api.w.org\/{rel}","templated":true}]}}