{"id":79426,"date":"2023-12-13T22:39:21","date_gmt":"2023-12-13T21:39:21","guid":{"rendered":"https:\/\/www.soanam.de\/?post_type=product&#038;p=79426"},"modified":"2023-12-13T22:41:42","modified_gmt":"2023-12-13T21:41:42","slug":"nuance-t-shirt-bh-mit-buegel-in-creme-groesse-85c","status":"publish","type":"product","link":"https:\/\/www.soanam.de\/fr\/produkt\/nuance-t-shirt-bh-mit-buegel-in-creme-groesse-85c\/","title":{"rendered":"Nuance T-Shirt-BH mit B\u00fcgel, in Creme, Gr\u00f6\u00dfe 85C"},"content":{"rendered":"<p>B\u00fcgel-BH mit nahtlos vorgeformten Cups von Nuance<br \/>\nEleganter Basic-BH mit besonderem Detail<br \/>\nDie bestickten transparenten Tr\u00e4ger sind ein Hingucker<br \/>\nPerfekter Halt durch seitlich im Cup eingearbeitete St\u00fctze<\/p>\n<p>Hochwertige Spitzen-Tr\u00e4ger werten das schlichte Basic-Design des Nuance T-Shirt-BHs auf und verleihen ihm einen edlen Touch.<br \/>\nDie ungef\u00fctterten nahtlosen Cups schmiegen sich sanft der B\u00fcste an und lassen nichts abzeichnen unter eng anliegender Kleidung.<br \/>\nDie eingearbeiteten B\u00fcgel modellieren zusammen mit den vorgeformten Cups eine wundersch\u00f6ne Form und heben das Dekollet\u00e9 an ohne zu dr\u00fccken.<br \/>\nEbenso verleihen die B\u00fcgel einen sicheren Halt, der durch eine seitliche Cupst\u00fctze noch verst\u00e4rkt wird.<\/p>\n<p>Material: 70% Polyamid, 20% Elasthan, 10% Polyester<br \/>\nConseils d'entretien : Lavage \u00e0 la main<\/p>\n<p>couleur : cr\u00e8me<br \/>\n\u00c9chantillon : sans<br \/>\nTaille : 85C<\/p>\n<p>Tour de sous-poitrine : 85<br \/>\nTaille de bonnet : Cup C<\/p>","protected":false},"excerpt":{"rendered":"<table class=\"dv_characteristicsTable\">\n<caption>MASSANGABE<\/caption>\n<tbody>\n<tr>\n<td class=\"left\">K\u00f6rbchengr\u00f6\u00dfe<\/td>\n<td>Cup C<\/td>\n<\/tr>\n<tr>\n<td class=\"left\">Unterbrustumfang<\/td>\n<td>85<\/td>\n<\/tr>\n<\/tbody>\n<\/table>\n<table class=\"dv_characteristicsTable\">\n<caption>FARBE<\/caption>\n<tbody>\n<tr>\n<td class=\"left\">Couleur<\/td>\n<td>creme<\/td>\n<\/tr>\n<\/tbody>\n<\/table>\n<table class=\"dv_characteristicsTable\">\n<caption>MAT\u00c9RIEL<\/caption>\n<tbody>\n<tr>\n<td class=\"left\">Composition du mat\u00e9riau<\/td>\n<td>Obermaterial: 70% Polyamid, 20% Elasthan, 10% Polyester<\/td>\n<\/tr>\n<tr>\n<td class=\"left\">Materialart<\/td>\n<td>Microtouch<\/td>\n<\/tr>\n<tr>\n<td class=\"left\">Conseils d'entretien<\/td>\n<td>Lavage \u00e0 la main<\/td>\n<\/tr>\n<\/tbody>\n<\/table>\n<table class=\"dv_characteristicsTable\">\n<caption>OPTIK\/STIL<\/caption>\n<tbody>\n<tr>\n<td class=\"left\">Stil<\/td>\n<td>klassisch<\/td>\n<\/tr>\n<\/tbody>\n<\/table>\n<table class=\"dv_characteristicsTable\">\n<caption>K\u00d6RBCHEN \/ CUP<\/caption>\n<tbody>\n<tr>\n<td class=\"left\">Cupdetails<\/td>\n<td>nahtlos vorgeformt<\/td>\n<\/tr>\n<tr>\n<td class=\"left\">B\u00fcgel<\/td>\n<td>mit B\u00fcgel<\/td>\n<\/tr>\n<\/tbody>\n<\/table>\n<table class=\"dv_characteristicsTable\">\n<caption>BH-TR\u00c4GER<\/caption>\n<tbody>\n<tr>\n<td class=\"left\">Porteur<\/td>\n<td>Schmucktr\u00e4ger<\/td>\n<\/tr>\n<tr>\n<td class=\"left\">Tr\u00e4gerdetails<\/td>\n<td>halb-transparent<\/td>\n<\/tr>\n<\/tbody>\n<\/table>\n<table class=\"dv_characteristicsTable\">\n<caption>VERSCHLUSS<\/caption>\n<tbody>\n<tr>\n<td class=\"left\">Verschluss<\/td>\n<td>Haken &amp; \u00d6sen<\/td>\n<\/tr>\n<tr>\n<td class=\"left\">Verschlussdetails<\/td>\n<td>hinten<\/td>\n<\/tr>\n<\/tbody>\n<\/table>","protected":false},"featured_media":79533,"comment_status":"open","ping_status":"closed","template":"","meta":{"_seopress_robots_primary_cat":"","_seopress_titles_title":"","_seopress_titles_desc":"","_seopress_robots_index":""},"product_brand":[],"product_cat":[1348,1444,1516],"product_tag":[],"class_list":{"0":"post-79426","1":"product","2":"type-product","3":"status-publish","4":"has-post-thumbnail","6":"product_cat-damen-mode","7":"product_cat-unterwaesche","8":"product_cat-bhs","9":"product_shipping_class-standard-versand","11":"first","12":"instock","13":"sale","14":"taxable","15":"shipping-taxable","16":"purchasable","17":"product-type-simple"},"_links":{"self":[{"href":"https:\/\/www.soanam.de\/fr\/wp-json\/wp\/v2\/product\/79426","targetHints":{"allow":["GET"]}}],"collection":[{"href":"https:\/\/www.soanam.de\/fr\/wp-json\/wp\/v2\/product"}],"about":[{"href":"https:\/\/www.soanam.de\/fr\/wp-json\/wp\/v2\/types\/product"}],"replies":[{"embeddable":true,"href":"https:\/\/www.soanam.de\/fr\/wp-json\/wp\/v2\/comments?post=79426"}],"wp:featuredmedia":[{"embeddable":true,"href":"https:\/\/www.soanam.de\/fr\/wp-json\/wp\/v2\/media\/79533"}],"wp:attachment":[{"href":"https:\/\/www.soanam.de\/fr\/wp-json\/wp\/v2\/media?parent=79426"}],"wp:term":[{"taxonomy":"product_brand","embeddable":true,"href":"https:\/\/www.soanam.de\/fr\/wp-json\/wp\/v2\/product_brand?post=79426"},{"taxonomy":"product_cat","embeddable":true,"href":"https:\/\/www.soanam.de\/fr\/wp-json\/wp\/v2\/product_cat?post=79426"},{"taxonomy":"product_tag","embeddable":true,"href":"https:\/\/www.soanam.de\/fr\/wp-json\/wp\/v2\/product_tag?post=79426"}],"curies":[{"name":"wp","href":"https:\/\/api.w.org\/{rel}","templated":true}]}}