{"id":79425,"date":"2023-12-13T22:39:21","date_gmt":"2023-12-13T21:39:21","guid":{"rendered":"https:\/\/www.soanam.de\/?post_type=product&#038;p=79425"},"modified":"2023-12-13T22:41:39","modified_gmt":"2023-12-13T21:41:39","slug":"triaction-by-triumph-sport-bh-wellness-n-in-weiss-groesse-80b","status":"publish","type":"product","link":"https:\/\/www.soanam.de\/fr\/produkt\/triaction-by-triumph-sport-bh-wellness-n-in-weiss-groesse-80b\/","title":{"rendered":"triaction by Triumph Soutien-gorge de sport Wellness N, en blanc, taille 80B"},"content":{"rendered":"<p>Modischer Sport-BH von triaction by Triumph<br \/>\nMit nahtlos vorgeformten Cups ohne B\u00fcgel<br \/>\nCooles Mesch-Material am Cuprand<br \/>\nMit 2 Tragevarianten<br \/>\nTr\u00e4ger \u00fcber Kreuz tragbar<br \/>\nR\u00fcckenverschluss und extra breite Tr\u00e4ger sind verstellbar<\/p>\n<p>Der Fitness-BH von triaction by Triumph ohne B\u00fcgel mit nahtlos vorgeformten Cups bietet der Brust extrem guten Halt.<br \/>\nNeben dem verst\u00e4rkten, elastischen Funktionsmaterial sorgen weiche, extrabreite sowie verstellbare Tr\u00e4ger, welche sich auch \u00fcber Kreuz tragen lassen!<br \/>\nModisches Mesh-Material in Netzoptik l\u00e4uft entlang des Cuprandes und verleiht dem BH einen sportlichen Look.<\/p>\n<p>Material: 77% Polyamid, 23% Elasthan LYCRA<br \/>\nConseils d'entretien : lavage en machine \u00e0 40\u00b0C<\/p>\n<p>couleur : blanc<br \/>\n\u00c9chantillon : sans<br \/>\nGr\u00f6\u00dfe: 80B<\/p>\n<p>Tour de sous-poitrine : 80<br \/>\nTaille de bonnet : bonnet B<\/p>","protected":false},"excerpt":{"rendered":"<table class=\"dv_characteristicsTable\">\n<caption>MASSANGABE<\/caption>\n<tbody>\n<tr>\n<td class=\"left\">K\u00f6rbchengr\u00f6\u00dfe<\/td>\n<td>Cup B<\/td>\n<\/tr>\n<tr>\n<td class=\"left\">Unterbrustumfang<\/td>\n<td>80<\/td>\n<\/tr>\n<\/tbody>\n<\/table>\n<table class=\"dv_characteristicsTable\">\n<caption>FARBE<\/caption>\n<tbody>\n<tr>\n<td class=\"left\">Couleur<\/td>\n<td>wei\u00df<\/td>\n<\/tr>\n<\/tbody>\n<\/table>\n<table class=\"dv_characteristicsTable\">\n<caption>MAT\u00c9RIEL<\/caption>\n<tbody>\n<tr>\n<td class=\"left\">Composition du mat\u00e9riau<\/td>\n<td>Obermaterial: 77% Polyamid, 23% Elasthan LYCRA\u00ae<\/td>\n<\/tr>\n<tr>\n<td class=\"left\">Materialeigenschaften<\/td>\n<td>Lycra<\/td>\n<\/tr>\n<tr>\n<td class=\"left\">Conseils d'entretien<\/td>\n<td>40\u00b0C Maschinenw\u00e4sche<\/td>\n<\/tr>\n<\/tbody>\n<\/table>\n<table class=\"dv_characteristicsTable\">\n<caption>K\u00d6RBCHEN \/ CUP<\/caption>\n<tbody>\n<tr>\n<td class=\"left\">Cupdetails<\/td>\n<td>nahtlos vorgeformt<\/td>\n<\/tr>\n<tr>\n<td class=\"left\">B\u00fcgel<\/td>\n<td>ohne B\u00fcgel<\/td>\n<\/tr>\n<\/tbody>\n<\/table>\n<table class=\"dv_characteristicsTable\">\n<caption>BH-TR\u00c4GER<\/caption>\n<tbody>\n<tr>\n<td class=\"left\">Anzahl Tragevarianten<\/td>\n<td>2<\/td>\n<\/tr>\n<tr>\n<td class=\"left\">Porteur<\/td>\n<td>mit Tr\u00e4ger<\/td>\n<\/tr>\n<tr>\n<td class=\"left\">Tr\u00e4gerdetails<\/td>\n<td>verstellbar<\/td>\n<\/tr>\n<\/tbody>\n<\/table>\n<table class=\"dv_characteristicsTable\">\n<caption>VERSCHLUSS<\/caption>\n<tbody>\n<tr>\n<td class=\"left\">Verschluss<\/td>\n<td>Haken &amp; \u00d6sen<\/td>\n<\/tr>\n<tr>\n<td class=\"left\">Verschlussdetails<\/td>\n<td>hinten<\/td>\n<\/tr>\n<\/tbody>\n<\/table>\n<table class=\"dv_characteristicsTable\">\n<caption>FUNKTIONEN<\/caption>\n<tbody>\n<tr>\n<td class=\"left\">Belastungsgrad<\/td>\n<td>stark<\/td>\n<\/tr>\n<\/tbody>\n<\/table>","protected":false},"featured_media":79531,"comment_status":"open","ping_status":"closed","template":"","meta":{"_seopress_robots_primary_cat":"","_seopress_titles_title":"","_seopress_titles_desc":"","_seopress_robots_index":""},"product_brand":[],"product_cat":[1348,1444,1516],"product_tag":[],"class_list":{"0":"post-79425","1":"product","2":"type-product","3":"status-publish","4":"has-post-thumbnail","6":"product_cat-damen-mode","7":"product_cat-unterwaesche","8":"product_cat-bhs","9":"product_shipping_class-standard-versand","11":"first","12":"instock","13":"taxable","14":"shipping-taxable","15":"purchasable","16":"product-type-simple"},"_links":{"self":[{"href":"https:\/\/www.soanam.de\/fr\/wp-json\/wp\/v2\/product\/79425","targetHints":{"allow":["GET"]}}],"collection":[{"href":"https:\/\/www.soanam.de\/fr\/wp-json\/wp\/v2\/product"}],"about":[{"href":"https:\/\/www.soanam.de\/fr\/wp-json\/wp\/v2\/types\/product"}],"replies":[{"embeddable":true,"href":"https:\/\/www.soanam.de\/fr\/wp-json\/wp\/v2\/comments?post=79425"}],"wp:featuredmedia":[{"embeddable":true,"href":"https:\/\/www.soanam.de\/fr\/wp-json\/wp\/v2\/media\/79531"}],"wp:attachment":[{"href":"https:\/\/www.soanam.de\/fr\/wp-json\/wp\/v2\/media?parent=79425"}],"wp:term":[{"taxonomy":"product_brand","embeddable":true,"href":"https:\/\/www.soanam.de\/fr\/wp-json\/wp\/v2\/product_brand?post=79425"},{"taxonomy":"product_cat","embeddable":true,"href":"https:\/\/www.soanam.de\/fr\/wp-json\/wp\/v2\/product_cat?post=79425"},{"taxonomy":"product_tag","embeddable":true,"href":"https:\/\/www.soanam.de\/fr\/wp-json\/wp\/v2\/product_tag?post=79425"}],"curies":[{"name":"wp","href":"https:\/\/api.w.org\/{rel}","templated":true}]}}