{"id":79407,"date":"2023-12-13T22:38:54","date_gmt":"2023-12-13T21:38:54","guid":{"rendered":"https:\/\/www.soanam.de\/?post_type=product&#038;p=79407"},"modified":"2025-10-17T08:20:17","modified_gmt":"2025-10-17T06:20:17","slug":"medosan-soutien-gorge-sans-armatures-comfort-day-night-bra-en-pack-de-2-en-blanc-taille-90b-c-d","status":"publish","type":"product","link":"https:\/\/www.soanam.de\/fr\/produkt\/medosan-buegelloser-bh-comfort-day-night-bra-im-2er-pack-in-weiss-groesse-90b-c-d\/","title":{"rendered":"Medosan Soutien-gorge sans armatures Comfort Day &amp; Night Bra en pack de 2, en blanc, taille 90B\/C\/D"},"content":{"rendered":"<p>Soutien-gorge sans armatures Comfort Day &amp; Night Bra de Medosan<br \/>\nEnfilage confortable gr\u00e2ce \u00e0 la fermeture frontale<br \/>\nOhne st\u00f6rende N\u00e4hte - auch als Schlaf-BH geeignet<br \/>\nLes larges bretelles et l'\u00e9lastique large sous la poitrine assurent un bon confort de port<br \/>\nConvient aux bonnets B\/C\/D<br \/>\nMat\u00e9riau respirant et absorbant l'humidit\u00e9<\/p>\n<p>Le Comfort Day &amp; Night Bra de Medosan est agr\u00e9able \u00e0 porter, sans armatures ni coutures g\u00eanantes.<br \/>\nIl est dot\u00e9 d'une fermeture frontale pour un enfilage confortable.<br \/>\nDes bretelles extra larges et un \u00e9lastique plus large sous la poitrine assurent un grand confort.<br \/>\nLe mat\u00e9riau \u00e9lastique, au design ondul\u00e9 en forme de losange, est respirant et absorbe l'humidit\u00e9.<br \/>\nDer Bh im Doppelpack ist superbequem - auch als Schlaf-BH geeignet.<br \/>\nConvient aux bonnets B\/C\/D.<\/p>\n<p>Mati\u00e8re : 57% coton, 38% polyester, 5% \u00e9lasthanne<br \/>\nConseils d'entretien : Lavage en machine<\/p>\n<p>couleur : blanc<br \/>\nmotif : losange<br \/>\nTaille : 90B\/C\/D<\/p>\n<p>Tour de sous-poitrine : 90<br \/>\nTaille de bonnet : bonnet B\/C\/D<\/p>","protected":false},"excerpt":{"rendered":"<table class=\"dv_characteristicsTable\">\n<caption>MASSANGABE<\/caption>\n<tbody>\n<tr>\n<td class=\"left\">Unterbrustumfang<\/td>\n<td>90<\/td>\n<\/tr>\n<\/tbody>\n<\/table>\n<table class=\"dv_characteristicsTable\">\n<caption>MAT\u00c9RIEL<\/caption>\n<tbody>\n<tr>\n<td class=\"left\">Composition du mat\u00e9riau<\/td>\n<td>Obermaterial: 57% Baumwolle, 38% Polyester, 5% Elasthan<\/td>\n<\/tr>\n<tr>\n<td class=\"left\">Conseils d'entretien<\/td>\n<td>Lavage en machine<\/td>\n<\/tr>\n<\/tbody>\n<\/table>\n<table class=\"dv_characteristicsTable\">\n<caption>OPTIK\/STIL<\/caption>\n<tbody>\n<tr>\n<td class=\"left\">Stil<\/td>\n<td>Basic<\/td>\n<\/tr>\n<\/tbody>\n<\/table>\n<table class=\"dv_characteristicsTable\">\n<caption>PASSFORM\/SCHNITT<\/caption>\n<tbody>\n<tr>\n<td class=\"left\">Empfohlen f\u00fcr Cupgr\u00f6\u00dfe<\/td>\n<td>B-D<\/td>\n<\/tr>\n<\/tbody>\n<\/table>\n<table class=\"dv_characteristicsTable\">\n<caption>K\u00d6RBCHEN \/ CUP<\/caption>\n<tbody>\n<tr>\n<td class=\"left\">Cupdetails<\/td>\n<td>nahtlos vorgeformt<\/td>\n<\/tr>\n<tr>\n<td class=\"left\">B\u00fcgel<\/td>\n<td>ohne B\u00fcgel<\/td>\n<\/tr>\n<\/tbody>\n<\/table>\n<table class=\"dv_characteristicsTable\">\n<caption>BH-TR\u00c4GER<\/caption>\n<tbody>\n<tr>\n<td class=\"left\">Porteur<\/td>\n<td>breite Tr\u00e4ger<\/td>\n<\/tr>\n<tr>\n<td class=\"left\">Tr\u00e4gerdetails<\/td>\n<td>nicht verstellbar<\/td>\n<\/tr>\n<\/tbody>\n<\/table>\n<table class=\"dv_characteristicsTable\">\n<caption>VERSCHLUSS<\/caption>\n<tbody>\n<tr>\n<td class=\"left\">Verschluss<\/td>\n<td>Haken &amp; \u00d6sen<\/td>\n<\/tr>\n<tr>\n<td class=\"left\">Verschlussdetails<\/td>\n<td>vorn<\/td>\n<\/tr>\n<\/tbody>\n<\/table>","protected":false},"featured_media":79519,"comment_status":"open","ping_status":"closed","template":"","meta":{"_seopress_robots_primary_cat":"","_seopress_titles_title":"","_seopress_titles_desc":"","_seopress_robots_index":""},"product_brand":[],"product_cat":[1348,1444,1516],"product_tag":[],"class_list":{"0":"post-79407","1":"product","2":"type-product","3":"status-publish","4":"has-post-thumbnail","6":"product_cat-damen-mode","7":"product_cat-unterwaesche","8":"product_cat-bhs","9":"product_shipping_class-standard-versand","11":"first","12":"outofstock","13":"sale","14":"taxable","15":"shipping-taxable","16":"purchasable","17":"product-type-simple"},"_links":{"self":[{"href":"https:\/\/www.soanam.de\/fr\/wp-json\/wp\/v2\/product\/79407","targetHints":{"allow":["GET"]}}],"collection":[{"href":"https:\/\/www.soanam.de\/fr\/wp-json\/wp\/v2\/product"}],"about":[{"href":"https:\/\/www.soanam.de\/fr\/wp-json\/wp\/v2\/types\/product"}],"replies":[{"embeddable":true,"href":"https:\/\/www.soanam.de\/fr\/wp-json\/wp\/v2\/comments?post=79407"}],"wp:featuredmedia":[{"embeddable":true,"href":"https:\/\/www.soanam.de\/fr\/wp-json\/wp\/v2\/media\/79519"}],"wp:attachment":[{"href":"https:\/\/www.soanam.de\/fr\/wp-json\/wp\/v2\/media?parent=79407"}],"wp:term":[{"taxonomy":"product_brand","embeddable":true,"href":"https:\/\/www.soanam.de\/fr\/wp-json\/wp\/v2\/product_brand?post=79407"},{"taxonomy":"product_cat","embeddable":true,"href":"https:\/\/www.soanam.de\/fr\/wp-json\/wp\/v2\/product_cat?post=79407"},{"taxonomy":"product_tag","embeddable":true,"href":"https:\/\/www.soanam.de\/fr\/wp-json\/wp\/v2\/product_tag?post=79407"}],"curies":[{"name":"wp","href":"https:\/\/api.w.org\/{rel}","templated":true}]}}