{"id":79364,"date":"2023-12-13T22:38:09","date_gmt":"2023-12-13T21:38:09","guid":{"rendered":"https:\/\/www.soanam.de\/?post_type=product&#038;p=79364"},"modified":"2023-12-13T22:40:30","modified_gmt":"2023-12-13T21:40:30","slug":"nuance-buegel-bh-mit-stickerei-in-taupe-und-schwarz-groesse-85e","status":"publish","type":"product","link":"https:\/\/www.soanam.de\/fr\/produkt\/nuance-buegel-bh-mit-stickerei-in-taupe-und-schwarz-groesse-85e\/","title":{"rendered":"Nuance B\u00fcgel-BH mit Stickerei, in Taupe und Schwarz, Gr\u00f6\u00dfe 85E"},"content":{"rendered":"<p>B\u00fcgel-BH von Nuance in optimaler Schnittf\u00fchrung<br \/>\nDekorative Eins\u00e4tze aus Stickereispitze am Obercup<br \/>\nH\u00fcbsche Stickerei Motive an den Tr\u00e4ger<br \/>\nDoppellagige Cups f\u00fcr eine gute Formgebung<br \/>\nIm dezenten P\u00fcnktchendruck<br \/>\nElastiktr\u00e4ger und R\u00fcckenverschluss verstellbar<\/p>\n<p>Die Stickereispitze am Obercup und an den Tr\u00e4gern vorn sorgen f\u00fcr einen sch\u00f6nen Look. Die gef\u00fctterten Cups und die seitlich gearbeitete St\u00fctze formen eine sch\u00f6ne B\u00fcste und geben Halt.<br \/>\nF\u00fcr hohen Tragekomfort sorgen breitere Elastikb\u00e4nder entlang der Kanten, die dank hochelastischer N\u00e4hte nicht einschneiden, der R\u00fcckenverschluss bietet 3 Verstellm\u00f6glichkeiten.<\/p>\n<p>Material: 80% Polyamid, 10% Elasthan, 10% Viskose<br \/>\nConseils d'entretien : Lavage \u00e0 la main<\/p>\n<p>Farbe: taupe, schwarz<br \/>\nMuster: gepunktet<br \/>\nGr\u00f6\u00dfe: 85E<\/p>\n<p>Tour de sous-poitrine : 85<br \/>\nTaille de bonnet : bonnet E<\/p>","protected":false},"excerpt":{"rendered":"<table class=\"dv_characteristicsTable\">\n<caption>MASSANGABE<\/caption>\n<tbody>\n<tr>\n<td class=\"left\">K\u00f6rbchengr\u00f6\u00dfe<\/td>\n<td>Cup E<\/td>\n<\/tr>\n<tr>\n<td class=\"left\">Unterbrustumfang<\/td>\n<td>85<\/td>\n<\/tr>\n<\/tbody>\n<\/table>\n<table class=\"dv_characteristicsTable\">\n<caption>FARBE<\/caption>\n<tbody>\n<tr>\n<td class=\"left\">Couleur<\/td>\n<td>taupe<br \/>\nschwarz<\/td>\n<\/tr>\n<\/tbody>\n<\/table>\n<table class=\"dv_characteristicsTable\">\n<caption>MAT\u00c9RIEL<\/caption>\n<tbody>\n<tr>\n<td class=\"left\">Composition du mat\u00e9riau<\/td>\n<td>Obermaterial: 80% Polyamid, 10% Elasthan, 10% Viskose<\/td>\n<\/tr>\n<tr>\n<td class=\"left\">Materialart<\/td>\n<td>Microtouch<br \/>\nSpitze<\/td>\n<\/tr>\n<tr>\n<td class=\"left\">Conseils d'entretien<\/td>\n<td>Lavage \u00e0 la main<\/td>\n<\/tr>\n<\/tbody>\n<\/table>\n<table class=\"dv_characteristicsTable\">\n<caption>OPTIK\/STIL<\/caption>\n<tbody>\n<tr>\n<td class=\"left\">Stil<\/td>\n<td>feminin<\/td>\n<\/tr>\n<\/tbody>\n<\/table>\n<table class=\"dv_characteristicsTable\">\n<caption>K\u00d6RBCHEN \/ CUP<\/caption>\n<tbody>\n<tr>\n<td class=\"left\">Cupdetails<\/td>\n<td>gef\u00fcttert<br \/>\nAbn\u00e4her<\/td>\n<\/tr>\n<tr>\n<td class=\"left\">B\u00fcgel<\/td>\n<td>mit B\u00fcgel<\/td>\n<\/tr>\n<\/tbody>\n<\/table>\n<table class=\"dv_characteristicsTable\">\n<caption>BH-TR\u00c4GER<\/caption>\n<tbody>\n<tr>\n<td class=\"left\">Porteur<\/td>\n<td>mit Tr\u00e4ger<\/td>\n<\/tr>\n<tr>\n<td class=\"left\">Tr\u00e4gerdetails<\/td>\n<td>verstellbar<br \/>\nSpitze<\/td>\n<\/tr>\n<\/tbody>\n<\/table>\n<table class=\"dv_characteristicsTable\">\n<caption>VERSCHLUSS<\/caption>\n<tbody>\n<tr>\n<td class=\"left\">Verschluss<\/td>\n<td>Haken &amp; \u00d6sen<\/td>\n<\/tr>\n<tr>\n<td class=\"left\">Verschlussdetails<\/td>\n<td>hinten<\/td>\n<\/tr>\n<\/tbody>\n<\/table>","protected":false},"featured_media":79480,"comment_status":"open","ping_status":"closed","template":"","meta":{"_seopress_robots_primary_cat":"","_seopress_titles_title":"","_seopress_titles_desc":"","_seopress_robots_index":""},"product_brand":[],"product_cat":[1348,1444,1516],"product_tag":[],"class_list":{"0":"post-79364","1":"product","2":"type-product","3":"status-publish","4":"has-post-thumbnail","6":"product_cat-damen-mode","7":"product_cat-unterwaesche","8":"product_cat-bhs","9":"product_shipping_class-standard-versand","11":"first","12":"instock","13":"sale","14":"taxable","15":"shipping-taxable","16":"purchasable","17":"product-type-simple"},"_links":{"self":[{"href":"https:\/\/www.soanam.de\/fr\/wp-json\/wp\/v2\/product\/79364","targetHints":{"allow":["GET"]}}],"collection":[{"href":"https:\/\/www.soanam.de\/fr\/wp-json\/wp\/v2\/product"}],"about":[{"href":"https:\/\/www.soanam.de\/fr\/wp-json\/wp\/v2\/types\/product"}],"replies":[{"embeddable":true,"href":"https:\/\/www.soanam.de\/fr\/wp-json\/wp\/v2\/comments?post=79364"}],"wp:featuredmedia":[{"embeddable":true,"href":"https:\/\/www.soanam.de\/fr\/wp-json\/wp\/v2\/media\/79480"}],"wp:attachment":[{"href":"https:\/\/www.soanam.de\/fr\/wp-json\/wp\/v2\/media?parent=79364"}],"wp:term":[{"taxonomy":"product_brand","embeddable":true,"href":"https:\/\/www.soanam.de\/fr\/wp-json\/wp\/v2\/product_brand?post=79364"},{"taxonomy":"product_cat","embeddable":true,"href":"https:\/\/www.soanam.de\/fr\/wp-json\/wp\/v2\/product_cat?post=79364"},{"taxonomy":"product_tag","embeddable":true,"href":"https:\/\/www.soanam.de\/fr\/wp-json\/wp\/v2\/product_tag?post=79364"}],"curies":[{"name":"wp","href":"https:\/\/api.w.org\/{rel}","templated":true}]}}