{"id":79281,"date":"2023-12-13T22:36:18","date_gmt":"2023-12-13T21:36:18","guid":{"rendered":"https:\/\/www.soanam.de\/?post_type=product&#038;p=79281"},"modified":"2023-12-13T22:38:52","modified_gmt":"2023-12-13T21:38:52","slug":"petite-fleur-paquet-de-3-slips-en-noir-taille-40-42","status":"publish","type":"product","link":"https:\/\/www.soanam.de\/fr\/produkt\/petite-fleur-formslips-im-3er-pack-in-schwarz-groesse-40-42\/","title":{"rendered":"petite fleur Slips gainants en pack de 3, noir, taille 40\/42"},"content":{"rendered":"<p>Pants jazz bodyforming en pack de 3 de petite fleur<br \/>\nHauteur de taille extra haute pour un confort optimal<br \/>\nRenforc\u00e9 sur le devant par une maille Power - Cache le ventre<br \/>\nInserts attrayants en dentelle sur le devant<\/p>\n<p>Shapewear et v\u00e9ritable accroche-regard en un.<br \/>\nLe m\u00e9lange raffin\u00e9 de mati\u00e8res des slips sculptants assure un fabuleux confort.<br \/>\nGr\u00e2ce \u00e0 des empi\u00e8cements sp\u00e9ciaux sur le ventre, les petits bourrelets disparaissent et cr\u00e9ent imm\u00e9diatement une superbe silhouette.<\/p>\n<p>Mati\u00e8re : 90% coton , 10% \u00e9lasthanne LYCRA<br \/>\nConseils d'entretien : Lavage en machine<\/p>\n<p>couleur : noir<br \/>\nmotif : fleurs<br \/>\nTaille : 40\/42<\/p>","protected":false},"excerpt":{"rendered":"<table class=\"dv_characteristicsTable\">\n<caption>MASSANGABE<\/caption>\n<tbody>\n<tr>\n<td class=\"left\">Taille<\/td>\n<td>40\/42<\/td>\n<\/tr>\n<tr>\n<td class=\"left\">Gr\u00f6\u00dfentyp<\/td>\n<td>Normalgr\u00f6\u00dfen<\/td>\n<\/tr>\n<\/tbody>\n<\/table>\n<table class=\"dv_characteristicsTable\">\n<caption>FARBE<\/caption>\n<tbody>\n<tr>\n<td class=\"left\">Couleur<\/td>\n<td>schwarz<\/td>\n<\/tr>\n<\/tbody>\n<\/table>\n<table class=\"dv_characteristicsTable\">\n<caption>PRODUKTDETAILS<\/caption>\n<tbody>\n<tr>\n<td class=\"left\">Ausstattung<\/td>\n<td>Gousset en coton<\/td>\n<\/tr>\n<tr>\n<td class=\"left\">Conseils d'entretien<\/td>\n<td>Lavage en machine<\/td>\n<\/tr>\n<\/tbody>\n<\/table>\n<table class=\"dv_characteristicsTable\">\n<caption>MAT\u00c9RIEL<\/caption>\n<tbody>\n<tr>\n<td class=\"left\">Composition du mat\u00e9riau<\/td>\n<td>Obermaterial: 90% Baumwolle\u00a0, 10% Elasthan LYCRA\u00ae. Spitze: 90% Polyamid, 10% Elasthan. Powernetz: 90% Polyamid, 10% Elasthan<\/td>\n<\/tr>\n<\/tbody>\n<\/table>","protected":false},"featured_media":79405,"comment_status":"open","ping_status":"closed","template":"","meta":{"_seopress_robots_primary_cat":"","_seopress_titles_title":"","_seopress_titles_desc":"","_seopress_robots_index":""},"product_brand":[],"product_cat":[1348,1444,1501],"product_tag":[],"class_list":{"0":"post-79281","1":"product","2":"type-product","3":"status-publish","4":"has-post-thumbnail","6":"product_cat-damen-mode","7":"product_cat-unterwaesche","8":"product_cat-slips","9":"product_shipping_class-standard-versand","11":"first","12":"instock","13":"taxable","14":"shipping-taxable","15":"purchasable","16":"product-type-simple"},"_links":{"self":[{"href":"https:\/\/www.soanam.de\/fr\/wp-json\/wp\/v2\/product\/79281","targetHints":{"allow":["GET"]}}],"collection":[{"href":"https:\/\/www.soanam.de\/fr\/wp-json\/wp\/v2\/product"}],"about":[{"href":"https:\/\/www.soanam.de\/fr\/wp-json\/wp\/v2\/types\/product"}],"replies":[{"embeddable":true,"href":"https:\/\/www.soanam.de\/fr\/wp-json\/wp\/v2\/comments?post=79281"}],"wp:featuredmedia":[{"embeddable":true,"href":"https:\/\/www.soanam.de\/fr\/wp-json\/wp\/v2\/media\/79405"}],"wp:attachment":[{"href":"https:\/\/www.soanam.de\/fr\/wp-json\/wp\/v2\/media?parent=79281"}],"wp:term":[{"taxonomy":"product_brand","embeddable":true,"href":"https:\/\/www.soanam.de\/fr\/wp-json\/wp\/v2\/product_brand?post=79281"},{"taxonomy":"product_cat","embeddable":true,"href":"https:\/\/www.soanam.de\/fr\/wp-json\/wp\/v2\/product_cat?post=79281"},{"taxonomy":"product_tag","embeddable":true,"href":"https:\/\/www.soanam.de\/fr\/wp-json\/wp\/v2\/product_tag?post=79281"}],"curies":[{"name":"wp","href":"https:\/\/api.w.org\/{rel}","templated":true}]}}