{"id":79199,"date":"2023-12-13T22:34:30","date_gmt":"2023-12-13T21:34:30","guid":{"rendered":"https:\/\/www.soanam.de\/?post_type=product&#038;p=79199"},"modified":"2023-12-13T22:37:14","modified_gmt":"2023-12-13T21:37:14","slug":"yume-sleepwear-couverture-enfant-lune-brodee-a-la-main-en-bleu-creme-135cm-x-100cm","status":"publish","type":"product","link":"https:\/\/www.soanam.de\/fr\/produkt\/yume-sleepwear-kinderdecke-mond-handbestickt-in-blau-creme-135cm-x-100cm\/","title":{"rendered":"Yume Sleepwear couverture pour enfants \"Lune\", brod\u00e9e \u00e0 la main, en bleu \/ cr\u00e8me (135cm x 100cm)"},"content":{"rendered":"<h3>Description<\/h3>\n<p>Con\u00e7ue pour faire r\u00eaver, Yume est une collection de v\u00eatements de nuit exquis, de couvertures distinctives brod\u00e9es \u00e0 la main et d'accessoires charmants pour enfants, inspir\u00e9s de rituels asiatiques s\u00e9culaires, qui comprennent des v\u00eatements confortables pour la transition du bourdonnement de la journ\u00e9e au calme du jour de la nuit.<br \/>\nYume fait confiance aux designs traditionnels , qui fonctionnent depuis des si\u00e8cles et s'adaptent aux besoins des enfants et \u00e0 notre sens de la beaut\u00e9.<br \/>\nLes produits en tissu de coton doux \u00e0 deux couches sont confortables, magnifiques et conviviaux, et fabriqu\u00e9s avec une finition fine .<br \/>\nNous esp\u00e9rons qu'ils serviront d'amis \u00e0 vos enfants lors de la transition parfois difficile entre l'excitation de la journ\u00e9e et le sommeil r\u00e9parateur, et qu'ils leur procureront un sentiment de s\u00e9r\u00e9nit\u00e9 confortable.<br \/>\nLes produits Yume sont con\u00e7us pour durer et peuvent \u00eatre port\u00e9s par des g\u00e9n\u00e9rations d'enfants.<\/p>\n<h3>Description de l'article<\/h3>\n<p>Les couvertures pour enfants Yume sont fabriqu\u00e9es et brod\u00e9es \u00e0 la main par des femmes, dans des tissus \u00e0 plusieurs couches et dans le cadre d'un travail \u00e0 domicile qui prend beaucoup de temps. Les broderies symbolisent des \u00e9l\u00e9ments de la nature pour lesquels les brodeurs (\u00e0 l'int\u00e9rieur) sont importants : Soleils, lunes, pluie, riz.<br \/>\nLa taille des couvertures pour enfants est de 100x135cm et peuvent encore \u00eatre utilis\u00e9es apr\u00e8s l'enfance comme grande \"\u00e9charpe douillette\" ou pour r\u00e9chauffer les hanches. Toutes les couvertures peuvent \u00eatre lav\u00e9es en machine jusqu'\u00e0 40C.<\/p>\n<h3>D\u00e9tails<\/h3>\n<p>couleur : bleu nuit \/ cr\u00e8me<br \/>\nMat\u00e9riau : 100% Premium - coton multicouche<br \/>\nTaille : 135cm x 100cm<br \/>\nBrod\u00e9 \u00e0 la main<br \/>\nLavable en machine \u00e0 40 \u00b0 C<br \/>\nFabriqu\u00e9 en Tha\u00eflande<\/p>","protected":false},"excerpt":{"rendered":"<h3>Caract\u00e9ristiques de l'article<\/h3>\n<p>\u00c9tat de l'article : Nouveau avec \u00e9tiquette : article neuf, non utilis\u00e9 et non port\u00e9 dans son emballage d'origine<\/p>\n<p>Produktart: Decke<br \/>\nL\u00e4nge: 135 cm<br \/>\nF\u00fcllmaterial: nicht zutreffend<br \/>\nMati\u00e8re : 100% coton<br \/>\nPflegeanleitung: Maschinenw\u00e4sche<br \/>\nCouleur : Bleu<br \/>\nBreite: 100 cm<br \/>\nMarke: Yume<br \/>\nTaille : 135cm x 100cm<\/p>","protected":false},"featured_media":79312,"comment_status":"open","ping_status":"closed","template":"","meta":{"_seopress_robots_primary_cat":"","_seopress_titles_title":"","_seopress_titles_desc":"","_seopress_robots_index":""},"product_brand":[],"product_cat":[1400],"product_tag":[],"class_list":{"0":"post-79199","1":"product","2":"type-product","3":"status-publish","4":"has-post-thumbnail","6":"product_cat-wohnzubehoer","7":"product_shipping_class-standard-versand","9":"first","10":"instock","11":"sale","12":"taxable","13":"shipping-taxable","14":"purchasable","15":"product-type-simple"},"_links":{"self":[{"href":"https:\/\/www.soanam.de\/fr\/wp-json\/wp\/v2\/product\/79199","targetHints":{"allow":["GET"]}}],"collection":[{"href":"https:\/\/www.soanam.de\/fr\/wp-json\/wp\/v2\/product"}],"about":[{"href":"https:\/\/www.soanam.de\/fr\/wp-json\/wp\/v2\/types\/product"}],"replies":[{"embeddable":true,"href":"https:\/\/www.soanam.de\/fr\/wp-json\/wp\/v2\/comments?post=79199"}],"wp:featuredmedia":[{"embeddable":true,"href":"https:\/\/www.soanam.de\/fr\/wp-json\/wp\/v2\/media\/79312"}],"wp:attachment":[{"href":"https:\/\/www.soanam.de\/fr\/wp-json\/wp\/v2\/media?parent=79199"}],"wp:term":[{"taxonomy":"product_brand","embeddable":true,"href":"https:\/\/www.soanam.de\/fr\/wp-json\/wp\/v2\/product_brand?post=79199"},{"taxonomy":"product_cat","embeddable":true,"href":"https:\/\/www.soanam.de\/fr\/wp-json\/wp\/v2\/product_cat?post=79199"},{"taxonomy":"product_tag","embeddable":true,"href":"https:\/\/www.soanam.de\/fr\/wp-json\/wp\/v2\/product_tag?post=79199"}],"curies":[{"name":"wp","href":"https:\/\/api.w.org\/{rel}","templated":true}]}}