{"id":79187,"date":"2023-12-13T22:34:01","date_gmt":"2023-12-13T21:34:01","guid":{"rendered":"https:\/\/www.soanam.de\/?post_type=product&#038;p=79187"},"modified":"2023-12-13T22:37:01","modified_gmt":"2023-12-13T21:37:01","slug":"arizona-high-waist-skinny-fit-jeans-shaping-in-blue-used-taille-19","status":"publish","type":"product","link":"https:\/\/www.soanam.de\/fr\/produkt\/arizona-high-waist-skinny-fit-jeans-shaping-in-blue-used-groesse-19\/","title":{"rendered":"Jeans Arizona taille haute SHAPING, bleu us\u00e9, taille 19"},"content":{"rendered":"<p>Jeans taille haute de ARIZONA<br \/>\nTube, taille haute<br \/>\nLe renouveau de la mode des ann\u00e9es quatre-vingt-dix<br \/>\nEn denim stretch de qualit\u00e9<\/p>\n<p>Le renouveau de la mode des ann\u00e9es quatre-vingt-dix - le tube taille haute d'ARIZONA.<br \/>\nGr\u00e2ce \u00e0 sa hauteur de taille confortable et m\u00e9ga tendance, il met merveilleusement en valeur la taille et les hanches et attire tous les regards. La coupe skinny et la forme cinq poches font le reste pour renforcer l'aspect \u00e9lanc\u00e9.<\/p>\n<p>Mati\u00e8re : 79% coton, 19% polyester, 2% \u00e9lasthanne<br \/>\nConseils d'entretien : Lavage en machine<\/p>\n<p>couleur : blue used<br \/>\n\u00c9chantillon : sans<br \/>\nTaille : 19<\/p>\n<p>Tour de taille : 71cm<br \/>\nTour de hanches : 93cm<br \/>\nLongueur d'entrejambe : 73cm<br \/>\nlongueur totale : 102cm<\/p>","protected":false},"excerpt":{"rendered":"<table class=\"dv_characteristicsTable\">\n<tbody>\n<tr>\n<td class=\"left\">Taille<\/td>\n<td>19<\/td>\n<\/tr>\n<tr>\n<td class=\"left\">Gr\u00f6\u00dfentyp<\/td>\n<td>Kurzgr\u00f6\u00dfen<\/td>\n<\/tr>\n<tr>\n<td class=\"left\">Composition du mat\u00e9riau<\/td>\n<td>Obermaterial: 79% Baumwolle, 19% Polyester, 2% Elasthan<\/td>\n<\/tr>\n<tr>\n<td class=\"left\">Materialart<\/td>\n<td>Jeans<\/td>\n<\/tr>\n<tr>\n<td class=\"left\">Materialeigenschaften<\/td>\n<td>Stretch<\/td>\n<\/tr>\n<tr>\n<td class=\"left\">Conseils d'entretien<\/td>\n<td>Lavage en machine<\/td>\n<\/tr>\n<tr>\n<td class=\"left\">Stil<\/td>\n<td>Basic<\/td>\n<\/tr>\n<tr>\n<td class=\"left\">Waschung<\/td>\n<td>used<\/td>\n<\/tr>\n<tr>\n<td class=\"left\">Couleur<\/td>\n<td>dark, blue, used<\/td>\n<\/tr>\n<tr>\n<td class=\"left\">Leibh\u00f6he<\/td>\n<td>hoch<\/td>\n<\/tr>\n<tr>\n<td class=\"left\">Bundabschluss<\/td>\n<td>durchgesteppt<\/td>\n<\/tr>\n<tr>\n<td class=\"left\">Beinform<\/td>\n<td>R\u00f6hre<\/td>\n<\/tr>\n<tr>\n<td class=\"left\">Schnittform L\u00e4nge<\/td>\n<td>lang<\/td>\n<\/tr>\n<tr>\n<td class=\"left\">Passants de ceinture<\/td>\n<td>ja<\/td>\n<\/tr>\n<tr>\n<td class=\"left\">L\u00e4nge der G\u00fcrtelschlaufe<\/td>\n<td>6,5 cm<\/td>\n<\/tr>\n<tr>\n<td class=\"left\">Sacs<\/td>\n<td>Ges\u00e4\u00dftaschen, M\u00fcnztasche, Eingrifftaschen<\/td>\n<\/tr>\n<tr>\n<td class=\"left\">Verschluss<\/td>\n<td>Knopf<\/td>\n<\/tr>\n<tr>\n<td class=\"left\">Besondere Merkmale<\/td>\n<td>High Waist<\/td>\n<\/tr>\n<\/tbody>\n<\/table>","protected":false},"featured_media":79308,"comment_status":"open","ping_status":"closed","template":"","meta":{"_seopress_robots_primary_cat":"","_seopress_titles_title":"","_seopress_titles_desc":"","_seopress_robots_index":""},"product_brand":[],"product_cat":[1348,1349,1350],"product_tag":[],"class_list":{"0":"post-79187","1":"product","2":"type-product","3":"status-publish","4":"has-post-thumbnail","6":"product_cat-damen-mode","7":"product_cat-hosen-damen-mode","8":"product_cat-jeans-hosen-damen-mode","9":"product_shipping_class-standard-versand","11":"first","12":"instock","13":"sale","14":"taxable","15":"shipping-taxable","16":"purchasable","17":"product-type-simple"},"_links":{"self":[{"href":"https:\/\/www.soanam.de\/fr\/wp-json\/wp\/v2\/product\/79187","targetHints":{"allow":["GET"]}}],"collection":[{"href":"https:\/\/www.soanam.de\/fr\/wp-json\/wp\/v2\/product"}],"about":[{"href":"https:\/\/www.soanam.de\/fr\/wp-json\/wp\/v2\/types\/product"}],"replies":[{"embeddable":true,"href":"https:\/\/www.soanam.de\/fr\/wp-json\/wp\/v2\/comments?post=79187"}],"wp:featuredmedia":[{"embeddable":true,"href":"https:\/\/www.soanam.de\/fr\/wp-json\/wp\/v2\/media\/79308"}],"wp:attachment":[{"href":"https:\/\/www.soanam.de\/fr\/wp-json\/wp\/v2\/media?parent=79187"}],"wp:term":[{"taxonomy":"product_brand","embeddable":true,"href":"https:\/\/www.soanam.de\/fr\/wp-json\/wp\/v2\/product_brand?post=79187"},{"taxonomy":"product_cat","embeddable":true,"href":"https:\/\/www.soanam.de\/fr\/wp-json\/wp\/v2\/product_cat?post=79187"},{"taxonomy":"product_tag","embeddable":true,"href":"https:\/\/www.soanam.de\/fr\/wp-json\/wp\/v2\/product_tag?post=79187"}],"curies":[{"name":"wp","href":"https:\/\/api.w.org\/{rel}","templated":true}]}}