{"id":79183,"date":"2023-12-13T22:33:59","date_gmt":"2023-12-13T21:33:59","guid":{"rendered":"https:\/\/www.soanam.de\/?post_type=product&#038;p=79183"},"modified":"2023-12-13T22:36:46","modified_gmt":"2023-12-13T21:36:46","slug":"arizona-bootcut-jeans-shaping-in-dark-blue-used-taille-38","status":"publish","type":"product","link":"https:\/\/www.soanam.de\/fr\/produkt\/arizona-bootcut-jeans-shaping-in-dark-blue-used-groesse-38\/","title":{"rendered":"Jeans bootcut Arizona SHAPING, bleu fonc\u00e9 us\u00e9, taille 38"},"content":{"rendered":"<p>Jeans taille haute de ARIZONA<br \/>\nbootcut, taille haute<br \/>\nLe renouveau de la mode des ann\u00e9es quatre-vingt-dix<br \/>\nAvec effet ventre plat<br \/>\nEn denim stretch<\/p>\n<p>Le jean taille haute d'Arizona cr\u00e9e une silhouette de r\u00eave - les hanches hautes affinent, les jambes ajust\u00e9es paraissent plus longues et le bootcut au bout des jambes les rend visuellement plus \u00e9troites.<br \/>\nLe jeans 5 poches est parfaitement ajust\u00e9 et gr\u00e2ce \u00e0 sa mati\u00e8re denim souple, il est super confortable.<\/p>\n<p>Mati\u00e8re : 79% coton, 19% polyester, 2% \u00e9lasthanne<br \/>\nConseils d'entretien : Lavage en machine \u00e0 40<\/p>\n<p>couleur : dark blue used<br \/>\nTaille : EUR 38<\/p>\n<p>Tour de taille : 74cm<br \/>\nTour de hanches : 98cm<br \/>\nLongueur d'entrejambe:82cm<br \/>\nlongueur totale : 110cm<\/p>","protected":false},"excerpt":{"rendered":"<table class=\"dv_characteristicsTable\">\n<tbody>\n<tr>\n<td class=\"left\">Taille<\/td>\n<td>38<\/td>\n<\/tr>\n<tr>\n<td class=\"left\">Gr\u00f6\u00dfentyp<\/td>\n<td>Normalgr\u00f6\u00dfen<\/td>\n<\/tr>\n<tr>\n<td class=\"left\">Composition du mat\u00e9riau<\/td>\n<td>Obermaterial: 79% Baumwolle, 19% Polyester, 2% Elasthan<\/td>\n<\/tr>\n<tr>\n<td class=\"left\">Materialart<\/td>\n<td>Jeans<\/td>\n<\/tr>\n<tr>\n<td class=\"left\">Materialeigenschaften<\/td>\n<td>Stretch, elastisch<\/td>\n<\/tr>\n<tr>\n<td class=\"left\">Conseils d'entretien<\/td>\n<td>Lavage en machine<\/td>\n<\/tr>\n<tr>\n<td class=\"left\">Stil<\/td>\n<td>Basic<\/td>\n<\/tr>\n<tr>\n<td class=\"left\">Waschung<\/td>\n<td>used<\/td>\n<\/tr>\n<tr>\n<td class=\"left\">Couleur<\/td>\n<td>darkblue, used<\/td>\n<\/tr>\n<tr>\n<td class=\"left\">Leibh\u00f6he<\/td>\n<td>hoch<\/td>\n<\/tr>\n<tr>\n<td class=\"left\">Bundabschluss<\/td>\n<td>durchgesteppt<\/td>\n<\/tr>\n<tr>\n<td class=\"left\">Beinform<\/td>\n<td>Bootcut<\/td>\n<\/tr>\n<tr>\n<td class=\"left\">Coupe<\/td>\n<td>bootcut fit<\/td>\n<\/tr>\n<tr>\n<td class=\"left\">Schnittform L\u00e4nge<\/td>\n<td>lang<\/td>\n<\/tr>\n<tr>\n<td class=\"left\">L\u00e4nge der G\u00fcrtelschlaufe<\/td>\n<td>6,5 cm<\/td>\n<\/tr>\n<tr>\n<td class=\"left\">Sacs<\/td>\n<td>aufgesetzte Taschen, Eingrifftaschen<\/td>\n<\/tr>\n<tr>\n<td class=\"left\">Verschluss<\/td>\n<td>Knopf<\/td>\n<\/tr>\n<tr>\n<td class=\"left\">Besondere Merkmale<\/td>\n<td>High Waist<\/td>\n<\/tr>\n<\/tbody>\n<\/table>","protected":false},"featured_media":77738,"comment_status":"open","ping_status":"closed","template":"","meta":{"_seopress_robots_primary_cat":"","_seopress_titles_title":"","_seopress_titles_desc":"","_seopress_robots_index":""},"product_brand":[],"product_cat":[1348,1349,1350],"product_tag":[],"class_list":{"0":"post-79183","1":"product","2":"type-product","3":"status-publish","4":"has-post-thumbnail","6":"product_cat-damen-mode","7":"product_cat-hosen-damen-mode","8":"product_cat-jeans-hosen-damen-mode","9":"product_shipping_class-standard-versand","11":"first","12":"instock","13":"sale","14":"taxable","15":"shipping-taxable","16":"purchasable","17":"product-type-simple"},"_links":{"self":[{"href":"https:\/\/www.soanam.de\/fr\/wp-json\/wp\/v2\/product\/79183","targetHints":{"allow":["GET"]}}],"collection":[{"href":"https:\/\/www.soanam.de\/fr\/wp-json\/wp\/v2\/product"}],"about":[{"href":"https:\/\/www.soanam.de\/fr\/wp-json\/wp\/v2\/types\/product"}],"replies":[{"embeddable":true,"href":"https:\/\/www.soanam.de\/fr\/wp-json\/wp\/v2\/comments?post=79183"}],"wp:featuredmedia":[{"embeddable":true,"href":"https:\/\/www.soanam.de\/fr\/wp-json\/wp\/v2\/media\/77738"}],"wp:attachment":[{"href":"https:\/\/www.soanam.de\/fr\/wp-json\/wp\/v2\/media?parent=79183"}],"wp:term":[{"taxonomy":"product_brand","embeddable":true,"href":"https:\/\/www.soanam.de\/fr\/wp-json\/wp\/v2\/product_brand?post=79183"},{"taxonomy":"product_cat","embeddable":true,"href":"https:\/\/www.soanam.de\/fr\/wp-json\/wp\/v2\/product_cat?post=79183"},{"taxonomy":"product_tag","embeddable":true,"href":"https:\/\/www.soanam.de\/fr\/wp-json\/wp\/v2\/product_tag?post=79183"}],"curies":[{"name":"wp","href":"https:\/\/api.w.org\/{rel}","templated":true}]}}