{"id":79182,"date":"2023-12-13T22:33:58","date_gmt":"2023-12-13T21:33:58","guid":{"rendered":"https:\/\/www.soanam.de\/?post_type=product&#038;p=79182"},"modified":"2023-12-13T22:36:42","modified_gmt":"2023-12-13T21:36:42","slug":"manteau-femme-confort-bi-elastique-respirant-melba-gr-40","status":"publish","type":"product","link":"https:\/\/www.soanam.de\/fr\/produkt\/damen-manteljacke-komfort-bi-elastisch-atmungsaktiv-in-melba-gr-40\/","title":{"rendered":"Manteau femme confort, bi-\u00e9lastique, respirant, en melba, taille 40"},"content":{"rendered":"<h3>Description<\/h3>\n<p>Elle poss\u00e8de les \u00e9l\u00e9ments de style typiques du trench-coat : la veste-manteau avec de gros boutons, des goussets, des poignets, un col montant. Ce que l'on remarque aussi imm\u00e9diatement, c'est bien s\u00fbr le ton Melba frais et actuel. Mais ce mod\u00e8le a encore plus \u00e0 offrir ! En effet, le tissu est lui aussi particulier ; le m\u00e9lange de coton est bi-\u00e9lastique et vous offre donc un maximum de confort. Le tissu reste doux, respirant et ne se froisse pas. Les coutures de s\u00e9paration longitudinales assurent un bon maintien. Si cela ne devient pas votre compagnon pr\u00e9f\u00e9r\u00e9 pour les temp\u00e9ratures qui montent.<\/p>\n<p><strong>Traitement<\/strong>:<\/p>\n<p>Col montant.<br \/>\nSe ferme sur 5 boutons bijoux.<br \/>\n2 poches passepoil\u00e9es.<br \/>\nPoignets de manches.<br \/>\nCoutures de s\u00e9paration surpiqu\u00e9es,<br \/>\nKoller devant.<br \/>\nInt\u00e9rieur : 2 poches boutonnables.<br \/>\nlongueur env. 80 cm dans la taille 42<br \/>\nDoublure : 100% polyester.<\/p>\n<p>Mati\u00e8re : 59% coton, 30% polyester, 11% \u00e9lasthanne.<br \/>\nLavable en machine et facile d'entretien.<\/p>","protected":false},"excerpt":{"rendered":"<h3>Caract\u00e9ristiques de l'article<\/h3>\n<p>\u00c9tat de l'article : Nouveau avec \u00e9tiquette : article neuf, non utilis\u00e9 et non port\u00e9 dans son emballage d'origine<\/p>\n<table border=\"0\" frame=\"VOID\" rules=\"NONE\" cellspacing=\"0\">\n<colgroup>\n<col width=\"141\" \/>\n<col width=\"198\" \/><\/colgroup>\n<tbody>\n<tr>\n<td align=\"LEFT\" width=\"141\" height=\"17\">Abteilung:<\/td>\n<td align=\"LEFT\" width=\"198\">Damen<\/td>\n<\/tr>\n<tr>\n<td align=\"LEFT\" height=\"17\">Anlass:<\/td>\n<td align=\"LEFT\">Business, Freizeit<\/td>\n<\/tr>\n<tr>\n<td align=\"LEFT\" height=\"17\">Au\u00dfenmaterial:<\/td>\n<td align=\"LEFT\">Baumwolle, Polyester, Elastan<\/td>\n<\/tr>\n<tr>\n<td align=\"LEFT\" height=\"17\">Particularit\u00e9s :<\/td>\n<td align=\"LEFT\">Respirant<\/td>\n<\/tr>\n<tr>\n<td align=\"LEFT\" height=\"17\">Charakter:<\/td>\n<td align=\"LEFT\">ohne<\/td>\n<\/tr>\n<tr>\n<td align=\"LEFT\" height=\"17\">couleur :<\/td>\n<td align=\"LEFT\">Melba<\/td>\n<\/tr>\n<tr>\n<td align=\"LEFT\" height=\"17\">Futtermaterial:<\/td>\n<td align=\"LEFT\">Polyester<\/td>\n<\/tr>\n<tr>\n<td align=\"LEFT\" height=\"17\">Gewebeart:<\/td>\n<td align=\"LEFT\">Mischgewebe<\/td>\n<\/tr>\n<tr>\n<td align=\"LEFT\" height=\"17\">taille :<\/td>\n<td align=\"LEFT\">40<\/td>\n<\/tr>\n<tr>\n<td align=\"LEFT\" height=\"17\">Gr\u00f6\u00dfenkategorie:<\/td>\n<td align=\"LEFT\">Normalgr\u00f6\u00dfe<\/td>\n<\/tr>\n<tr>\n<td align=\"LEFT\" height=\"17\">Jacken \/ Mantell\u00e4nge:<\/td>\n<td align=\"LEFT\">Halblang<\/td>\n<\/tr>\n<tr>\n<td align=\"LEFT\" height=\"17\">Jahreszeit:<\/td>\n<td align=\"LEFT\">Fr\u00fchling<\/td>\n<\/tr>\n<tr>\n<td align=\"LEFT\" height=\"17\">Marke:<\/td>\n<td align=\"LEFT\">Walbusch<\/td>\n<\/tr>\n<tr>\n<td align=\"LEFT\" height=\"17\">Modell:<\/td>\n<td align=\"LEFT\">Melba<\/td>\n<\/tr>\n<tr>\n<td align=\"LEFT\" height=\"17\">\u00e9chantillon :<\/td>\n<td align=\"LEFT\">Ohne Muster<\/td>\n<\/tr>\n<tr>\n<td align=\"LEFT\" height=\"17\">Produktart:<\/td>\n<td align=\"LEFT\">Mantel<\/td>\n<\/tr>\n<tr>\n<td align=\"LEFT\" height=\"17\">Stil:<\/td>\n<td align=\"LEFT\">Trenchcoat<\/td>\n<\/tr>\n<tr>\n<td align=\"LEFT\" height=\"17\">Thema:<\/td>\n<td align=\"LEFT\">Elegant<\/td>\n<\/tr>\n<tr>\n<td align=\"LEFT\" height=\"17\">Verschluss:<\/td>\n<td align=\"LEFT\">Knopf<\/td>\n<\/tr>\n<tr>\n<td align=\"LEFT\" height=\"17\">Vintage:<\/td>\n<td align=\"LEFT\">Nein<\/td>\n<\/tr>\n<\/tbody>\n<\/table>","protected":false},"featured_media":79292,"comment_status":"open","ping_status":"closed","template":"","meta":{"_seopress_robots_primary_cat":"","_seopress_titles_title":"","_seopress_titles_desc":"","_seopress_robots_index":""},"product_brand":[],"product_cat":[1348,1354,1355,1356],"product_tag":[],"class_list":{"0":"post-79182","1":"product","2":"type-product","3":"status-publish","4":"has-post-thumbnail","6":"product_cat-damen-mode","7":"product_cat-jacken-maentel","8":"product_cat-maentel","9":"product_cat-wintermaentel","10":"product_shipping_class-standard-versand","12":"first","13":"instock","14":"sale","15":"taxable","16":"shipping-taxable","17":"purchasable","18":"product-type-simple"},"_links":{"self":[{"href":"https:\/\/www.soanam.de\/fr\/wp-json\/wp\/v2\/product\/79182","targetHints":{"allow":["GET"]}}],"collection":[{"href":"https:\/\/www.soanam.de\/fr\/wp-json\/wp\/v2\/product"}],"about":[{"href":"https:\/\/www.soanam.de\/fr\/wp-json\/wp\/v2\/types\/product"}],"replies":[{"embeddable":true,"href":"https:\/\/www.soanam.de\/fr\/wp-json\/wp\/v2\/comments?post=79182"}],"wp:featuredmedia":[{"embeddable":true,"href":"https:\/\/www.soanam.de\/fr\/wp-json\/wp\/v2\/media\/79292"}],"wp:attachment":[{"href":"https:\/\/www.soanam.de\/fr\/wp-json\/wp\/v2\/media?parent=79182"}],"wp:term":[{"taxonomy":"product_brand","embeddable":true,"href":"https:\/\/www.soanam.de\/fr\/wp-json\/wp\/v2\/product_brand?post=79182"},{"taxonomy":"product_cat","embeddable":true,"href":"https:\/\/www.soanam.de\/fr\/wp-json\/wp\/v2\/product_cat?post=79182"},{"taxonomy":"product_tag","embeddable":true,"href":"https:\/\/www.soanam.de\/fr\/wp-json\/wp\/v2\/product_tag?post=79182"}],"curies":[{"name":"wp","href":"https:\/\/api.w.org\/{rel}","templated":true}]}}