{"id":79165,"date":"2023-12-13T22:01:32","date_gmt":"2023-12-13T21:01:32","guid":{"rendered":"https:\/\/www.soanam.de\/?post_type=product&#038;p=79165"},"modified":"2023-12-13T22:36:34","modified_gmt":"2023-12-13T21:36:34","slug":"bergans-of-norway-roros-ins-3-4-pants-homme-femme-noir-taille-m","status":"publish","type":"product","link":"https:\/\/www.soanam.de\/fr\/produkt\/bergans-of-norway-roros-ins-3-4-pants-maenner-frauen-schwarz-groesse-m\/","title":{"rendered":"Bergans of Norway R\u00f8ros Ins 3\/4 Pants, hommes, femmes, noir, taille M"},"content":{"rendered":"<h3>Description<\/h3>\n<p>Pantalon d'isolation PrimaLoft\u00ae l\u00e9ger et d\u00e9perlant.<br \/>\nCompl\u00e9ment parfait \u00e0 toute tenue de montagne lors de randonn\u00e9es par temps particuli\u00e8rement froid.<\/p>\n<p>Le pantalon 3\/4 R\u00f8ros Insulated est une couche d'isolation fiable qui se glisse dans n'importe quel sac \u00e0 dos gr\u00e2ce \u00e0 sa petite taille. Le tissu ext\u00e9rieur Pertex coupe-vent et d\u00e9perlant promet une protection optimale contre les intemp\u00e9ries et offre en outre un confort particuli\u00e8rement agr\u00e9able. Rempli de Primaloft\u00ae Silber Eco extr\u00eamement l\u00e9ger, il assure une chaleur agr\u00e9able, m\u00eame par temps humide, repousse le vent et peut \u00eatre port\u00e9 aussi bien par-dessus que sous un hardshell.<\/p>\n<p>La fermeture \u00e9clair sur toute la longueur facilite l'enfilage et le retrait du pantalon, tandis que la taille r\u00e9glable peut \u00eatre ajust\u00e9e selon tes besoins et garantit ainsi un ajustement s\u00fbr et confortable. De plus, les genoux pr\u00e9form\u00e9s offrent la meilleure libert\u00e9 de mouvement possible. Lorsqu'il n'est pas utilis\u00e9, le pantalon 3\/4 R\u00f8ros Insulated de Bergans peut \u00eatre rang\u00e9 sans probl\u00e8me dans sa propre poche.<\/p>\n<p>Sport et utilisation : Randonn\u00e9e en montagne<br \/>\nConvient pour : hommes, femmes<br \/>\nConstruction : Pantalon d'isolation<br \/>\nPrimaLoft\u00ae, Pertex<br \/>\nPrimaLoft\u00ae Silver Eco<br \/>\nIsolation en fibres synth\u00e9tiques<br \/>\nPropri\u00e9t\u00e9s : s\u00e9chage rapide, \u00e9vacuation rapide de l'humidit\u00e9, respirant, coupe-vent, d\u00e9perlant, \u00e9lastique, r\u00e9sistant, petit emballage<br \/>\n\u00c9quipement : fermeture \u00e9clair de haut en bas, genoux pr\u00e9form\u00e9s, ceinture r\u00e9glable, poche(s) lat\u00e9rale(s) avec fermeture \u00e9clair<br \/>\nFabrication : contient des mat\u00e9riaux recycl\u00e9s, impr\u00e9gnation sans PFC<br \/>\nPourcentage de mat\u00e9riaux recycl\u00e9s : 70% Polyester<br \/>\nMat\u00e9riau : mat\u00e9riau principal : polyamide 100%<br \/>\nRemplissage : 100% polyester<\/p>","protected":false},"excerpt":{"rendered":"<h3>Caract\u00e9ristiques de l'article<\/h3>\n<p>\u00c9tat de l'article : Nouveau avec \u00e9tiquette : article neuf, non utilis\u00e9 et non port\u00e9 dans son emballage d'origine<\/p>\n<table border=\"0\" frame=\"VOID\" rules=\"NONE\" cellspacing=\"0\">\n<colgroup>\n<col width=\"131\" \/>\n<col width=\"108\" \/><\/colgroup>\n<tbody>\n<tr>\n<td align=\"LEFT\" width=\"131\" height=\"17\">Abteilung:<\/td>\n<td align=\"LEFT\" width=\"108\">Unisexe<\/td>\n<\/tr>\n<tr>\n<td align=\"LEFT\" height=\"17\">Aktivit\u00e4t:<\/td>\n<td align=\"LEFT\">Wanderung<\/td>\n<\/tr>\n<tr>\n<td align=\"LEFT\" height=\"17\">Anlass:<\/td>\n<td align=\"LEFT\">Freizeit<\/td>\n<\/tr>\n<tr>\n<td align=\"LEFT\" height=\"17\">EAN:<\/td>\n<td align=\"LEFT\">7031582132912<\/td>\n<\/tr>\n<tr>\n<td align=\"LEFT\" height=\"17\">couleur :<\/td>\n<td align=\"LEFT\">Noir<\/td>\n<\/tr>\n<tr>\n<td align=\"LEFT\" height=\"17\">Gewebeart:<\/td>\n<td align=\"LEFT\">Kunstfaser<\/td>\n<\/tr>\n<tr>\n<td align=\"LEFT\" height=\"17\">taille :<\/td>\n<td align=\"LEFT\">M<\/td>\n<\/tr>\n<tr>\n<td align=\"LEFT\" height=\"17\">Gr\u00f6\u00dfenkategorie:<\/td>\n<td align=\"LEFT\">Normalgr\u00f6\u00dfe<\/td>\n<\/tr>\n<tr>\n<td align=\"LEFT\" height=\"17\">Marke:<\/td>\n<td align=\"LEFT\">Bergans<\/td>\n<\/tr>\n<tr>\n<td align=\"LEFT\" height=\"17\">mat\u00e9riel :<\/td>\n<td align=\"LEFT\">100% Polyester<\/td>\n<\/tr>\n<tr>\n<td align=\"LEFT\" height=\"17\">Produktart:<\/td>\n<td align=\"LEFT\">Pantalons<\/td>\n<\/tr>\n<tr>\n<td align=\"LEFT\" height=\"17\">Stil:<\/td>\n<td align=\"LEFT\">Schneehose<\/td>\n<\/tr>\n<tr>\n<td align=\"LEFT\" height=\"17\">Thema:<\/td>\n<td align=\"LEFT\">Bergwandern<\/td>\n<\/tr>\n<tr>\n<td align=\"LEFT\" height=\"17\">Verschluss:<\/td>\n<td align=\"LEFT\">Fermeture \u00e0 glissi\u00e8re<\/td>\n<\/tr>\n<tr>\n<td align=\"LEFT\" height=\"17\">Vintage:<\/td>\n<td align=\"LEFT\">Nein<\/td>\n<\/tr>\n<tr>\n<td align=\"LEFT\" height=\"17\"><\/td>\n<td align=\"LEFT\"><\/td>\n<\/tr>\n<tr>\n<td align=\"LEFT\" height=\"17\"><strong>Ma\u00dfangaben<\/strong><\/td>\n<td align=\"LEFT\"><\/td>\n<\/tr>\n<tr>\n<td align=\"LEFT\" height=\"17\"><\/td>\n<td align=\"LEFT\"><\/td>\n<\/tr>\n<tr>\n<td align=\"LEFT\" height=\"17\">K\u00f6rpergr\u00f6\u00dfe:<\/td>\n<td align=\"LEFT\">176 \u2013 179 cm<\/td>\n<\/tr>\n<tr>\n<td align=\"LEFT\" height=\"17\">Brust:<\/td>\n<td align=\"LEFT\">97 \u2013 104 cm<\/td>\n<\/tr>\n<tr>\n<td align=\"LEFT\" height=\"17\">Taille:<\/td>\n<td align=\"LEFT\">84 \u2013 91 cm<\/td>\n<\/tr>\n<tr>\n<td align=\"LEFT\" height=\"17\">H\u00fcfte:<\/td>\n<td align=\"LEFT\">99 \u2013 105 cm<\/td>\n<\/tr>\n<tr>\n<td align=\"LEFT\" height=\"17\">Beinl\u00e4nge<\/td>\n<td align=\"LEFT\">84,5 \u2013 84,5 cm<\/td>\n<\/tr>\n<\/tbody>\n<\/table>","protected":false},"featured_media":79287,"comment_status":"open","ping_status":"closed","template":"","meta":{"_seopress_robots_primary_cat":"","_seopress_titles_title":"","_seopress_titles_desc":"","_seopress_robots_index":""},"product_brand":[],"product_cat":[1345,1346,1348,1349,1527,1566,1567,1568],"product_tag":[],"class_list":{"0":"post-79165","1":"product","2":"type-product","3":"status-publish","4":"has-post-thumbnail","6":"product_cat-herrenmode","7":"product_cat-hosen","8":"product_cat-damen-mode","9":"product_cat-hosen-damen-mode","10":"product_cat-kurze-hosen","11":"product_cat-bermudas-kurze-hosen","12":"product_cat-kurze-hosen-hosen","13":"product_cat-bermudas-kurze-hosen-hosen","14":"product_shipping_class-standard-versand","16":"first","17":"instock","18":"sale","19":"taxable","20":"shipping-taxable","21":"purchasable","22":"product-type-simple"},"_links":{"self":[{"href":"https:\/\/www.soanam.de\/fr\/wp-json\/wp\/v2\/product\/79165","targetHints":{"allow":["GET"]}}],"collection":[{"href":"https:\/\/www.soanam.de\/fr\/wp-json\/wp\/v2\/product"}],"about":[{"href":"https:\/\/www.soanam.de\/fr\/wp-json\/wp\/v2\/types\/product"}],"replies":[{"embeddable":true,"href":"https:\/\/www.soanam.de\/fr\/wp-json\/wp\/v2\/comments?post=79165"}],"wp:featuredmedia":[{"embeddable":true,"href":"https:\/\/www.soanam.de\/fr\/wp-json\/wp\/v2\/media\/79287"}],"wp:attachment":[{"href":"https:\/\/www.soanam.de\/fr\/wp-json\/wp\/v2\/media?parent=79165"}],"wp:term":[{"taxonomy":"product_brand","embeddable":true,"href":"https:\/\/www.soanam.de\/fr\/wp-json\/wp\/v2\/product_brand?post=79165"},{"taxonomy":"product_cat","embeddable":true,"href":"https:\/\/www.soanam.de\/fr\/wp-json\/wp\/v2\/product_cat?post=79165"},{"taxonomy":"product_tag","embeddable":true,"href":"https:\/\/www.soanam.de\/fr\/wp-json\/wp\/v2\/product_tag?post=79165"}],"curies":[{"name":"wp","href":"https:\/\/api.w.org\/{rel}","templated":true}]}}