{"id":79127,"date":"2023-12-13T22:00:34","date_gmt":"2023-12-13T21:00:34","guid":{"rendered":"https:\/\/www.soanam.de\/?post_type=product&#038;p=79127"},"modified":"2024-10-19T15:59:27","modified_gmt":"2024-10-19T13:59:27","slug":"petite-fleur-gold-overall-catsuit-ouvert-en-noir-taille-42","status":"publish","type":"product","link":"https:\/\/www.soanam.de\/fr\/produkt\/petite-fleur-gold-overall-ouvert-catsuit-in-schwarz-groesse-42\/","title":{"rendered":"petite fleur or Combinaison ouverte, catsuit, en noir, taille 42"},"content":{"rendered":"<p>Combinaison catsuit enti\u00e8rement en dentelle<br \/>\nAvec une ouverture s\u00e9duisante \u00e0 l'entrejambe<br \/>\nUne transparence s\u00e9duisante<\/p>\n<p>Le ravissant catsuit de PETITE FLEUR GOLD est enti\u00e8rement en dentelle, il caresse d\u00e9licatement votre corps tout en laissant transpara\u00eetre votre peau.<br \/>\nLa charmante ouverture \u00e0 l'entrejambe n'impose aucune limite \u00e0 l'imagination.<br \/>\nCette s\u00e9duisante lingerie met sensuellement en sc\u00e8ne la silhouette f\u00e9minine.<\/p>\n<p>Mati\u00e8re : 90% polyamide, 10% \u00e9lasthanne<br \/>\nConseils d'entretien : Lavage \u00e0 la main<\/p>\n<p>couleur : noir<br \/>\nmotif : fleurs<br \/>\nTaille : 42<\/p>\n<p>Longueur des manches : 54cm<br \/>\nLongueur d'entrejambe : 65cm<br \/>\nlongueur totale : 134cm<\/p>","protected":false},"excerpt":{"rendered":"<table class=\"dv_characteristicsTable\">\n<tbody>\n<tr>\n<td class=\"left\">Taille<\/td>\n<td>42<\/td>\n<\/tr>\n<tr>\n<td class=\"left\">Gr\u00f6\u00dfentyp<\/td>\n<td>Normalgr\u00f6\u00dfen<\/td>\n<\/tr>\n<tr>\n<td class=\"left\">Composition du mat\u00e9riau<\/td>\n<td>Obermaterial: 90% Polyamid, 10% Elasthan<\/td>\n<\/tr>\n<tr>\n<td class=\"left\">Materialart<\/td>\n<td>Spitze<\/td>\n<\/tr>\n<tr>\n<td class=\"left\">Conseils d'entretien<\/td>\n<td>Schonw\u00e4sche<\/td>\n<\/tr>\n<tr>\n<td class=\"left\">Stil<\/td>\n<td>sexy<\/td>\n<\/tr>\n<tr>\n<td class=\"left\">Couleur<\/td>\n<td>schwarz<\/td>\n<\/tr>\n<tr>\n<td class=\"left\">Ausschnitt<\/td>\n<td>tiefer V-Ausschnitt<\/td>\n<\/tr>\n<tr>\n<td class=\"left\">\u00c4rmel<\/td>\n<td>3\/4-\u00c4rmel<\/td>\n<\/tr>\n<tr>\n<td class=\"left\">\u00c4rmeldetails<\/td>\n<td>eng<\/td>\n<\/tr>\n<tr>\n<td class=\"left\">Coupe<\/td>\n<td>eng<\/td>\n<\/tr>\n<tr>\n<td class=\"left\">Schnittform L\u00e4nge<\/td>\n<td>kn\u00f6chellang<\/td>\n<\/tr>\n<tr>\n<td class=\"left\">Besondere Merkmale<\/td>\n<td>ouvert, aus leicht transparenter Spitze<\/td>\n<\/tr>\n<\/tbody>\n<\/table>","protected":false},"featured_media":79226,"comment_status":"open","ping_status":"closed","template":"","meta":{"_seopress_robots_primary_cat":"","_seopress_titles_title":"","_seopress_titles_desc":"","_seopress_robots_index":""},"product_brand":[],"product_cat":[1348,1444,1514],"product_tag":[],"class_list":{"0":"post-79127","1":"product","2":"type-product","3":"status-publish","4":"has-post-thumbnail","6":"product_cat-damen-mode","7":"product_cat-unterwaesche","8":"product_cat-bodies","9":"product_shipping_class-standard-versand","11":"first","12":"outofstock","13":"sale","14":"taxable","15":"shipping-taxable","16":"purchasable","17":"product-type-simple"},"_links":{"self":[{"href":"https:\/\/www.soanam.de\/fr\/wp-json\/wp\/v2\/product\/79127","targetHints":{"allow":["GET"]}}],"collection":[{"href":"https:\/\/www.soanam.de\/fr\/wp-json\/wp\/v2\/product"}],"about":[{"href":"https:\/\/www.soanam.de\/fr\/wp-json\/wp\/v2\/types\/product"}],"replies":[{"embeddable":true,"href":"https:\/\/www.soanam.de\/fr\/wp-json\/wp\/v2\/comments?post=79127"}],"wp:featuredmedia":[{"embeddable":true,"href":"https:\/\/www.soanam.de\/fr\/wp-json\/wp\/v2\/media\/79226"}],"wp:attachment":[{"href":"https:\/\/www.soanam.de\/fr\/wp-json\/wp\/v2\/media?parent=79127"}],"wp:term":[{"taxonomy":"product_brand","embeddable":true,"href":"https:\/\/www.soanam.de\/fr\/wp-json\/wp\/v2\/product_brand?post=79127"},{"taxonomy":"product_cat","embeddable":true,"href":"https:\/\/www.soanam.de\/fr\/wp-json\/wp\/v2\/product_cat?post=79127"},{"taxonomy":"product_tag","embeddable":true,"href":"https:\/\/www.soanam.de\/fr\/wp-json\/wp\/v2\/product_tag?post=79127"}],"curies":[{"name":"wp","href":"https:\/\/api.w.org\/{rel}","templated":true}]}}