{"id":79107,"date":"2023-12-13T22:00:08","date_gmt":"2023-12-13T21:00:08","guid":{"rendered":"https:\/\/www.soanam.de\/?post_type=product&#038;p=79107"},"modified":"2023-12-13T22:34:42","modified_gmt":"2023-12-13T21:34:42","slug":"jette-set-bolero-top-avec-string-noir-taille-36","status":"publish","type":"product","link":"https:\/\/www.soanam.de\/fr\/produkt\/jette-set-bolero-top-mit-string-in-schwarz-groesse-36\/","title":{"rendered":"JETTE Ensemble : Top bol\u00e9ro avec string, en noir, taille 36"},"content":{"rendered":"<p>Bol\u00e9ro en dentelle avec empi\u00e8cement en filet d\u00e9licat au poignet<br \/>\nS'ouvre sur le devant avec un crochet<br \/>\nString tout autour en dentelle<br \/>\n\u00c9tiquette m\u00e9tallique dor\u00e9e Jette Joop<\/p>\n<p>Un ensemble s\u00e9duisant de la cr\u00e9atrice Jette Joop.<br \/>\nLa veste en dentelle \u00e0 manches longues peut \u00eatre ferm\u00e9e \u00e0 l'aide d'un crochet sur le devant, une couture intelligente soutient la coupe au niveau de la poitrine.<br \/>\nLe string est enti\u00e8rement r\u00e9alis\u00e9 en dentelle, une petite \u00e9tiquette m\u00e9tallique de la marque est plac\u00e9e \u00e0 la taille.<\/p>\n<p>Mati\u00e8re : 90% polyamide, 10% \u00e9lasthanne<br \/>\nConseils d'entretien : Lavage en machine<\/p>\n<p>couleur : noir<br \/>\nmotif : fleurs<br \/>\nTaille : 36<\/p>\n<p>Bolero Top Dimensions :<\/p>\n<p>Largeur des \u00e9paules : 32cm<br \/>\nTour de poitrine : 66cm<br \/>\nLongueur des manches : 54cm<br \/>\nlongueur totale : 36cm<\/p>","protected":false},"excerpt":{"rendered":"<table class=\"dv_characteristicsTable\">\n<caption>MASSANGABE<\/caption>\n<tbody>\n<tr>\n<td class=\"left\">Taille<\/td>\n<td>36<\/td>\n<\/tr>\n<tr>\n<td class=\"left\">Gr\u00f6\u00dfentyp<\/td>\n<td>Normalgr\u00f6\u00dfen<\/td>\n<\/tr>\n<\/tbody>\n<\/table>\n<table class=\"dv_characteristicsTable\">\n<caption>FARBE<\/caption>\n<tbody>\n<tr>\n<td class=\"left\">Couleur<\/td>\n<td>schwarz<\/td>\n<\/tr>\n<\/tbody>\n<\/table>\n<table class=\"dv_characteristicsTable\">\n<caption>MAT\u00c9RIEL<\/caption>\n<tbody>\n<tr>\n<td class=\"left\">Composition du mat\u00e9riau<\/td>\n<td>Obermaterial: 90% Polyamid, 10% Elasthan<\/td>\n<\/tr>\n<tr>\n<td class=\"left\">Conseils d'entretien<\/td>\n<td>Lavage en machine<\/td>\n<\/tr>\n<\/tbody>\n<\/table>","protected":false},"featured_media":79208,"comment_status":"open","ping_status":"closed","template":"","meta":{"_seopress_robots_primary_cat":"","_seopress_titles_title":"","_seopress_titles_desc":"","_seopress_robots_index":""},"product_brand":[],"product_cat":[1348,1444,1560],"product_tag":[],"class_list":{"0":"post-79107","1":"product","2":"type-product","3":"status-publish","4":"has-post-thumbnail","6":"product_cat-damen-mode","7":"product_cat-unterwaesche","8":"product_cat-sets","10":"first","11":"instock","12":"taxable","13":"shipping-taxable","14":"purchasable","15":"product-type-simple"},"_links":{"self":[{"href":"https:\/\/www.soanam.de\/fr\/wp-json\/wp\/v2\/product\/79107","targetHints":{"allow":["GET"]}}],"collection":[{"href":"https:\/\/www.soanam.de\/fr\/wp-json\/wp\/v2\/product"}],"about":[{"href":"https:\/\/www.soanam.de\/fr\/wp-json\/wp\/v2\/types\/product"}],"replies":[{"embeddable":true,"href":"https:\/\/www.soanam.de\/fr\/wp-json\/wp\/v2\/comments?post=79107"}],"wp:featuredmedia":[{"embeddable":true,"href":"https:\/\/www.soanam.de\/fr\/wp-json\/wp\/v2\/media\/79208"}],"wp:attachment":[{"href":"https:\/\/www.soanam.de\/fr\/wp-json\/wp\/v2\/media?parent=79107"}],"wp:term":[{"taxonomy":"product_brand","embeddable":true,"href":"https:\/\/www.soanam.de\/fr\/wp-json\/wp\/v2\/product_brand?post=79107"},{"taxonomy":"product_cat","embeddable":true,"href":"https:\/\/www.soanam.de\/fr\/wp-json\/wp\/v2\/product_cat?post=79107"},{"taxonomy":"product_tag","embeddable":true,"href":"https:\/\/www.soanam.de\/fr\/wp-json\/wp\/v2\/product_tag?post=79107"}],"curies":[{"name":"wp","href":"https:\/\/api.w.org\/{rel}","templated":true}]}}