{"id":79106,"date":"2023-12-13T22:00:08","date_gmt":"2023-12-13T21:00:08","guid":{"rendered":"https:\/\/www.soanam.de\/?post_type=product&#038;p=79106"},"modified":"2023-12-13T22:34:37","modified_gmt":"2023-12-13T21:34:37","slug":"lascana-babydollt-top-noir-taille-36-38","status":"publish","type":"product","link":"https:\/\/www.soanam.de\/fr\/produkt\/lascana-babydolltop-in-schwarz-groesse-36-38\/","title":{"rendered":"LASCANA Top nuisette, en noir, taille 36\/38"},"content":{"rendered":"<p>Top de nuit avec un profond d\u00e9collet\u00e9 en V<br \/>\nDentelle sur le dos de la raquette et en biais sous la poitrine<br \/>\nBretelles r\u00e9glables pour un ajustement optimal<br \/>\nMati\u00e8re douce et fluide en m\u00e9lange de viscose<\/p>\n<p>Ce qui attire le plus l'attention sur ce top, c'est bien s\u00fbr son design de haute qualit\u00e9 avec de la dentelle noble sur le d\u00e9collet\u00e9 profond, le dos nageur et l'empi\u00e8cement en biais sous la poitrine. Mais il n'y a pas que l'optique qui marque des points ici. La lingerie de nuit poss\u00e8de \u00e9galement de fines bretelles \u00e9l\u00e9gantes que tu peux ajuster toi-m\u00eame pour une tenue optimale. La mati\u00e8re en viscose \u00e9lastique, merveilleusement fluide, te plaira car elle flatte tes formes de mani\u00e8re douce et agr\u00e9able.<\/p>\n<p>Mati\u00e8re : 95% viscose, 5% \u00e9lasthanne<br \/>\nConseils d'entretien : Lavage en machine<\/p>\n<p>couleur : noir<br \/>\nmotif : empi\u00e8cement en dentelle<br \/>\nTaille : 36\/38<\/p>\n<p>longueur totale : 66cm<\/p>","protected":false},"excerpt":{"rendered":"<table class=\"dv_characteristicsTable\">\n<tbody>\n<tr>\n<td class=\"left\">Taille<\/td>\n<td>36\/38<\/td>\n<\/tr>\n<tr>\n<td class=\"left\">Gr\u00f6\u00dfentyp<\/td>\n<td>Normalgr\u00f6\u00dfen<\/td>\n<\/tr>\n<tr>\n<td class=\"left\">Composition du mat\u00e9riau<\/td>\n<td>Obermaterial: 95% Viskose, 5% Elasthan<\/td>\n<\/tr>\n<tr>\n<td class=\"left\">Conseils d'entretien<\/td>\n<td>Lavage en machine<\/td>\n<\/tr>\n<tr>\n<td class=\"left\">Optik<\/td>\n<td>unifarben<\/td>\n<\/tr>\n<tr>\n<td class=\"left\">Stil<\/td>\n<td>sexy<\/td>\n<\/tr>\n<tr>\n<td class=\"left\">Couleur<\/td>\n<td>schwarz<\/td>\n<\/tr>\n<tr>\n<td class=\"left\">Ausschnitt<\/td>\n<td>tiefer V-Ausschnitt<\/td>\n<\/tr>\n<tr>\n<td class=\"left\">\u00c4rmel<\/td>\n<td>ohne \u00c4rmel<\/td>\n<\/tr>\n<tr>\n<td class=\"left\">Tr\u00e4gerdetails<\/td>\n<td>verstellbar<\/td>\n<\/tr>\n<tr>\n<td class=\"left\">Coupe<\/td>\n<td>Basic<\/td>\n<\/tr>\n<tr>\n<td class=\"left\">Schnittform L\u00e4nge<\/td>\n<td>normal<\/td>\n<\/tr>\n<tr>\n<td class=\"left\">Applikationen<\/td>\n<td>Spitze<\/td>\n<\/tr>\n<tr>\n<td class=\"left\">Besondere Merkmale<\/td>\n<td>mit feinen Tr\u00e4gern und transparenten Spitzeneins\u00e4tzen<\/td>\n<\/tr>\n<\/tbody>\n<\/table>","protected":false},"featured_media":79205,"comment_status":"open","ping_status":"closed","template":"","meta":{"_seopress_robots_primary_cat":"","_seopress_titles_title":"","_seopress_titles_desc":"","_seopress_robots_index":""},"product_brand":[],"product_cat":[1348,1520,1521],"product_tag":[],"class_list":{"0":"post-79106","1":"product","2":"type-product","3":"status-publish","4":"has-post-thumbnail","6":"product_cat-damen-mode","7":"product_cat-nachtwaesche","8":"product_cat-einzelteile","9":"product_shipping_class-standard-versand","11":"first","12":"instock","13":"sale","14":"taxable","15":"shipping-taxable","16":"purchasable","17":"product-type-simple"},"_links":{"self":[{"href":"https:\/\/www.soanam.de\/fr\/wp-json\/wp\/v2\/product\/79106","targetHints":{"allow":["GET"]}}],"collection":[{"href":"https:\/\/www.soanam.de\/fr\/wp-json\/wp\/v2\/product"}],"about":[{"href":"https:\/\/www.soanam.de\/fr\/wp-json\/wp\/v2\/types\/product"}],"replies":[{"embeddable":true,"href":"https:\/\/www.soanam.de\/fr\/wp-json\/wp\/v2\/comments?post=79106"}],"wp:featuredmedia":[{"embeddable":true,"href":"https:\/\/www.soanam.de\/fr\/wp-json\/wp\/v2\/media\/79205"}],"wp:attachment":[{"href":"https:\/\/www.soanam.de\/fr\/wp-json\/wp\/v2\/media?parent=79106"}],"wp:term":[{"taxonomy":"product_brand","embeddable":true,"href":"https:\/\/www.soanam.de\/fr\/wp-json\/wp\/v2\/product_brand?post=79106"},{"taxonomy":"product_cat","embeddable":true,"href":"https:\/\/www.soanam.de\/fr\/wp-json\/wp\/v2\/product_cat?post=79106"},{"taxonomy":"product_tag","embeddable":true,"href":"https:\/\/www.soanam.de\/fr\/wp-json\/wp\/v2\/product_tag?post=79106"}],"curies":[{"name":"wp","href":"https:\/\/api.w.org\/{rel}","templated":true}]}}