{"id":79090,"date":"2023-12-13T21:59:42","date_gmt":"2023-12-13T20:59:42","guid":{"rendered":"https:\/\/www.soanam.de\/?post_type=product&#038;p=79090"},"modified":"2023-12-13T22:34:06","modified_gmt":"2023-12-13T21:34:06","slug":"lascana-pantalon-de-pyjama-avec-bandes-laterales-en-dentelle-noire-taille-44-46","status":"publish","type":"product","link":"https:\/\/www.soanam.de\/fr\/produkt\/lascana-pyjamahose-mit-seitenstreifen-aus-spitze-in-schwarz-groesse-44-46\/","title":{"rendered":"LASCANA Pantalon de pyjama avec bandes lat\u00e9rales en dentelle, noir, taille 44\/46"},"content":{"rendered":"<p>Pantalon de pyjama individuel de Lascana dans un design de haute qualit\u00e9<br \/>\nAvec une taille \u00e9lastique et de la dentelle sur les coutures lat\u00e9rales<br \/>\nMati\u00e8re douce et fluide en m\u00e9lange de viscose<\/p>\n<p>Le pantalon de pyjama de Lascana n'est pas un simple pantalon de pyjama, car il a un s\u00e9duisant empi\u00e8cement de dentelle sur les coutures lat\u00e9rales.<br \/>\nLa viscose fluide et \u00e9lastique caresse ta peau en douceur et te garantit un confort super agr\u00e9able, encore renforc\u00e9 par la coupe d\u00e9contract\u00e9e et la taille \u00e9lastique du pantalon.<\/p>\n<p>Mati\u00e8re : 95% viscose, 5% \u00e9lasthanne<br \/>\nConseils d'entretien : Lavage en machine<\/p>\n<p>couleur : noir<br \/>\nMotif : bandes lat\u00e9rales en dentelle<br \/>\nTaille : 44\/46<\/p>\n<p>Longueur d'entrejambe : 80cm<br \/>\nlongueur totale : 107cm<\/p>","protected":false},"excerpt":{"rendered":"<table class=\"dv_characteristicsTable\">\n<tbody>\n<tr>\n<td class=\"left\">Taille<\/td>\n<td>44\/46<\/td>\n<\/tr>\n<tr>\n<td class=\"left\">Gr\u00f6\u00dfentyp<\/td>\n<td>Normalgr\u00f6\u00dfen<\/td>\n<\/tr>\n<tr>\n<td class=\"left\">Composition du mat\u00e9riau<\/td>\n<td>Obermaterial: 95% Viskose, 5% Elasthan<\/td>\n<\/tr>\n<tr>\n<td class=\"left\">Conseils d'entretien<\/td>\n<td>Lavage en machine<\/td>\n<\/tr>\n<tr>\n<td class=\"left\">Optik<\/td>\n<td>unifarben<\/td>\n<\/tr>\n<tr>\n<td class=\"left\">Stil<\/td>\n<td>sexy<\/td>\n<\/tr>\n<tr>\n<td class=\"left\">Couleur<\/td>\n<td>schwarz<\/td>\n<\/tr>\n<tr>\n<td class=\"left\">Bundabschluss<\/td>\n<td>elastischer Bund<\/td>\n<\/tr>\n<tr>\n<td class=\"left\">Beinform<\/td>\n<td>gerade<\/td>\n<\/tr>\n<tr>\n<td class=\"left\">Coupe<\/td>\n<td>Basic<\/td>\n<\/tr>\n<tr>\n<td class=\"left\">Schnittform L\u00e4nge<\/td>\n<td>lang<\/td>\n<\/tr>\n<tr>\n<td class=\"left\">Applikationen<\/td>\n<td>Spitze<\/td>\n<\/tr>\n<tr>\n<td class=\"left\">Besondere Merkmale<\/td>\n<td>mit Seitenstreifen aus transparenter Spitze<\/td>\n<\/tr>\n<\/tbody>\n<\/table>","protected":false},"featured_media":79190,"comment_status":"open","ping_status":"closed","template":"","meta":{"_seopress_robots_primary_cat":"","_seopress_titles_title":"","_seopress_titles_desc":"","_seopress_robots_index":""},"product_brand":[],"product_cat":[1348,1520,1521],"product_tag":[],"class_list":{"0":"post-79090","1":"product","2":"type-product","3":"status-publish","4":"has-post-thumbnail","6":"product_cat-damen-mode","7":"product_cat-nachtwaesche","8":"product_cat-einzelteile","9":"product_shipping_class-standard-versand","11":"first","12":"instock","13":"sale","14":"taxable","15":"shipping-taxable","16":"purchasable","17":"product-type-simple"},"_links":{"self":[{"href":"https:\/\/www.soanam.de\/fr\/wp-json\/wp\/v2\/product\/79090","targetHints":{"allow":["GET"]}}],"collection":[{"href":"https:\/\/www.soanam.de\/fr\/wp-json\/wp\/v2\/product"}],"about":[{"href":"https:\/\/www.soanam.de\/fr\/wp-json\/wp\/v2\/types\/product"}],"replies":[{"embeddable":true,"href":"https:\/\/www.soanam.de\/fr\/wp-json\/wp\/v2\/comments?post=79090"}],"wp:featuredmedia":[{"embeddable":true,"href":"https:\/\/www.soanam.de\/fr\/wp-json\/wp\/v2\/media\/79190"}],"wp:attachment":[{"href":"https:\/\/www.soanam.de\/fr\/wp-json\/wp\/v2\/media?parent=79090"}],"wp:term":[{"taxonomy":"product_brand","embeddable":true,"href":"https:\/\/www.soanam.de\/fr\/wp-json\/wp\/v2\/product_brand?post=79090"},{"taxonomy":"product_cat","embeddable":true,"href":"https:\/\/www.soanam.de\/fr\/wp-json\/wp\/v2\/product_cat?post=79090"},{"taxonomy":"product_tag","embeddable":true,"href":"https:\/\/www.soanam.de\/fr\/wp-json\/wp\/v2\/product_tag?post=79090"}],"curies":[{"name":"wp","href":"https:\/\/api.w.org\/{rel}","templated":true}]}}