{"id":79028,"date":"2023-12-13T21:58:14","date_gmt":"2023-12-13T20:58:14","guid":{"rendered":"https:\/\/www.soanam.de\/?post_type=product&#038;p=79028"},"modified":"2023-12-13T22:00:31","modified_gmt":"2023-12-13T21:00:31","slug":"tommy-hilfiger-curve-triangle-bralette-en-bleu-marine-taille-3xl","status":"publish","type":"product","link":"https:\/\/www.soanam.de\/fr\/produkt\/tommy-hilfiger-curve-triangel-bralette-in-navy-groesse-3xl\/","title":{"rendered":"Tommy Hilfiger Curve - Bralette triangle, en bleu marine, taille 3XL"},"content":{"rendered":"<p>Soutien-gorge grande taille par Tommy Hilfiger<br \/>\nPanier triangle non rembourr\u00e9<br \/>\nbretelles r\u00e9glables sans fil avec logo<br \/>\nfermeture \u00e0 crochet dans le dos<\/p>\n<p>Fabriqu\u00e9e dans un agr\u00e9able m\u00e9lange de coton bio, la bralette triangle de Tommy Hilfiger \u00e9pouse vos courbes.<br \/>\nLe d\u00e9collet\u00e9 en V met en valeur ton d\u00e9collet\u00e9 et les larges bretelles r\u00e9glables sont orn\u00e9es du logo Hilfiger.<\/p>\n<p>Mati\u00e8re : 48% polyamide, 23% polyester, 16% lyocell, 13% \u00e9lasthanne<br \/>\nConseils d'entretien : Lavage en machine<\/p>\n<p>couleur : navy<br \/>\nmotif : logo<br \/>\nTaille : 3XL<\/p>\n<p>Tour de sous-poitrine : 86cm<\/p>\n<p>longueur totale : 31cm<\/p>","protected":false},"excerpt":{"rendered":"<p>V- Ausschnitt<\/p>\n<p>Riemen mit Logo<\/p>\n<p>Elastisches Unterbrustband<\/p>\n<p>Cropped-L\u00e4nge<\/p>\n<p>Coupe ajust\u00e9e<\/p>\n<p>couleur : navy<br \/>\nmotif : logo<br \/>\nTaille : 3XL<\/p>","protected":false},"featured_media":79123,"comment_status":"open","ping_status":"closed","template":"","meta":{"_seopress_robots_primary_cat":"","_seopress_titles_title":"","_seopress_titles_desc":"","_seopress_robots_index":""},"product_brand":[],"product_cat":[1348,1444,1516],"product_tag":[],"class_list":{"0":"post-79028","1":"product","2":"type-product","3":"status-publish","4":"has-post-thumbnail","6":"product_cat-damen-mode","7":"product_cat-unterwaesche","8":"product_cat-bhs","9":"product_shipping_class-standard-versand","11":"first","12":"instock","13":"sale","14":"taxable","15":"shipping-taxable","16":"purchasable","17":"product-type-simple"},"_links":{"self":[{"href":"https:\/\/www.soanam.de\/fr\/wp-json\/wp\/v2\/product\/79028","targetHints":{"allow":["GET"]}}],"collection":[{"href":"https:\/\/www.soanam.de\/fr\/wp-json\/wp\/v2\/product"}],"about":[{"href":"https:\/\/www.soanam.de\/fr\/wp-json\/wp\/v2\/types\/product"}],"replies":[{"embeddable":true,"href":"https:\/\/www.soanam.de\/fr\/wp-json\/wp\/v2\/comments?post=79028"}],"wp:featuredmedia":[{"embeddable":true,"href":"https:\/\/www.soanam.de\/fr\/wp-json\/wp\/v2\/media\/79123"}],"wp:attachment":[{"href":"https:\/\/www.soanam.de\/fr\/wp-json\/wp\/v2\/media?parent=79028"}],"wp:term":[{"taxonomy":"product_brand","embeddable":true,"href":"https:\/\/www.soanam.de\/fr\/wp-json\/wp\/v2\/product_brand?post=79028"},{"taxonomy":"product_cat","embeddable":true,"href":"https:\/\/www.soanam.de\/fr\/wp-json\/wp\/v2\/product_cat?post=79028"},{"taxonomy":"product_tag","embeddable":true,"href":"https:\/\/www.soanam.de\/fr\/wp-json\/wp\/v2\/product_tag?post=79028"}],"curies":[{"name":"wp","href":"https:\/\/api.w.org\/{rel}","templated":true}]}}