{"id":78992,"date":"2023-12-13T21:57:20","date_gmt":"2023-12-13T20:57:20","guid":{"rendered":"https:\/\/www.soanam.de\/?post_type=product&#038;p=78992"},"modified":"2023-12-13T21:59:57","modified_gmt":"2023-12-13T20:59:57","slug":"jette-stringbody-in-schwarz-groesse-75d","status":"publish","type":"product","link":"https:\/\/www.soanam.de\/fr\/produkt\/jette-stringbody-in-schwarz-groesse-75d\/","title":{"rendered":"JETTE Stringbody, in Schwarz, Gr\u00f6\u00dfe 75D"},"content":{"rendered":"<p>Stringbody en dentelle d\u00e9licate de Jette Joop<br \/>\nMit integriertem Push-up-BH<br \/>\nMit praktischem Vorderschluss<br \/>\nAvec fermeture r\u00e9glable par bouton-pression \u00e0 l'entrejambe<br \/>\nAvec gousset en coton pour un confort optimal<\/p>\n<p>Der Body von Jette Joop ist vorn aus ganz zarter Spitze verarbeitet. Auch hinten ist die Spitze in Verbindung mit transparentem Mesh zu finden.<br \/>\nDer eingearbeitete Push-up-BH setzt dein Dekollet\u00e9 vorteilhaft in Szene.<br \/>\nDer BH wird mit einem Verschluss vorn geschlossen, der Body im Schritt mit einem Druckknopfverschluss.<\/p>\n<p>Mati\u00e8re : 88% polyamide, 12% \u00e9lasthanne<br \/>\nConseils d'entretien : Lavage \u00e0 la main<\/p>\n<p>couleur : noir<br \/>\nmotif : fleurs<br \/>\nGr\u00f6\u00dfe: 75D<\/p>\n<p>Tour de sous-poitrine : 75<br \/>\nTaille de bonnet : bonnet D<\/p>","protected":false},"excerpt":{"rendered":"<table class=\"dv_characteristicsTable\">\n<caption>\u00a0<\/caption>\n<tbody>\n<tr>\n<td class=\"left\">K\u00f6rbchengr\u00f6\u00dfe<\/td>\n<td>Cup D<\/td>\n<\/tr>\n<tr>\n<td class=\"left\">Unterbrustumfang<\/td>\n<td>70<\/td>\n<\/tr>\n<\/tbody>\n<\/table>\n<table class=\"dv_characteristicsTable\">\n<caption>\u00a0<\/caption>\n<tbody>\n<tr>\n<td class=\"left\">Mat\u00e9riau<\/td>\n<td>88% Polyamid, 12% Elasthan<\/td>\n<\/tr>\n<tr>\n<td class=\"left\">Conseils d'entretien<\/td>\n<td>Lavage \u00e0 la main<\/td>\n<\/tr>\n<\/tbody>\n<\/table>\n<table class=\"dv_characteristicsTable\">\n<caption>\u00a0<\/caption>\n<tbody>\n<tr>\n<td class=\"left\">Couleur<\/td>\n<td>schwarz<\/td>\n<\/tr>\n<\/tbody>\n<\/table>","protected":false},"featured_media":79098,"comment_status":"open","ping_status":"closed","template":"","meta":{"_seopress_robots_primary_cat":"","_seopress_titles_title":"","_seopress_titles_desc":"","_seopress_robots_index":""},"product_brand":[],"product_cat":[1348,1444,1514],"product_tag":[],"class_list":{"0":"post-78992","1":"product","2":"type-product","3":"status-publish","4":"has-post-thumbnail","6":"product_cat-damen-mode","7":"product_cat-unterwaesche","8":"product_cat-bodies","9":"product_shipping_class-standard-versand","11":"first","12":"instock","13":"sale","14":"taxable","15":"shipping-taxable","16":"purchasable","17":"product-type-simple"},"_links":{"self":[{"href":"https:\/\/www.soanam.de\/fr\/wp-json\/wp\/v2\/product\/78992","targetHints":{"allow":["GET"]}}],"collection":[{"href":"https:\/\/www.soanam.de\/fr\/wp-json\/wp\/v2\/product"}],"about":[{"href":"https:\/\/www.soanam.de\/fr\/wp-json\/wp\/v2\/types\/product"}],"replies":[{"embeddable":true,"href":"https:\/\/www.soanam.de\/fr\/wp-json\/wp\/v2\/comments?post=78992"}],"wp:featuredmedia":[{"embeddable":true,"href":"https:\/\/www.soanam.de\/fr\/wp-json\/wp\/v2\/media\/79098"}],"wp:attachment":[{"href":"https:\/\/www.soanam.de\/fr\/wp-json\/wp\/v2\/media?parent=78992"}],"wp:term":[{"taxonomy":"product_brand","embeddable":true,"href":"https:\/\/www.soanam.de\/fr\/wp-json\/wp\/v2\/product_brand?post=78992"},{"taxonomy":"product_cat","embeddable":true,"href":"https:\/\/www.soanam.de\/fr\/wp-json\/wp\/v2\/product_cat?post=78992"},{"taxonomy":"product_tag","embeddable":true,"href":"https:\/\/www.soanam.de\/fr\/wp-json\/wp\/v2\/product_tag?post=78992"}],"curies":[{"name":"wp","href":"https:\/\/api.w.org\/{rel}","templated":true}]}}