{"id":78989,"date":"2023-12-13T21:57:19","date_gmt":"2023-12-13T20:57:19","guid":{"rendered":"https:\/\/www.soanam.de\/?post_type=product&#038;p=78989"},"modified":"2023-12-13T21:59:38","modified_gmt":"2023-12-13T20:59:38","slug":"kmb-bottines-chelsea-en-daim-fin-noir-taille-39","status":"publish","type":"product","link":"https:\/\/www.soanam.de\/fr\/produkt\/kmb-chelsea-stiefelette-aus-feinem-veloursleder-schwarz-groesse-39\/","title":{"rendered":"KMB bottines chelsea en daim fin, noir, taille 39"},"content":{"rendered":"<h3>Description<\/h3>\n<p>Un cuir velours de haute qualit\u00e9 dans un noir chic, un empi\u00e8cement stretch en forme de V et une silhouette en forme d'amande avec un talon bloc font de ces bottines de KMB des compagnes de tous les jours au style affirm\u00e9.<\/p>\n<p>doubl\u00e9 en douceur avec un m\u00e9lange de cuir et de textile<br \/>\nla marque espagnole est synonyme de design insolite<br \/>\nsemelle ext\u00e9rieure antid\u00e9rapante<\/p>\n<p><strong>Plus de d\u00e9tails sur le produit<\/strong><\/p>\n<p>Dessus : cuir velours<br \/>\nMati\u00e8re int\u00e9rieure : cuir<br \/>\nSemelle int\u00e9rieure : cuir<br \/>\nfermeture : \u00e0 enfiler<br \/>\nSemelle : Synth\u00e9tique<br \/>\nHauteur du talon : 6<br \/>\nForme du talon : Talon bloc<br \/>\nPointe de la chaussure : ronde<br \/>\nType de dentelle : ferm\u00e9e<\/p>","protected":false},"excerpt":{"rendered":"<h3>Caract\u00e9ristiques de l'article<\/h3>\n<p>\u00c9tat de l'article : Nouveau avec \u00e9tiquette : article neuf, non utilis\u00e9 et non port\u00e9 dans son emballage d'origine<\/p>\n<table border=\"0\" frame=\"VOID\" rules=\"NONE\" cellspacing=\"0\">\n<colgroup>\n<col width=\"133\" \/>\n<col width=\"127\" \/><\/colgroup>\n<tbody>\n<tr>\n<td align=\"LEFT\" width=\"133\" height=\"17\">Absatzart:<\/td>\n<td align=\"LEFT\" width=\"127\">Blockabsatz<\/td>\n<\/tr>\n<tr>\n<td align=\"LEFT\" height=\"17\">Absatzh\u00f6he:<\/td>\n<td align=\"LEFT\">Mittel (5 bis 7,5 cm)<\/td>\n<\/tr>\n<tr>\n<td align=\"LEFT\" height=\"17\">Abteilung:<\/td>\n<td align=\"LEFT\">Damen<\/td>\n<\/tr>\n<tr>\n<td align=\"LEFT\" height=\"17\">Charakter:<\/td>\n<td align=\"LEFT\">ohne Angabe<\/td>\n<\/tr>\n<tr>\n<td align=\"LEFT\" height=\"17\">EU-Schuhgr\u00f6\u00dfe:<\/td>\n<td align=\"LEFT\">EUR 39<\/td>\n<\/tr>\n<tr>\n<td align=\"LEFT\" height=\"17\">couleur :<\/td>\n<td align=\"LEFT\">Noir<\/td>\n<\/tr>\n<tr>\n<td align=\"LEFT\" height=\"17\">Futtermaterial:<\/td>\n<td align=\"LEFT\">Leder-Textil-Mix<\/td>\n<\/tr>\n<tr>\n<td align=\"LEFT\" height=\"17\">Innensohlenmaterial:<\/td>\n<td align=\"LEFT\">Cuir<\/td>\n<\/tr>\n<tr>\n<td align=\"LEFT\" height=\"17\">Jahreszeit:<\/td>\n<td align=\"LEFT\">Fr\u00fchling, Herbst<\/td>\n<\/tr>\n<tr>\n<td align=\"LEFT\" height=\"17\">Laufsohlenmaterial:<\/td>\n<td align=\"LEFT\">Synthetik<\/td>\n<\/tr>\n<tr>\n<td align=\"LEFT\" height=\"17\">Marke:<\/td>\n<td align=\"LEFT\">KMB<\/td>\n<\/tr>\n<tr>\n<td align=\"LEFT\" height=\"17\">Modell:<\/td>\n<td align=\"LEFT\">A2623<\/td>\n<\/tr>\n<tr>\n<td align=\"LEFT\" height=\"17\">Mat\u00e9riau ext\u00e9rieur :<\/td>\n<td align=\"LEFT\">Wildleder<\/td>\n<\/tr>\n<tr>\n<td align=\"LEFT\" height=\"17\">Produktart:<\/td>\n<td align=\"LEFT\">Bottes<\/td>\n<\/tr>\n<tr>\n<td align=\"LEFT\" height=\"17\">Schuhgr\u00f6\u00dfe:<\/td>\n<td align=\"LEFT\">EUR 39<\/td>\n<\/tr>\n<tr>\n<td align=\"LEFT\" height=\"17\">Schuhschaft-Typ:<\/td>\n<td align=\"LEFT\">Kn\u00f6chel<\/td>\n<\/tr>\n<tr>\n<td align=\"LEFT\" height=\"17\">Schuhweite:<\/td>\n<td align=\"LEFT\">F<\/td>\n<\/tr>\n<tr>\n<td align=\"LEFT\" height=\"17\">Stil:<\/td>\n<td align=\"LEFT\">Stiefelette<\/td>\n<\/tr>\n<tr>\n<td align=\"LEFT\" height=\"17\">Thema:<\/td>\n<td align=\"LEFT\">Elegant<\/td>\n<\/tr>\n<tr>\n<td align=\"LEFT\" height=\"17\">UK-Schuhgr\u00f6\u00dfe:<\/td>\n<td align=\"LEFT\">UK 6<\/td>\n<\/tr>\n<tr>\n<td align=\"LEFT\" height=\"17\">US-Schuhgr\u00f6\u00dfe:<\/td>\n<td align=\"LEFT\">US 8<\/td>\n<\/tr>\n<tr>\n<td align=\"LEFT\" height=\"17\">Vintage:<\/td>\n<td align=\"LEFT\">Nein<\/td>\n<\/tr>\n<\/tbody>\n<\/table>","protected":false},"featured_media":79085,"comment_status":"open","ping_status":"closed","template":"","meta":{"_seopress_robots_primary_cat":"","_seopress_titles_title":"","_seopress_titles_desc":"","_seopress_robots_index":""},"product_brand":[],"product_cat":[1348,1360,1385,1482,1490],"product_tag":[],"class_list":{"0":"post-78989","1":"product","2":"type-product","3":"status-publish","4":"has-post-thumbnail","6":"product_cat-damen-mode","7":"product_cat-schuhe","8":"product_cat-stiefel","9":"product_cat-chelsea-boots","10":"product_cat-stiefeletten","11":"product_shipping_class-standard-versand","13":"first","14":"instock","15":"sale","16":"taxable","17":"shipping-taxable","18":"purchasable","19":"product-type-simple"},"_links":{"self":[{"href":"https:\/\/www.soanam.de\/fr\/wp-json\/wp\/v2\/product\/78989","targetHints":{"allow":["GET"]}}],"collection":[{"href":"https:\/\/www.soanam.de\/fr\/wp-json\/wp\/v2\/product"}],"about":[{"href":"https:\/\/www.soanam.de\/fr\/wp-json\/wp\/v2\/types\/product"}],"replies":[{"embeddable":true,"href":"https:\/\/www.soanam.de\/fr\/wp-json\/wp\/v2\/comments?post=78989"}],"wp:featuredmedia":[{"embeddable":true,"href":"https:\/\/www.soanam.de\/fr\/wp-json\/wp\/v2\/media\/79085"}],"wp:attachment":[{"href":"https:\/\/www.soanam.de\/fr\/wp-json\/wp\/v2\/media?parent=78989"}],"wp:term":[{"taxonomy":"product_brand","embeddable":true,"href":"https:\/\/www.soanam.de\/fr\/wp-json\/wp\/v2\/product_brand?post=78989"},{"taxonomy":"product_cat","embeddable":true,"href":"https:\/\/www.soanam.de\/fr\/wp-json\/wp\/v2\/product_cat?post=78989"},{"taxonomy":"product_tag","embeddable":true,"href":"https:\/\/www.soanam.de\/fr\/wp-json\/wp\/v2\/product_tag?post=78989"}],"curies":[{"name":"wp","href":"https:\/\/api.w.org\/{rel}","templated":true}]}}