{"id":78966,"date":"2023-12-13T21:56:51","date_gmt":"2023-12-13T20:56:51","guid":{"rendered":"https:\/\/www.soanam.de\/?post_type=product&#038;p=78966"},"modified":"2023-12-13T21:59:05","modified_gmt":"2023-12-13T20:59:05","slug":"lascana-schalen-bh-hemd-in-schwarz-groesse-90e","status":"publish","type":"product","link":"https:\/\/www.soanam.de\/fr\/produkt\/lascana-schalen-bh-hemd-in-schwarz-groesse-90e\/","title":{"rendered":"LASCANA Chemise soutien-gorge \u00e0 coques, en noir, taille 90E"},"content":{"rendered":"<p>Top mit integriertem Schalen-BH<br \/>\nUltrad\u00fcnne, flexible und atmungsaktive Schalen<br \/>\nEingearbeitete B\u00fcgel f\u00fcr einen optimalen Halt<br \/>\nHemdstoff aus feinem Microfasermaterial<\/p>\n<p>Die nahtlos vorgeformten Cups sind aus ultrad\u00fcnnem, flexiblen und atmungsaktiven Stoff, eingearbeitete B\u00fcgel sorgen f\u00fcr einen optimalen Halt und die Tr\u00e4ger sind individuell verstellbar.<br \/>\nDas Hemd ist aus angenehm weichem Microfasermaterial.<br \/>\nDas Top von LASCANA mit integriertem Schalen-BH ist ganz einfach super.<\/p>\n<p>Material: 79% Polyamid, 21% Elasthan<br \/>\nConseils d'entretien : Lavage \u00e0 la main<\/p>\n<p>couleur : noir<br \/>\n\u00c9chantillon : sans<br \/>\nGr\u00f6\u00dfe: 90E<\/p>\n<p>Tour de sous-poitrine : 90<br \/>\nTaille de bonnet : bonnet E<\/p>\n<p>longueur totale : 60cm<\/p>","protected":false},"excerpt":{"rendered":"<table class=\"dv_characteristicsTable\">\n<caption>\u00a0<\/caption>\n<tbody>\n<tr>\n<td class=\"left\">K\u00f6rbchengr\u00f6\u00dfe<\/td>\n<td>Cup E<\/td>\n<\/tr>\n<tr>\n<td class=\"left\">Unterbrustumfang<\/td>\n<td>90<\/td>\n<\/tr>\n<\/tbody>\n<\/table>\n<table class=\"dv_characteristicsTable\">\n<caption>\u00a0<\/caption>\n<tbody>\n<tr>\n<td class=\"left\">Couleur<\/td>\n<td>schwarz<\/td>\n<\/tr>\n<\/tbody>\n<\/table>\n<table class=\"dv_characteristicsTable\">\n<tbody>\n<tr>\n<td class=\"left\">Composition du mat\u00e9riau<\/td>\n<td>\u00a079% Polyamid, 21% Elasthan<\/td>\n<\/tr>\n<tr>\n<td class=\"left\">Conseils d'entretien<\/td>\n<td>Lavage \u00e0 la main<\/td>\n<\/tr>\n<\/tbody>\n<\/table>\n<table class=\"dv_characteristicsTable\">\n<tbody>\n<tr>\n<td class=\"left\">Stil<\/td>\n<td>klassisch<\/td>\n<\/tr>\n<\/tbody>\n<\/table>\n<table class=\"dv_characteristicsTable\">\n<tbody>\n<tr>\n<td class=\"left\">Cupdetails<\/td>\n<td>mit Schale<\/td>\n<\/tr>\n<tr>\n<td class=\"left\">B\u00fcgel<\/td>\n<td>mit B\u00fcgel<\/td>\n<\/tr>\n<\/tbody>\n<\/table>\n<table class=\"dv_characteristicsTable\">\n<tbody>\n<tr>\n<td class=\"left\">Verschluss<\/td>\n<td>Haken &amp; \u00d6sen<\/td>\n<\/tr>\n<\/tbody>\n<\/table>","protected":false},"featured_media":79073,"comment_status":"open","ping_status":"closed","template":"","meta":{"_seopress_robots_primary_cat":"","_seopress_titles_title":"","_seopress_titles_desc":"","_seopress_robots_index":""},"product_brand":[],"product_cat":[1348,1444,1516,1554],"product_tag":[],"class_list":{"0":"post-78966","1":"product","2":"type-product","3":"status-publish","4":"has-post-thumbnail","6":"product_cat-damen-mode","7":"product_cat-unterwaesche","8":"product_cat-bhs","9":"product_cat-unterhemden","10":"product_shipping_class-standard-versand","12":"first","13":"instock","14":"sale","15":"taxable","16":"shipping-taxable","17":"purchasable","18":"product-type-simple"},"_links":{"self":[{"href":"https:\/\/www.soanam.de\/fr\/wp-json\/wp\/v2\/product\/78966","targetHints":{"allow":["GET"]}}],"collection":[{"href":"https:\/\/www.soanam.de\/fr\/wp-json\/wp\/v2\/product"}],"about":[{"href":"https:\/\/www.soanam.de\/fr\/wp-json\/wp\/v2\/types\/product"}],"replies":[{"embeddable":true,"href":"https:\/\/www.soanam.de\/fr\/wp-json\/wp\/v2\/comments?post=78966"}],"wp:featuredmedia":[{"embeddable":true,"href":"https:\/\/www.soanam.de\/fr\/wp-json\/wp\/v2\/media\/79073"}],"wp:attachment":[{"href":"https:\/\/www.soanam.de\/fr\/wp-json\/wp\/v2\/media?parent=78966"}],"wp:term":[{"taxonomy":"product_brand","embeddable":true,"href":"https:\/\/www.soanam.de\/fr\/wp-json\/wp\/v2\/product_brand?post=78966"},{"taxonomy":"product_cat","embeddable":true,"href":"https:\/\/www.soanam.de\/fr\/wp-json\/wp\/v2\/product_cat?post=78966"},{"taxonomy":"product_tag","embeddable":true,"href":"https:\/\/www.soanam.de\/fr\/wp-json\/wp\/v2\/product_tag?post=78966"}],"curies":[{"name":"wp","href":"https:\/\/api.w.org\/{rel}","templated":true}]}}