{"id":78964,"date":"2023-12-13T21:56:50","date_gmt":"2023-12-13T20:56:50","guid":{"rendered":"https:\/\/www.soanam.de\/?post_type=product&#038;p=78964"},"modified":"2023-12-13T21:58:53","modified_gmt":"2023-12-13T20:58:53","slug":"republic-of-fritz-hansen-louise-bougeoir-argente-set-de-3-pieces","status":"publish","type":"product","link":"https:\/\/www.soanam.de\/fr\/produkt\/republic-of-fritz-hansen-louise-kerzenhalter-versilbert-3-stueck-set\/","title":{"rendered":"Republic of FRITZ HANSEN - Louise Bougeoir, Argent\u00e9 - Set de 3 pi\u00e8ces"},"content":{"rendered":"<h3>Description<\/h3>\n<p>Die Louise Kerzenhalter sind klein, aber unverwechselbar - wie die vielen anderen Designs von Grethe Meyer. Der d\u00e4nische Architekt und Designer benannte die Kerzenhalter nach Louisiana. Urspr\u00fcnglich bestanden die Kerzenhalter aus Aluminium, aber bei diesem Relaunch werden sie aus hochglanzpoliertem Edelstahl mit versilberter Oberfl\u00e4che geliefert. Die robusten Materialien verleihen Louise die Pers\u00f6nlichkeit und Exklusivit\u00e4t der Kerzenhalter, und das Hochglanzpolieren hinterl\u00e4sst eine sch\u00f6ne Oberfl\u00e4che, die mit der Zeit patiniert. Mit der Zeit wird die glatte und etwas k\u00fchle Oberfl\u00e4che w\u00e4rmer und sieht charakteristisch und elegant aus altem Silber aus. Die Louise Kerzenhalter k\u00f6nnen jederzeit wieder poliert werden. Die Kerzenhalter k\u00f6nnen gestapelt oder separat aufgestellt werden - und sie eignen sich sowohl f\u00fcr normale Kerzen als auch f\u00fcr Teelichter. Die Kerzenhalter sind sch\u00f6n und fast zylindrisch, wenn Sie sie stapeln. Ein stilvolles, funktionales Design.<\/p>\n<p><strong>Faits<\/strong><br \/>\nDescription du mat\u00e9riau : acier inoxydable argent\u00e9<br \/>\nMarque : Fritz Hansen<br \/>\nEAN : 5704890402610<br \/>\ncouleur : argent<br \/>\nID de la taille : \u00f8 6,9 cm, hauteur : 2,1 cm<\/p>","protected":false},"excerpt":{"rendered":"<h3>Caract\u00e9ristiques de l'article<\/h3>\n<p>\u00c9tat de l'article : Nouveau avec \u00e9tiquette : article neuf, non utilis\u00e9 et non port\u00e9 dans son emballage d'origine<\/p>\n<table border=\"0\" frame=\"VOID\" rules=\"NONE\" cellspacing=\"0\">\n<colgroup>\n<col width=\"186\" \/>\n<col width=\"137\" \/><\/colgroup>\n<tbody>\n<tr>\n<td align=\"LEFT\" width=\"186\" height=\"17\">Anzahl pro Packung:<\/td>\n<td align=\"LEFT\" width=\"137\">3<\/td>\n<\/tr>\n<tr>\n<td align=\"LEFT\" height=\"17\">Particularit\u00e9s :<\/td>\n<td align=\"LEFT\">versilbert<\/td>\n<\/tr>\n<tr>\n<td align=\"LEFT\" height=\"17\">EAN:<\/td>\n<td align=\"LEFT\">5704890402610<\/td>\n<\/tr>\n<tr>\n<td align=\"LEFT\" height=\"17\">couleur :<\/td>\n<td align=\"LEFT\">Argent<\/td>\n<\/tr>\n<tr>\n<td align=\"LEFT\" height=\"17\">Form:<\/td>\n<td align=\"LEFT\">Rund<\/td>\n<\/tr>\n<tr>\n<td align=\"LEFT\" height=\"17\">taille :<\/td>\n<td align=\"LEFT\">\u00f8 6,9 cm, h : 2,1 cm<\/td>\n<\/tr>\n<tr>\n<td align=\"LEFT\" height=\"17\">Herkunft:<\/td>\n<td align=\"LEFT\">inconnu<\/td>\n<\/tr>\n<tr>\n<td align=\"LEFT\" height=\"17\">Marke:<\/td>\n<td align=\"LEFT\">Fritz Hansen<\/td>\n<\/tr>\n<tr>\n<td align=\"LEFT\" height=\"17\">mat\u00e9riel :<\/td>\n<td align=\"LEFT\">Acier inoxydable argent\u00e9<\/td>\n<\/tr>\n<tr>\n<td align=\"LEFT\" height=\"17\">Produktart:<\/td>\n<td align=\"LEFT\">Teelichthalter<\/td>\n<\/tr>\n<tr>\n<td align=\"LEFT\" height=\"17\">Thema:<\/td>\n<td align=\"LEFT\">Edel<\/td>\n<\/tr>\n<\/tbody>\n<\/table>","protected":false},"featured_media":79061,"comment_status":"open","ping_status":"closed","template":"","meta":{"_seopress_robots_primary_cat":"","_seopress_titles_title":"","_seopress_titles_desc":"","_seopress_robots_index":""},"product_brand":[],"product_cat":[1400,1401],"product_tag":[],"class_list":{"0":"post-78964","1":"product","2":"type-product","3":"status-publish","4":"has-post-thumbnail","6":"product_cat-wohnzubehoer","7":"product_cat-haushaltswaren","8":"product_shipping_class-standard-versand","10":"first","11":"instock","12":"sale","13":"taxable","14":"shipping-taxable","15":"purchasable","16":"product-type-simple"},"_links":{"self":[{"href":"https:\/\/www.soanam.de\/fr\/wp-json\/wp\/v2\/product\/78964","targetHints":{"allow":["GET"]}}],"collection":[{"href":"https:\/\/www.soanam.de\/fr\/wp-json\/wp\/v2\/product"}],"about":[{"href":"https:\/\/www.soanam.de\/fr\/wp-json\/wp\/v2\/types\/product"}],"replies":[{"embeddable":true,"href":"https:\/\/www.soanam.de\/fr\/wp-json\/wp\/v2\/comments?post=78964"}],"wp:featuredmedia":[{"embeddable":true,"href":"https:\/\/www.soanam.de\/fr\/wp-json\/wp\/v2\/media\/79061"}],"wp:attachment":[{"href":"https:\/\/www.soanam.de\/fr\/wp-json\/wp\/v2\/media?parent=78964"}],"wp:term":[{"taxonomy":"product_brand","embeddable":true,"href":"https:\/\/www.soanam.de\/fr\/wp-json\/wp\/v2\/product_brand?post=78964"},{"taxonomy":"product_cat","embeddable":true,"href":"https:\/\/www.soanam.de\/fr\/wp-json\/wp\/v2\/product_cat?post=78964"},{"taxonomy":"product_tag","embeddable":true,"href":"https:\/\/www.soanam.de\/fr\/wp-json\/wp\/v2\/product_tag?post=78964"}],"curies":[{"name":"wp","href":"https:\/\/api.w.org\/{rel}","templated":true}]}}