{"id":78927,"date":"2023-12-13T21:56:00","date_gmt":"2023-12-13T20:56:00","guid":{"rendered":"https:\/\/www.soanam.de\/?post_type=product&#038;p=78927"},"modified":"2023-12-13T21:58:25","modified_gmt":"2023-12-13T20:58:25","slug":"clipper-exclusive-calecon-long-en-jean-bleu-chine-taille-5","status":"publish","type":"product","link":"https:\/\/www.soanam.de\/fr\/produkt\/clipper-exclusive-lange-unterhose-in-jeansblau-meliert-groesse-5\/","title":{"rendered":"Clipper Exclusive Cale\u00e7on long, en bleu jeans, chin\u00e9, taille 5"},"content":{"rendered":"<p>Cale\u00e7on long de Clipper Exclusive<br \/>\nAvec ouverture et ceinture \u00e9lastique douce<br \/>\nceinture et bas de jambe de couleur marine<br \/>\nEn pur coton<\/p>\n<p>Il n'est pas n\u00e9cessaire de baisser le pantalon gr\u00e2ce \u00e0 l'ouverture pratique.<br \/>\nL'aspect chin\u00e9 raffin\u00e9 apporte une touche urbaine, tandis que les passepoils fonc\u00e9s et les surpiq\u00fbres d\u00e9coratives apportent une touche vintage.<br \/>\nLes poignets \u00e9lastiques en stretch augmentent le confort de port en plus du mat\u00e9riau stretch doux.<\/p>\n<p>Mati\u00e8re : 100% coton<br \/>\nConseils d'entretien : Lavage en machine<\/p>\n<p>Couleur : bleu jeans, chin\u00e9<br \/>\n\u00c9chantillon : sans<br \/>\nTaille : 5<\/p>\n<p>Longueur d'entrejambe : 69cm<br \/>\nlongueur totale : 102cm<\/p>","protected":false},"excerpt":{"rendered":"<table class=\"dv_characteristicsTable\">\n<tbody>\n<tr>\n<td class=\"left\">Taille<\/td>\n<td>5<\/td>\n<\/tr>\n<tr>\n<td class=\"left\">Gr\u00f6\u00dfentyp<\/td>\n<td>Normalgr\u00f6\u00dfen<\/td>\n<\/tr>\n<\/tbody>\n<\/table>\n<table class=\"dv_characteristicsTable\">\n<caption>FARBE<\/caption>\n<tbody>\n<tr>\n<td class=\"left\">Couleur<\/td>\n<td>marine<\/td>\n<\/tr>\n<\/tbody>\n<\/table>\n<table class=\"dv_characteristicsTable\">\n<caption>PRODUKTDETAILS<\/caption>\n<tbody>\n<tr>\n<td class=\"left\">Conseils d'entretien<\/td>\n<td>Lavage en machine<\/td>\n<\/tr>\n<\/tbody>\n<\/table>\n<table class=\"dv_characteristicsTable\">\n<caption>PASSFORM\/SCHNITT<\/caption>\n<tbody>\n<tr>\n<td class=\"left\">Beinform<\/td>\n<td>eng anliegend<\/td>\n<\/tr>\n<tr>\n<td class=\"left\">Beinabschluss<\/td>\n<td>angesetztes B\u00fcndchen<\/td>\n<\/tr>\n<tr>\n<td class=\"left\">Bundabschluss<\/td>\n<td>angesetztes B\u00fcndchen<\/td>\n<\/tr>\n<tr>\n<td class=\"left\">Coupe<\/td>\n<td>k\u00f6rpernah<\/td>\n<\/tr>\n<\/tbody>\n<\/table>\n<table class=\"dv_characteristicsTable\">\n<caption>OPTIK\/STIL<\/caption>\n<tbody>\n<tr>\n<td class=\"left\">Optik<\/td>\n<td>meliert<\/td>\n<\/tr>\n<\/tbody>\n<\/table>\n<table class=\"dv_characteristicsTable\">\n<caption>MAT\u00c9RIEL<\/caption>\n<tbody>\n<tr>\n<td class=\"left\">Composition du mat\u00e9riau<\/td>\n<td>Obermaterial: 100% Baumwolle<\/td>\n<\/tr>\n<tr>\n<td class=\"left\">Materialeigenschaften<\/td>\n<td>dehnbar<\/td>\n<\/tr>\n<\/tbody>\n<\/table>","protected":false},"featured_media":79039,"comment_status":"open","ping_status":"closed","template":"","meta":{"_seopress_robots_primary_cat":"","_seopress_titles_title":"","_seopress_titles_desc":"","_seopress_robots_index":""},"product_brand":[],"product_cat":[1345,1549,1551],"product_tag":[],"class_list":{"0":"post-78927","1":"product","2":"type-product","3":"status-publish","4":"has-post-thumbnail","6":"product_cat-herrenmode","7":"product_cat-unterwaesche-herrenmode","8":"product_cat-lange-unterhosen","9":"product_shipping_class-standard-versand","11":"first","12":"instock","13":"sale","14":"taxable","15":"shipping-taxable","16":"purchasable","17":"product-type-simple"},"_links":{"self":[{"href":"https:\/\/www.soanam.de\/fr\/wp-json\/wp\/v2\/product\/78927","targetHints":{"allow":["GET"]}}],"collection":[{"href":"https:\/\/www.soanam.de\/fr\/wp-json\/wp\/v2\/product"}],"about":[{"href":"https:\/\/www.soanam.de\/fr\/wp-json\/wp\/v2\/types\/product"}],"replies":[{"embeddable":true,"href":"https:\/\/www.soanam.de\/fr\/wp-json\/wp\/v2\/comments?post=78927"}],"wp:featuredmedia":[{"embeddable":true,"href":"https:\/\/www.soanam.de\/fr\/wp-json\/wp\/v2\/media\/79039"}],"wp:attachment":[{"href":"https:\/\/www.soanam.de\/fr\/wp-json\/wp\/v2\/media?parent=78927"}],"wp:term":[{"taxonomy":"product_brand","embeddable":true,"href":"https:\/\/www.soanam.de\/fr\/wp-json\/wp\/v2\/product_brand?post=78927"},{"taxonomy":"product_cat","embeddable":true,"href":"https:\/\/www.soanam.de\/fr\/wp-json\/wp\/v2\/product_cat?post=78927"},{"taxonomy":"product_tag","embeddable":true,"href":"https:\/\/www.soanam.de\/fr\/wp-json\/wp\/v2\/product_tag?post=78927"}],"curies":[{"name":"wp","href":"https:\/\/api.w.org\/{rel}","templated":true}]}}