{"id":78924,"date":"2023-12-13T21:55:59","date_gmt":"2023-12-13T20:55:59","guid":{"rendered":"https:\/\/www.soanam.de\/?post_type=product&#038;p=78924"},"modified":"2023-12-13T21:58:08","modified_gmt":"2023-12-13T20:58:08","slug":"lascana-longbluse-mit-spitzeneinsaetzen-in-weiss-groesse-52-54","status":"publish","type":"product","link":"https:\/\/www.soanam.de\/fr\/produkt\/lascana-longbluse-mit-spitzeneinsaetzen-in-weiss-groesse-52-54\/","title":{"rendered":"LASCANA Longbluse mit Spitzeneins\u00e4tzen, in Wei\u00df, Gr\u00f6\u00dfe 52\/54"},"content":{"rendered":"<p>Blusenkleid mit Spitzeneins\u00e4tzen<br \/>\nV-Ausschnitt mit Blende<br \/>\nTransparente Spitzeneins\u00e4tze vorne<br \/>\nLange \u00c4rmel in weiter Form<br \/>\nGestufte Eins\u00e4tze im Rockteil<br \/>\nViscose tiss\u00e9e<\/p>\n<p>Der V-Ausschnitt mit Blende sorgt gemeinsam mit den dezenten Bahnen aus filigraner Spitze f\u00fcr einen Hauch von Boh\u00e8me.<br \/>\nDie \u00c4rmel und das gestufte Rockteil sind leicht ausgestellt, die weiche, gewebte Viskose gew\u00e4hrleistet einen hohen Tragekomfort der legeren Longbluse.<\/p>\n<p>Material: Obermaterial: 100% Viskose. Spitze: 100% Baumwolle<br \/>\nConseils d'entretien : Lavage en machine<\/p>\n<p>couleur : blanc<br \/>\nMuster: Spitzeneins\u00e4tze<br \/>\nGr\u00f6\u00dfe: 52\/54<\/p>\n<p>Largeur des \u00e9paules : 52cm<br \/>\nTour de poitrine : 148cm<br \/>\nLongueur des manches : 61cm<br \/>\nlongueur totale : 88cm<\/p>","protected":false},"excerpt":{"rendered":"<table class=\"dv_characteristicsTable\">\n<tbody>\n<tr>\n<td class=\"left\">Taille<\/td>\n<td>52\/54<\/td>\n<\/tr>\n<tr>\n<td class=\"left\">Gr\u00f6\u00dfentyp<\/td>\n<td>Normalgr\u00f6\u00dfen<\/td>\n<\/tr>\n<tr>\n<td class=\"left\">Composition du mat\u00e9riau<\/td>\n<td>Obermaterial: 100% Viskose. Spitze: 100% Baumwolle<\/td>\n<\/tr>\n<tr>\n<td class=\"left\">Materialart<\/td>\n<td>Web<\/td>\n<\/tr>\n<tr>\n<td class=\"left\">Conseils d'entretien<\/td>\n<td>Lavage en machine<\/td>\n<\/tr>\n<tr>\n<td class=\"left\">Stil<\/td>\n<td>modisch<\/td>\n<\/tr>\n<tr>\n<td class=\"left\">Couleur<\/td>\n<td>blanc cass\u00e9<\/td>\n<\/tr>\n<tr>\n<td class=\"left\">Ausschnitt<\/td>\n<td>Encolure en V<\/td>\n<\/tr>\n<tr>\n<td class=\"left\">\u00c4rmel<\/td>\n<td>Manches longues<\/td>\n<\/tr>\n<tr>\n<td class=\"left\">\u00c4rmelabschluss<\/td>\n<td>Volant<\/td>\n<\/tr>\n<tr>\n<td class=\"left\">Coupe<\/td>\n<td>figurumspielend<\/td>\n<\/tr>\n<tr>\n<td class=\"left\">Schnittdetails<\/td>\n<td>hinten l\u00e4nger geschnitten<\/td>\n<\/tr>\n<tr>\n<td class=\"left\">Schnittform L\u00e4nge<\/td>\n<td>kurz<\/td>\n<\/tr>\n<tr>\n<td class=\"left\">Applikationen<\/td>\n<td>Spitzenb\u00e4nder<\/td>\n<\/tr>\n<tr>\n<td class=\"left\">Besondere Merkmale<\/td>\n<td>mit Spitzeneins\u00e4tzen<\/td>\n<\/tr>\n<\/tbody>\n<\/table>","protected":false},"featured_media":79022,"comment_status":"open","ping_status":"closed","template":"","meta":{"_seopress_robots_primary_cat":"","_seopress_titles_title":"","_seopress_titles_desc":"","_seopress_robots_index":""},"product_brand":[],"product_cat":[1348,1379,1414,1415,1541],"product_tag":[],"class_list":{"0":"post-78924","1":"product","2":"type-product","3":"status-publish","4":"has-post-thumbnail","6":"product_cat-damen-mode","7":"product_cat-kleider","8":"product_cat-blusen","9":"product_cat-langarm","10":"product_cat-freizeitkleider","11":"product_shipping_class-standard-versand","13":"first","14":"instock","15":"sale","16":"taxable","17":"shipping-taxable","18":"purchasable","19":"product-type-simple"},"_links":{"self":[{"href":"https:\/\/www.soanam.de\/fr\/wp-json\/wp\/v2\/product\/78924","targetHints":{"allow":["GET"]}}],"collection":[{"href":"https:\/\/www.soanam.de\/fr\/wp-json\/wp\/v2\/product"}],"about":[{"href":"https:\/\/www.soanam.de\/fr\/wp-json\/wp\/v2\/types\/product"}],"replies":[{"embeddable":true,"href":"https:\/\/www.soanam.de\/fr\/wp-json\/wp\/v2\/comments?post=78924"}],"wp:featuredmedia":[{"embeddable":true,"href":"https:\/\/www.soanam.de\/fr\/wp-json\/wp\/v2\/media\/79022"}],"wp:attachment":[{"href":"https:\/\/www.soanam.de\/fr\/wp-json\/wp\/v2\/media?parent=78924"}],"wp:term":[{"taxonomy":"product_brand","embeddable":true,"href":"https:\/\/www.soanam.de\/fr\/wp-json\/wp\/v2\/product_brand?post=78924"},{"taxonomy":"product_cat","embeddable":true,"href":"https:\/\/www.soanam.de\/fr\/wp-json\/wp\/v2\/product_cat?post=78924"},{"taxonomy":"product_tag","embeddable":true,"href":"https:\/\/www.soanam.de\/fr\/wp-json\/wp\/v2\/product_tag?post=78924"}],"curies":[{"name":"wp","href":"https:\/\/api.w.org\/{rel}","templated":true}]}}