{"id":78902,"date":"2023-12-13T21:55:33","date_gmt":"2023-12-13T20:55:33","guid":{"rendered":"https:\/\/www.soanam.de\/?post_type=product&#038;p=78902"},"modified":"2023-12-13T21:57:34","modified_gmt":"2023-12-13T20:57:34","slug":"pantalons-7-8-en-stretch-peu-froissables-caramel-taille-44","status":"publish","type":"product","link":"https:\/\/www.soanam.de\/fr\/produkt\/gepflegte-7-8-hose-in-knitterarmer-stretch-qualitaet-caramel-gr-44\/","title":{"rendered":"Pantalon 7\/8 soign\u00e9 en qualit\u00e9 stretch infroissable, caramel, taille 44"},"content":{"rendered":"<h3>Description<\/h3>\n<p>Un pantalon 7\/8 soign\u00e9 en qualit\u00e9 stretch infroissable a sa place dans la mode et ne fait pas seulement sensation au bureau. Avec une blouse et des sneakers, on cr\u00e9e en un clin d'\u0153il un look casual styl\u00e9. Pour un look plus business, il suffit de le combiner avec le blazer assorti pour obtenir un tailleur-pantalon \u00e9l\u00e9gant. Le pantalon a une coupe droite et des poches lat\u00e9rales zipp\u00e9es. La taille extensible \u00e9lastique et les deux pinces dans le dos assurent une tenue parfaite.<\/p>\n<p><strong>Dimensions du produit<\/strong><br \/>\nLongueur env. 94 cm, \u00e0 la cheville. Largeur de l'ourlet env. 34 cm.<\/p>\n<p><strong>Mat\u00e9riau<\/strong><br \/>\nExt\u00e9rieur : 65% polyester, 30% viscose, 5% \u00e9lasthanne.<\/p>\n<p><strong>Soins<\/strong><br \/>\nLavage en machine<\/p>","protected":false},"excerpt":{"rendered":"<h3>Caract\u00e9ristiques de l'article<\/h3>\n<p>\u00c9tat de l'article : Nouveau avec \u00e9tiquette : article neuf, non utilis\u00e9 et non port\u00e9 dans son emballage d'origine<\/p>\n<table border=\"0\" frame=\"VOID\" rules=\"NONE\" cellspacing=\"0\">\n<colgroup>\n<col width=\"118\" \/>\n<col width=\"216\" \/><\/colgroup>\n<tbody>\n<tr>\n<td align=\"LEFT\" width=\"118\" height=\"17\">Abteilung:<\/td>\n<td align=\"LEFT\" width=\"216\">Damen<\/td>\n<\/tr>\n<tr>\n<td align=\"LEFT\" height=\"17\">Anlass:<\/td>\n<td align=\"LEFT\">Business<\/td>\n<\/tr>\n<tr>\n<td align=\"LEFT\" height=\"17\">Beinform:<\/td>\n<td align=\"LEFT\">Gerades Bein<\/td>\n<\/tr>\n<tr>\n<td align=\"LEFT\" height=\"17\">Particularit\u00e9s :<\/td>\n<td align=\"LEFT\">Stretch<\/td>\n<\/tr>\n<tr>\n<td align=\"LEFT\" height=\"17\">couleur :<\/td>\n<td align=\"LEFT\">Marron<\/td>\n<\/tr>\n<tr>\n<td align=\"LEFT\" height=\"17\">Gewebeart:<\/td>\n<td align=\"LEFT\">Mischgewebe<\/td>\n<\/tr>\n<tr>\n<td align=\"LEFT\" height=\"17\">taille :<\/td>\n<td align=\"LEFT\">44<\/td>\n<\/tr>\n<tr>\n<td align=\"LEFT\" height=\"17\">Gr\u00f6\u00dfenkategorie:<\/td>\n<td align=\"LEFT\">Normalgr\u00f6\u00dfe<\/td>\n<\/tr>\n<tr>\n<td align=\"LEFT\" height=\"17\">Jahreszeit:<\/td>\n<td align=\"LEFT\">Fr\u00fchling, Herbst, Sommer, Winter<\/td>\n<\/tr>\n<tr>\n<td align=\"LEFT\" height=\"17\">Marke:<\/td>\n<td align=\"LEFT\">Sans marque<\/td>\n<\/tr>\n<tr>\n<td align=\"LEFT\" height=\"17\">mat\u00e9riel :<\/td>\n<td align=\"LEFT\">polyester, viscose<\/td>\n<\/tr>\n<tr>\n<td align=\"LEFT\" height=\"17\">\u00e9chantillon :<\/td>\n<td align=\"LEFT\">Ohne Muster<\/td>\n<\/tr>\n<tr>\n<td align=\"LEFT\" height=\"17\">Produktart:<\/td>\n<td align=\"LEFT\">Pantalons<\/td>\n<\/tr>\n<tr>\n<td align=\"LEFT\" height=\"17\">Schrittl\u00e4nge:<\/td>\n<td align=\"LEFT\">ohne Angabe<\/td>\n<\/tr>\n<tr>\n<td align=\"LEFT\" height=\"17\">Stil:<\/td>\n<td align=\"LEFT\">Anzughose<\/td>\n<\/tr>\n<tr>\n<td align=\"LEFT\" height=\"17\">Taillenumfang:<\/td>\n<td align=\"LEFT\">ohne Angabe<\/td>\n<\/tr>\n<tr>\n<td align=\"LEFT\" height=\"17\">Thema:<\/td>\n<td align=\"LEFT\">Elegant<\/td>\n<\/tr>\n<tr>\n<td align=\"LEFT\" height=\"17\">Verschluss:<\/td>\n<td align=\"LEFT\">Fermeture \u00e0 glissi\u00e8re<\/td>\n<\/tr>\n<tr>\n<td align=\"LEFT\" height=\"17\">Vintage:<\/td>\n<td align=\"LEFT\">Nein<\/td>\n<\/tr>\n<\/tbody>\n<\/table>","protected":false},"featured_media":79000,"comment_status":"open","ping_status":"closed","template":"","meta":{"_seopress_robots_primary_cat":"","_seopress_titles_title":"","_seopress_titles_desc":"","_seopress_robots_index":""},"product_brand":[],"product_cat":[1348,1349,1433],"product_tag":[],"class_list":{"0":"post-78902","1":"product","2":"type-product","3":"status-publish","4":"has-post-thumbnail","6":"product_cat-damen-mode","7":"product_cat-hosen-damen-mode","8":"product_cat-7-8-hosen","9":"product_shipping_class-standard-versand","11":"first","12":"instock","13":"sale","14":"taxable","15":"shipping-taxable","16":"purchasable","17":"product-type-simple"},"_links":{"self":[{"href":"https:\/\/www.soanam.de\/fr\/wp-json\/wp\/v2\/product\/78902","targetHints":{"allow":["GET"]}}],"collection":[{"href":"https:\/\/www.soanam.de\/fr\/wp-json\/wp\/v2\/product"}],"about":[{"href":"https:\/\/www.soanam.de\/fr\/wp-json\/wp\/v2\/types\/product"}],"replies":[{"embeddable":true,"href":"https:\/\/www.soanam.de\/fr\/wp-json\/wp\/v2\/comments?post=78902"}],"wp:featuredmedia":[{"embeddable":true,"href":"https:\/\/www.soanam.de\/fr\/wp-json\/wp\/v2\/media\/79000"}],"wp:attachment":[{"href":"https:\/\/www.soanam.de\/fr\/wp-json\/wp\/v2\/media?parent=78902"}],"wp:term":[{"taxonomy":"product_brand","embeddable":true,"href":"https:\/\/www.soanam.de\/fr\/wp-json\/wp\/v2\/product_brand?post=78902"},{"taxonomy":"product_cat","embeddable":true,"href":"https:\/\/www.soanam.de\/fr\/wp-json\/wp\/v2\/product_cat?post=78902"},{"taxonomy":"product_tag","embeddable":true,"href":"https:\/\/www.soanam.de\/fr\/wp-json\/wp\/v2\/product_tag?post=78902"}],"curies":[{"name":"wp","href":"https:\/\/api.w.org\/{rel}","templated":true}]}}